{"id":7127,"date":"2022-05-24T15:17:14","date_gmt":"2022-05-24T13:17:14","guid":{"rendered":"https:\/\/fuglebutikken.no\/butikk\/ukategorisert\/ekstra-feste-til-lampeholder-exoterra-3-8x21-6x-54cm\/"},"modified":"2025-09-06T15:39:34","modified_gmt":"2025-09-06T13:39:34","slug":"ekstra-feste-til-lampeholder-exoterra-3-8x21-6x-54cm","status":"publish","type":"product","link":"https:\/\/fuglebutikken.no\/en\/butikk\/fugl-som-hobby\/fugl\/lys-varme-fugl\/paereholder\/ekstra-feste-til-lampeholder-exoterra-3-8x21-6x-54cm\/","title":{"rendered":"Ekstra feste til Lampeholder ExoTerra 3.8\u00d721.6x 54cm"},"content":{"rendered":"<h2>Ekstra feste til Lampeholder ExoTerra 3.8\u00d721.6x 54cm<\/h2>\n<p>Oppdag den perfekte l\u00f8sningen for \u00e5 sikre lampene dine med Ekstra feste til Lampeholder ExoTerra. Denne robuste st\u00f8ttebasen gir ekstra stabilitet til lysarmen, noe som er essensielt for \u00e5 skape det ideelle milj\u00f8et for terrariet ditt.<\/p>\n<h3>N\u00f8kkelfordeler<\/h3>\n<p>Med Ekstra feste til Lampeholder ExoTerra f\u00e5r du en p\u00e5litelig og enkel m\u00e5te \u00e5 feste lampen p\u00e5. Det gir ikke bare st\u00f8tte, men reduserer ogs\u00e5 risikoen for utilsiktede skader p\u00e5 terrariets innhold. Den er spesialdesignet for \u00e5 passe perfekt med Exo Terra Light Bracket, noe som sikrer optimal ytelse.<\/p>\n<h3>Bruksanvisning<\/h3>\n<p>F\u00f8r du fester delen, s\u00f8rg for \u00e5 rengj\u00f8re glasset med avfettingsmiddel for best resultat. La festevaren limt p\u00e5 glasset i omtrent en time f\u00f8r du setter belastning p\u00e5 armen, som lampen eller p\u00e6reholderen. Pass ogs\u00e5 p\u00e5 at glasset har normal innetemperatur f\u00f8r du begynner monteringen for \u00e5 sikre maksimal vedheft.<\/p>\n<h3>Ekstra informasjon<\/h3>\n<p>Dette ekstra festet er en uunnv\u00e6rlig del for alle som \u00f8nsker \u00e5 opprettholde et trygg og stabilt terrarium. Det er enkelt \u00e5 bruke og gir deg den tryggheten du trenger for \u00e5 fokusere p\u00e5 det som virkelig betyr noe \u2014 \u00e5 ta vare p\u00e5 dyrene dine.<\/p>","protected":false},"excerpt":{"rendered":"<h3>Ekstra feste til Lampeholder ExoTerra 3.8\u00d721.6x 54cm<\/h3>\n<p>Exo Terra Light Bracket Adhesive Support Base er en reservedel for Exo Terra Light Bracket (tro220.7066). N\u00e5r det er festet til terrariet, fungerer det som en st\u00f8ttende del for lysarmen.<\/p>\n<ul>\n<li>Rengj\u00f8r glasset med avfettingsmiddel f\u00f8r du fester delen.<\/li>\n<li>La delen v\u00e6re limt p\u00e5 glasset en timestid f\u00f8r du setter belastning p\u00e5 armen (lampe\/p\u00e6reholder)<\/li>\n<li>Glasset b\u00f8r ha normal innetemperatur f\u00f8r du limer p\u00e5 ekstra feste<\/li>\n<\/ul>","protected":false},"featured_media":21298,"comment_status":"closed","ping_status":"closed","template":"","meta":{"content-type":"","_uf_show_specific_survey":0,"_uf_disable_surveys":false,"_monsterinsights_skip_tracking":false,"_monsterinsights_sitenote_active":false,"_monsterinsights_sitenote_note":"","_monsterinsights_sitenote_category":0},"pwb-brand":[659],"product_brand":[],"product_cat":[41,1147,2200,1804,2116,1496],"product_tag":[3036],"woo-feed-brand":[],"class_list":{"0":"post-7127","1":"product","2":"type-product","3":"status-publish","4":"has-post-thumbnail","6":"pwb-brand-exoterra","7":"product_cat-fugl","8":"product_cat-fugl-som-hobby","9":"product_cat-lys-varme-fugl","10":"product_cat-lys-varme-paerer","11":"product_cat-lys-varme-reptil","12":"product_cat-paereholder","13":"product_tag-terrarium-lys-og-varme","15":"first","16":"instock","17":"taxable","18":"shipping-taxable","19":"purchasable","20":"product-type-simple"},"exclude_global_add_ons":[],"addons":[],"brands":[{"id":659,"name":"Exoterra","slug":"exoterra"}],"_links":{"self":[{"href":"https:\/\/fuglebutikken.no\/en\/wp-json\/wp\/v2\/product\/7127","targetHints":{"allow":["GET"]}}],"collection":[{"href":"https:\/\/fuglebutikken.no\/en\/wp-json\/wp\/v2\/product"}],"about":[{"href":"https:\/\/fuglebutikken.no\/en\/wp-json\/wp\/v2\/types\/product"}],"replies":[{"embeddable":true,"href":"https:\/\/fuglebutikken.no\/en\/wp-json\/wp\/v2\/comments?post=7127"}],"wp:featuredmedia":[{"embeddable":true,"href":"https:\/\/fuglebutikken.no\/en\/wp-json\/wp\/v2\/media\/21298"}],"wp:attachment":[{"href":"https:\/\/fuglebutikken.no\/en\/wp-json\/wp\/v2\/media?parent=7127"}],"wp:term":[{"taxonomy":"pwb-brand","embeddable":true,"href":"https:\/\/fuglebutikken.no\/en\/wp-json\/wp\/v2\/pwb-brand?post=7127"},{"taxonomy":"product_brand","embeddable":true,"href":"https:\/\/fuglebutikken.no\/en\/wp-json\/wp\/v2\/product_brand?post=7127"},{"taxonomy":"product_cat","embeddable":true,"href":"https:\/\/fuglebutikken.no\/en\/wp-json\/wp\/v2\/product_cat?post=7127"},{"taxonomy":"product_tag","embeddable":true,"href":"https:\/\/fuglebutikken.no\/en\/wp-json\/wp\/v2\/product_tag?post=7127"},{"taxonomy":"woo-feed-brand","embeddable":true,"href":"https:\/\/fuglebutikken.no\/en\/wp-json\/wp\/v2\/woo-feed-brand?post=7127"}],"curies":[{"name":"wp","href":"https:\/\/api.w.org\/{rel}","templated":true}]}}