{"id":7120,"date":"2020-03-01T14:41:58","date_gmt":"2020-03-01T13:41:58","guid":{"rendered":"https:\/\/fuglebutikken.no\/butikk\/ukategorisert\/jr-farm-trestamme-hengende-fylt-120gr\/"},"modified":"2025-11-11T14:32:17","modified_gmt":"2025-11-11T13:32:17","slug":"jr-farm-trestamme-hengende-fylt-120gr","status":"publish","type":"product","link":"https:\/\/fuglebutikken.no\/en\/butikk\/fugl-som-hobby\/fugl\/spise\/fuglemat-til-undulater-papeg-yer-og-burfugler\/fuglesnacks\/jr-farm-trestamme-hengende-fylt-120gr\/","title":{"rendered":"JR Farm trestamme hengende fylt 120gr"},"content":{"rendered":"<h2>JR Farm trestamme hengende fylt 120gr<\/h2>\n<p>Tilskuddsf\u00f4r til alle gnagere og dvergkaniner, ogs\u00e5 bra for burfugler<\/p>\n<p>Sammensetting<br \/>\nHardved, fyll: (persille 32%, La Plata hirse, ertestivelse, maisflak, manna hirse, ringblomst 2,6%, roseblomster)<\/p>\n<p>Innholdsfortegnelse<br \/>\nAnalytiske komponenter i fyllet: protein 10,4 %, fettinnhold 2,7 %, r\u00e5fiber 6,5 %, r\u00e5aske 6,1 %, kalsium 3420 mg\/kg, fosfor 1422 mg\/kg, natrium 380 mg\/kg.<\/p>","protected":false},"excerpt":{"rendered":"<h3>JR Farm trestamme hengende fylt 120gr<\/h3>\n<div class=\"jhH5U\">\n<div id=\"tw-ob\" class=\"tw-src-ltr\">\n<div class=\"oSioSc\">\n<div id=\"tw-target\">\n<div id=\"kAz1tf\" class=\"g9WsWb\">\n<div id=\"tw-target-text-container\" class=\"tw-ta-container hide-focus-ring tw-nfl\">\n<p class=\"tw-data-text tw-text-large XcVN5d tw-ta\" dir=\"ltr\" data-placeholder=\"Oversettelse\"><span lang=\"no\">For \u00e5 bite og gnage! Naturlig tre med en fylling laget av blomster og urter.<br \/>\n<\/span><\/p>\n<p>JR FARM Roll\u2019n\u2019Fun \u2013 Gnagg og napp! Naturlig tre med fyll av ringblomster og urter. F\u00f4ringsanbefaling: Beregnet som mellomm\u00e5ltid. Tilleggsf\u00f4r til alle gnagere og dvergkaniner.<\/p>\n<p>Ingredienser: L\u00f8vtre, fyll (persille 32%, stivelse, r\u00f8d hirse, gul hirse, maisflak, ringblomst 2,6%, roseblomster).<\/p>\n<p id=\"tw-target-text\" class=\"tw-data-text tw-text-large XcVN5d tw-ta\" dir=\"ltr\" data-placeholder=\"Oversettelse\"><span lang=\"no\">&nbsp;<\/span><\/p>\n<\/div>\n<\/div>\n<\/div>\n<\/div>\n<\/div>\n<\/div>","protected":false},"featured_media":23936,"comment_status":"open","ping_status":"closed","template":"","meta":{"content-type":"","_uf_show_specific_survey":0,"_uf_disable_surveys":false,"_monsterinsights_skip_tracking":false,"_monsterinsights_sitenote_active":false,"_monsterinsights_sitenote_note":"","_monsterinsights_sitenote_category":0},"pwb-brand":[1296],"product_brand":[],"product_cat":[41,1147,3285,62],"product_tag":[3294],"woo-feed-brand":[],"class_list":{"0":"post-7120","1":"product","2":"type-product","3":"status-publish","4":"has-post-thumbnail","6":"pwb-brand-jrfarm","7":"product_cat-fugl","8":"product_cat-fugl-som-hobby","9":"product_cat-fuglemat-til-undulater-papeg-yer-og-burfugler","10":"product_cat-fuglesnacks","11":"product_tag-fr-stenger-og-hirsekolber","13":"first","14":"instock","15":"taxable","16":"shipping-taxable","17":"purchasable","18":"product-type-simple"},"exclude_global_add_ons":[],"addons":[],"brands":[{"id":1296,"name":"JRFarm","slug":"jrfarm"}],"_links":{"self":[{"href":"https:\/\/fuglebutikken.no\/en\/wp-json\/wp\/v2\/product\/7120","targetHints":{"allow":["GET"]}}],"collection":[{"href":"https:\/\/fuglebutikken.no\/en\/wp-json\/wp\/v2\/product"}],"about":[{"href":"https:\/\/fuglebutikken.no\/en\/wp-json\/wp\/v2\/types\/product"}],"replies":[{"embeddable":true,"href":"https:\/\/fuglebutikken.no\/en\/wp-json\/wp\/v2\/comments?post=7120"}],"wp:featuredmedia":[{"embeddable":true,"href":"https:\/\/fuglebutikken.no\/en\/wp-json\/wp\/v2\/media\/23936"}],"wp:attachment":[{"href":"https:\/\/fuglebutikken.no\/en\/wp-json\/wp\/v2\/media?parent=7120"}],"wp:term":[{"taxonomy":"pwb-brand","embeddable":true,"href":"https:\/\/fuglebutikken.no\/en\/wp-json\/wp\/v2\/pwb-brand?post=7120"},{"taxonomy":"product_brand","embeddable":true,"href":"https:\/\/fuglebutikken.no\/en\/wp-json\/wp\/v2\/product_brand?post=7120"},{"taxonomy":"product_cat","embeddable":true,"href":"https:\/\/fuglebutikken.no\/en\/wp-json\/wp\/v2\/product_cat?post=7120"},{"taxonomy":"product_tag","embeddable":true,"href":"https:\/\/fuglebutikken.no\/en\/wp-json\/wp\/v2\/product_tag?post=7120"},{"taxonomy":"woo-feed-brand","embeddable":true,"href":"https:\/\/fuglebutikken.no\/en\/wp-json\/wp\/v2\/woo-feed-brand?post=7120"}],"curies":[{"name":"wp","href":"https:\/\/api.w.org\/{rel}","templated":true}]}}