{"id":6900,"date":"2022-04-15T20:10:00","date_gmt":"2022-04-15T18:10:00","guid":{"rendered":"https:\/\/fuglebutikken.no\/butikk\/ukategorisert\/handoppmating-fuglesonde-sett-komplett\/"},"modified":"2025-11-11T14:47:14","modified_gmt":"2025-11-11T13:47:14","slug":"handoppmating-fuglesonde-sett-komplett","status":"publish","type":"product","link":"https:\/\/fuglebutikken.no\/en\/butikk\/fugl-som-hobby\/fugl\/pleie\/utstyr-for-mating-og-h-ndoppmating-fugl\/handoppmating-fuglesonde-sett-komplett\/","title":{"rendered":"H\u00e5ndoppmating -fuglesonde sett komplett"},"content":{"rendered":"<h1>H\u00e5ndoppmating -fuglesonde sett komplett<\/h1>","protected":false},"excerpt":{"rendered":"<p>H\u00e5ndoppmating -fuglesonde sett komplett<\/p>\n<ul>\n<li>oppmating av fugleunger<\/li>\n<li>Spr\u00f8ytekapasitet: 20ml.<\/li>\n<li>Veterin\u00e6r f\u00f4ringsspr\u00f8ytesett.<\/li>\n<li>Lett \u00e5 bruke.<\/li>\n<li>Enkel \u00e5 demontere og rengj\u00f8re.<\/li>\n<li>Holdbar i bruk.<\/li>\n<li>Ideell for h\u00e5ndmating av kyllinger, fugleunger eller syke fugler og for \u00e5 gi akuttbehandlinger.<\/li>\n<\/ul>","protected":false},"featured_media":24042,"comment_status":"closed","ping_status":"closed","template":"","meta":{"content-type":"","_uf_show_specific_survey":0,"_uf_disable_surveys":false,"_monsterinsights_skip_tracking":false,"_monsterinsights_sitenote_active":false,"_monsterinsights_sitenote_note":"","_monsterinsights_sitenote_category":0},"pwb-brand":[759,2329],"product_brand":[],"product_cat":[41,1147,1013,3298],"product_tag":[96],"woo-feed-brand":[],"class_list":{"0":"post-6900","1":"product","2":"type-product","3":"status-publish","4":"has-post-thumbnail","6":"pwb-brand-ozami","7":"pwb-brand-ozami-fugl","8":"product_cat-fugl","9":"product_cat-fugl-som-hobby","10":"product_cat-pleie","11":"product_cat-utstyr-for-mating-og-h-ndoppmating-fugl","12":"product_tag-undulat","14":"first","15":"instock","16":"taxable","17":"shipping-taxable","18":"purchasable","19":"product-type-simple"},"exclude_global_add_ons":[],"addons":[],"brands":[{"id":759,"name":"Ozami","slug":"ozami"},{"id":2329,"name":"Ozami fugl","slug":"ozami-fugl"}],"_links":{"self":[{"href":"https:\/\/fuglebutikken.no\/en\/wp-json\/wp\/v2\/product\/6900","targetHints":{"allow":["GET"]}}],"collection":[{"href":"https:\/\/fuglebutikken.no\/en\/wp-json\/wp\/v2\/product"}],"about":[{"href":"https:\/\/fuglebutikken.no\/en\/wp-json\/wp\/v2\/types\/product"}],"replies":[{"embeddable":true,"href":"https:\/\/fuglebutikken.no\/en\/wp-json\/wp\/v2\/comments?post=6900"}],"wp:featuredmedia":[{"embeddable":true,"href":"https:\/\/fuglebutikken.no\/en\/wp-json\/wp\/v2\/media\/24042"}],"wp:attachment":[{"href":"https:\/\/fuglebutikken.no\/en\/wp-json\/wp\/v2\/media?parent=6900"}],"wp:term":[{"taxonomy":"pwb-brand","embeddable":true,"href":"https:\/\/fuglebutikken.no\/en\/wp-json\/wp\/v2\/pwb-brand?post=6900"},{"taxonomy":"product_brand","embeddable":true,"href":"https:\/\/fuglebutikken.no\/en\/wp-json\/wp\/v2\/product_brand?post=6900"},{"taxonomy":"product_cat","embeddable":true,"href":"https:\/\/fuglebutikken.no\/en\/wp-json\/wp\/v2\/product_cat?post=6900"},{"taxonomy":"product_tag","embeddable":true,"href":"https:\/\/fuglebutikken.no\/en\/wp-json\/wp\/v2\/product_tag?post=6900"},{"taxonomy":"woo-feed-brand","embeddable":true,"href":"https:\/\/fuglebutikken.no\/en\/wp-json\/wp\/v2\/woo-feed-brand?post=6900"}],"curies":[{"name":"wp","href":"https:\/\/api.w.org\/{rel}","templated":true}]}}