{"id":6876,"date":"2020-03-01T16:25:51","date_gmt":"2020-03-01T15:25:51","guid":{"rendered":"https:\/\/fuglebutikken.no\/butikk\/ukategorisert\/melorm-34gr-konserverte\/"},"modified":"2025-09-08T11:51:15","modified_gmt":"2025-09-08T09:51:15","slug":"melorm-34gr-konserverte","status":"publish","type":"product","link":"https:\/\/fuglebutikken.no\/en\/butikk\/melorm\/melorm-34gr-konserverte\/","title":{"rendered":"Exo Terra Mealworms 34gr"},"content":{"rendered":"<p><h2 class=\"\">Exo Terra Mealworms 34gr<\/h2>\n<p>Exo Terra sitt utvalg av hermetiserte innsekter&nbsp;er en enkel og praktisk m\u00e5te \u00e5 mate dine dyr p\u00e5. Insektene er produsert p\u00e5 en m\u00e5te som mest mulig&nbsp;opprettholder n\u00e6ringsverdien, smak og aroma. Som f\u00f8lge av prosessen blir ogs\u00e5&nbsp;innsektene mykere som gj\u00f8r de&nbsp;lettere \u00e5 ford\u00f8ye&nbsp;og bryter bindingene mellom kollagenproteinet for \u00e5 gj\u00f8re det absorberbart av reptiler. Kollagen er en viktig fiber som hjelper til med \u00e5 bygge bein, brusk, hud og klostrukturer.<\/p>\n<p>Hermetiserte insekter har samme n\u00e6ringsverdi som levende insekter, men er lettere \u00e5 ford\u00f8ye. Det trengs ikke \u00e5 supplere med levende insekter!<\/p>","protected":false},"excerpt":{"rendered":"<h3 class=\"\">Exo Terra Mealworms 34gr<\/h3>\n<ul>\n<li>Hermetiserte melormer, enkel m\u00e5te \u00e5 f\u00f4re med insekter!<\/li>\n<li>Blir kokt for \u00e5 bevare n\u00e6ringsinnholdet, smaken og aromaen.<\/li>\n<li>Kokingen myker ogs\u00e5 opp eksoskjelettet til insektene, for \u00e5 lette ford\u00f8yelsen og gj\u00f8r kollagenet i insektet lettere tilgjengelig. Kollagen er bra for skjelettet, brusk, hud og kl\u00f8r.<\/li>\n<li>Hermetiserte melormer har lik n\u00e6ringsverdi som levende melormer, men er lettere \u00e5 ford\u00f8ye.<\/li>\n<li>Trenger ikke \u00e5 gi levende insekter n\u00e5r du gir Exo Terra Canned Mealworms.<\/li>\n<\/ul>","protected":false},"featured_media":21363,"comment_status":"open","ping_status":"closed","template":"","meta":{"content-type":"","_uf_show_specific_survey":0,"_uf_disable_surveys":false,"_monsterinsights_skip_tracking":false,"_monsterinsights_sitenote_active":false,"_monsterinsights_sitenote_note":"","_monsterinsights_sitenote_category":0},"pwb-brand":[659],"product_brand":[],"product_cat":[2088],"product_tag":[3044],"woo-feed-brand":[],"class_list":{"0":"post-6876","1":"product","2":"type-product","3":"status-publish","4":"has-post-thumbnail","6":"pwb-brand-exoterra","7":"product_cat-melorm","8":"product_tag-reptilf-or-og-reptilmat","10":"first","11":"instock","12":"taxable","13":"shipping-taxable","14":"purchasable","15":"product-type-simple"},"exclude_global_add_ons":[],"addons":[],"brands":[{"id":659,"name":"Exoterra","slug":"exoterra"}],"_links":{"self":[{"href":"https:\/\/fuglebutikken.no\/en\/wp-json\/wp\/v2\/product\/6876","targetHints":{"allow":["GET"]}}],"collection":[{"href":"https:\/\/fuglebutikken.no\/en\/wp-json\/wp\/v2\/product"}],"about":[{"href":"https:\/\/fuglebutikken.no\/en\/wp-json\/wp\/v2\/types\/product"}],"replies":[{"embeddable":true,"href":"https:\/\/fuglebutikken.no\/en\/wp-json\/wp\/v2\/comments?post=6876"}],"wp:featuredmedia":[{"embeddable":true,"href":"https:\/\/fuglebutikken.no\/en\/wp-json\/wp\/v2\/media\/21363"}],"wp:attachment":[{"href":"https:\/\/fuglebutikken.no\/en\/wp-json\/wp\/v2\/media?parent=6876"}],"wp:term":[{"taxonomy":"pwb-brand","embeddable":true,"href":"https:\/\/fuglebutikken.no\/en\/wp-json\/wp\/v2\/pwb-brand?post=6876"},{"taxonomy":"product_brand","embeddable":true,"href":"https:\/\/fuglebutikken.no\/en\/wp-json\/wp\/v2\/product_brand?post=6876"},{"taxonomy":"product_cat","embeddable":true,"href":"https:\/\/fuglebutikken.no\/en\/wp-json\/wp\/v2\/product_cat?post=6876"},{"taxonomy":"product_tag","embeddable":true,"href":"https:\/\/fuglebutikken.no\/en\/wp-json\/wp\/v2\/product_tag?post=6876"},{"taxonomy":"woo-feed-brand","embeddable":true,"href":"https:\/\/fuglebutikken.no\/en\/wp-json\/wp\/v2\/woo-feed-brand?post=6876"}],"curies":[{"name":"wp","href":"https:\/\/api.w.org\/{rel}","templated":true}]}}