{"id":6813,"date":"2022-03-31T13:07:48","date_gmt":"2022-03-31T11:07:48","guid":{"rendered":"https:\/\/fuglebutikken.no\/butikk\/ukategorisert\/savic-discovery1-transportbox-33x48x31cm\/"},"modified":"2024-10-24T14:06:40","modified_gmt":"2024-10-24T12:06:40","slug":"savic-discovery1","status":"publish","type":"product","link":"https:\/\/fuglebutikken.no\/en\/butikk\/fugl-som-hobby\/fugl\/fuglebur-og-fuglebur-tilbehor\/fugl-bur\/transportbur-fugl\/savic-discovery1\/","title":{"rendered":"Savic Discovery1 Transportbox, 33X48X31cm"},"content":{"rendered":"<h2>Savic Discovery1 Transportbox, 33X48X31cm<\/h2>","protected":false},"excerpt":{"rendered":"<h3>Savic Discovery1 Transportbox, 33X48X31cm<\/h3>\n<ul>\n<li>transportboks anbefales for katter og valper som veier opptil 5 kg<\/li>\n<li>Egnet for fugl, sm\u00e5dyr og reptiler<\/li>\n<li>\u00e5pnes p\u00e5 toppen<\/li>\n<li>perfekt for et bes\u00f8k til veterin\u00e6ren, fra dyrebutikken og p\u00e5 reiser<\/li>\n<li>rikelig med ventilasjons \u00e5pninger garanterer luftsirkulasjon og maksimal komfort<\/li>\n<li>33x48x31 cm<\/li>\n<\/ul>","protected":false},"featured_media":12687,"comment_status":"closed","ping_status":"closed","template":"","meta":{"content-type":"","_uf_show_specific_survey":0,"_uf_disable_surveys":false,"_monsterinsights_skip_tracking":false,"_monsterinsights_sitenote_active":false,"_monsterinsights_sitenote_note":"","_monsterinsights_sitenote_category":0},"pwb-brand":[710],"product_brand":[],"product_cat":[41,2140,2141,2127,1990,1716,2152],"product_tag":[],"woo-feed-brand":[],"class_list":{"0":"post-6813","1":"product","2":"type-product","3":"status-publish","4":"has-post-thumbnail","6":"pwb-brand-savic","7":"product_cat-fugl","8":"product_cat-bur-og-sikkerhet","9":"product_cat-bur-og-sikkerhet-katt","10":"product_cat-plastbur","11":"product_cat-reiseutstyr-og-bur","12":"product_cat-transport","13":"product_cat-transportbur-fugl","15":"first","16":"instock","17":"taxable","18":"shipping-taxable","19":"purchasable","20":"product-type-variable","21":"has-default-attributes"},"exclude_global_add_ons":[],"addons":[],"brands":[{"id":710,"name":"Savic","slug":"savic"}],"_links":{"self":[{"href":"https:\/\/fuglebutikken.no\/en\/wp-json\/wp\/v2\/product\/6813","targetHints":{"allow":["GET"]}}],"collection":[{"href":"https:\/\/fuglebutikken.no\/en\/wp-json\/wp\/v2\/product"}],"about":[{"href":"https:\/\/fuglebutikken.no\/en\/wp-json\/wp\/v2\/types\/product"}],"replies":[{"embeddable":true,"href":"https:\/\/fuglebutikken.no\/en\/wp-json\/wp\/v2\/comments?post=6813"}],"wp:featuredmedia":[{"embeddable":true,"href":"https:\/\/fuglebutikken.no\/en\/wp-json\/wp\/v2\/media\/12687"}],"wp:attachment":[{"href":"https:\/\/fuglebutikken.no\/en\/wp-json\/wp\/v2\/media?parent=6813"}],"wp:term":[{"taxonomy":"pwb-brand","embeddable":true,"href":"https:\/\/fuglebutikken.no\/en\/wp-json\/wp\/v2\/pwb-brand?post=6813"},{"taxonomy":"product_brand","embeddable":true,"href":"https:\/\/fuglebutikken.no\/en\/wp-json\/wp\/v2\/product_brand?post=6813"},{"taxonomy":"product_cat","embeddable":true,"href":"https:\/\/fuglebutikken.no\/en\/wp-json\/wp\/v2\/product_cat?post=6813"},{"taxonomy":"product_tag","embeddable":true,"href":"https:\/\/fuglebutikken.no\/en\/wp-json\/wp\/v2\/product_tag?post=6813"},{"taxonomy":"woo-feed-brand","embeddable":true,"href":"https:\/\/fuglebutikken.no\/en\/wp-json\/wp\/v2\/woo-feed-brand?post=6813"}],"curies":[{"name":"wp","href":"https:\/\/api.w.org\/{rel}","templated":true}]}}