{"id":674,"date":"2020-02-22T18:11:57","date_gmt":"2020-02-22T17:11:57","guid":{"rendered":"https:\/\/274105-www.web.tornado-node.net\/fugl\/product\/transport-bag-27-x-32-x-27-cm-dark-blue-light-blue\/"},"modified":"2025-03-06T13:59:03","modified_gmt":"2025-03-06T12:59:03","slug":"transport-bag-fugl","status":"publish","type":"product","link":"https:\/\/fuglebutikken.no\/en\/butikk\/fugl-som-hobby\/fugl\/fuglebur-og-fuglebur-tilbehor\/fugl-bur\/transportbur-fugl\/transport-bag-fugl\/","title":{"rendered":"Transport bag fugl 27x32x27cm"},"content":{"rendered":"<h2>Transport bag fugl 27x32x27cm<\/h2>\n<p>Ideell for transport av fuglen f.eks. til veterin\u00e6ren. Avtakbar trepinne med robust skruesystem. Nettinnsats sikrer god lufttilf\u00f8rsel. Med sidelommer. Sammenleggbar og plassbesparende. Avtakbar bunnplate<\/p>\n<p>Hvis du skal reise med fuglene dine, er det best \u00e5 ha et trygt transportbur eller transportveske. Et transportbur for fugl er ogs\u00e5 veldig godt \u00e5 ha n\u00e5r man rengj\u00f8r buret.<\/p>","protected":false},"excerpt":{"rendered":"<h3>Transport bag fugl 27x32x27cm<\/h3>\n<p>transportbag til fugl, Ideell for transport av fuglen f.eks. til veterin\u00e6ren. Avtakbar trepinne med robust skruesystem. Nettinnsats sikrer god lufttilf\u00f8rsel. Med sidelommer. Sammenleggbar og plassbesparende. Avtakbar bunnplate<\/p>\n<ul>\n<li>avtagbar trepinne med solid feste<\/li>\n<li>med sidelomme<\/li>\n<li>avtagbar bunndel<\/li>\n<li>sammenleggbar<\/li>\n<li>polyester<\/li>\n<li>gr\u00f8nn<\/li>\n<\/ul>","protected":false},"featured_media":13010,"comment_status":"closed","ping_status":"closed","template":"","meta":{"content-type":"","_uf_show_specific_survey":0,"_uf_disable_surveys":false,"_monsterinsights_skip_tracking":false,"_monsterinsights_sitenote_active":false,"_monsterinsights_sitenote_note":"","_monsterinsights_sitenote_category":0},"pwb-brand":[653],"product_brand":[],"product_cat":[41,1147,2152],"product_tag":[1856,229,1857],"woo-feed-brand":[],"class_list":{"0":"post-674","1":"product","2":"type-product","3":"status-publish","4":"has-post-thumbnail","6":"pwb-brand-trixie","7":"product_cat-fugl","8":"product_cat-fugl-som-hobby","9":"product_cat-transportbur-fugl","10":"product_tag-bur-og-transport","11":"product_tag-transportbur-fugl","12":"product_tag-transportveske","14":"first","15":"instock","16":"taxable","17":"shipping-taxable","18":"purchasable","19":"product-type-simple"},"exclude_global_add_ons":[],"addons":[],"brands":[{"id":653,"name":"Trixie","slug":"trixie"}],"_links":{"self":[{"href":"https:\/\/fuglebutikken.no\/en\/wp-json\/wp\/v2\/product\/674","targetHints":{"allow":["GET"]}}],"collection":[{"href":"https:\/\/fuglebutikken.no\/en\/wp-json\/wp\/v2\/product"}],"about":[{"href":"https:\/\/fuglebutikken.no\/en\/wp-json\/wp\/v2\/types\/product"}],"replies":[{"embeddable":true,"href":"https:\/\/fuglebutikken.no\/en\/wp-json\/wp\/v2\/comments?post=674"}],"wp:featuredmedia":[{"embeddable":true,"href":"https:\/\/fuglebutikken.no\/en\/wp-json\/wp\/v2\/media\/13010"}],"wp:attachment":[{"href":"https:\/\/fuglebutikken.no\/en\/wp-json\/wp\/v2\/media?parent=674"}],"wp:term":[{"taxonomy":"pwb-brand","embeddable":true,"href":"https:\/\/fuglebutikken.no\/en\/wp-json\/wp\/v2\/pwb-brand?post=674"},{"taxonomy":"product_brand","embeddable":true,"href":"https:\/\/fuglebutikken.no\/en\/wp-json\/wp\/v2\/product_brand?post=674"},{"taxonomy":"product_cat","embeddable":true,"href":"https:\/\/fuglebutikken.no\/en\/wp-json\/wp\/v2\/product_cat?post=674"},{"taxonomy":"product_tag","embeddable":true,"href":"https:\/\/fuglebutikken.no\/en\/wp-json\/wp\/v2\/product_tag?post=674"},{"taxonomy":"woo-feed-brand","embeddable":true,"href":"https:\/\/fuglebutikken.no\/en\/wp-json\/wp\/v2\/woo-feed-brand?post=674"}],"curies":[{"name":"wp","href":"https:\/\/api.w.org\/{rel}","templated":true}]}}