{"id":660,"date":"2020-02-22T18:11:57","date_gmt":"2020-02-22T17:11:57","guid":{"rendered":"https:\/\/274105-www.web.tornado-node.net\/fugl\/product\/natural-living-toy-med-straw-strip-bell-21-cm\/"},"modified":"2025-12-01T15:49:16","modified_gmt":"2025-12-01T14:49:16","slug":"natural-living-toy-med-straw-strip-bell","status":"publish","type":"product","link":"https:\/\/fuglebutikken.no\/en\/butikk\/fugl-som-hobby\/fugl\/fuglebur-og-fuglebur-tilbehor\/bur-tilbehor\/stiger-og-speil\/natural-living-toy-med-straw-strip-bell\/","title":{"rendered":"Natural Living Toy med Straw Strip-Bell"},"content":{"rendered":"<h2>Natural Living Toy med Straw Strip-Bell<\/h2>\n<p>Natural Living Toy med Straw Strip-Bell er den perfekte fugleleken som holder din fj\u00e6rkledde venn opptatt og engasjert. Denne 21 cm lange leken er spesielt designet for \u00e5 gi fugler et variert og stimulerende milj\u00f8 som fremmer naturlig atferd og mental stimulering.<\/p>\n<h3>Naturlige og trygge materialer<\/h3>\n<p>Leken er laget av 100% naturlige materialer, inkludert h\u00f8ykvalitets barkved som er trygt for fugler \u00e5 tygge p\u00e5. Med sin trekrok og str\u00e5b\u00e5nd gir den en autentisk opplevelse som etterligner fuglenes naturlige milj\u00f8. Produktet er anbefalt av World Bird Park Walsrode, noe som garanterer kvalitet og dyrevennlighet.<\/p>\n<h3>Perfekt for aktive fugler<\/h3>\n<p>Med sine ca. 30 cm i lengde skaper denne leken mange muligheter for klatring, lek og avslapning. Den fungerer utmerket som en del av et variert oppholdsrom i buret, og kombinerer klatreopplevelse med mental stimulering gjennom sine naturlige teksturer og former.<\/p>\n<h3>Enkel montering og bruk<\/h3>\n<p>Leken kommer med praktisk trekrok som gj\u00f8r det enkelt \u00e5 feste den sikkert i buret. Str\u00e5b\u00e5ndet og de naturlige materialene gir fuglene mulighet til \u00e5 utforske, tygge og leke p\u00e5 en trygg m\u00e5te, samtidig som det bidrar til \u00e5 holde nebbet i god form.<\/p>","protected":false},"excerpt":{"rendered":"<h3>Natural Living Toy med Straw Strip-Bell<\/h3>\n<p>Natural Living Toy med Straw Strip\/Bell 21 cm er en fugleleke som holder fuglen din opptatt.<\/p>\n<ul>\n<li>med trekrok og str\u00e5b\u00e5nd<\/li>\n<li>laget av 100 % naturlige materialer<\/li>\n<li>barkved<\/li>\n<li>anbefalt av World Bird Park Walsrode<\/li>\n<li>ca. 30cm lang<\/li>\n<\/ul>\n<div class=\"jhH5U\">\n<div class=\"dURPtb\"><\/div>\n<div>\n<div><\/div>\n<\/div>\n<\/div>","protected":false},"featured_media":25124,"comment_status":"closed","ping_status":"closed","template":"","meta":{"content-type":"","_uf_show_specific_survey":0,"_uf_disable_surveys":false,"_monsterinsights_skip_tracking":false,"_monsterinsights_sitenote_active":false,"_monsterinsights_sitenote_note":"","_monsterinsights_sitenote_category":0},"pwb-brand":[653],"product_brand":[],"product_cat":[2202,2203,41,1147,2164,1452],"product_tag":[1873],"woo-feed-brand":[],"class_list":{"0":"post-660","1":"product","2":"type-product","3":"status-publish","4":"has-post-thumbnail","6":"pwb-brand-trixie","7":"product_cat-fugl-bur","8":"product_cat-bur-tilbehor","9":"product_cat-fugl","10":"product_cat-fugl-som-hobby","11":"product_cat-fugleleker-og-aktivitet","12":"product_cat-stiger-og-speil","13":"product_tag-fugleleker","15":"first","16":"instock","17":"taxable","18":"shipping-taxable","19":"purchasable","20":"product-type-simple"},"exclude_global_add_ons":[],"addons":[],"brands":[{"id":653,"name":"Trixie","slug":"trixie"}],"_links":{"self":[{"href":"https:\/\/fuglebutikken.no\/en\/wp-json\/wp\/v2\/product\/660","targetHints":{"allow":["GET"]}}],"collection":[{"href":"https:\/\/fuglebutikken.no\/en\/wp-json\/wp\/v2\/product"}],"about":[{"href":"https:\/\/fuglebutikken.no\/en\/wp-json\/wp\/v2\/types\/product"}],"replies":[{"embeddable":true,"href":"https:\/\/fuglebutikken.no\/en\/wp-json\/wp\/v2\/comments?post=660"}],"wp:featuredmedia":[{"embeddable":true,"href":"https:\/\/fuglebutikken.no\/en\/wp-json\/wp\/v2\/media\/25124"}],"wp:attachment":[{"href":"https:\/\/fuglebutikken.no\/en\/wp-json\/wp\/v2\/media?parent=660"}],"wp:term":[{"taxonomy":"pwb-brand","embeddable":true,"href":"https:\/\/fuglebutikken.no\/en\/wp-json\/wp\/v2\/pwb-brand?post=660"},{"taxonomy":"product_brand","embeddable":true,"href":"https:\/\/fuglebutikken.no\/en\/wp-json\/wp\/v2\/product_brand?post=660"},{"taxonomy":"product_cat","embeddable":true,"href":"https:\/\/fuglebutikken.no\/en\/wp-json\/wp\/v2\/product_cat?post=660"},{"taxonomy":"product_tag","embeddable":true,"href":"https:\/\/fuglebutikken.no\/en\/wp-json\/wp\/v2\/product_tag?post=660"},{"taxonomy":"woo-feed-brand","embeddable":true,"href":"https:\/\/fuglebutikken.no\/en\/wp-json\/wp\/v2\/woo-feed-brand?post=660"}],"curies":[{"name":"wp","href":"https:\/\/api.w.org\/{rel}","templated":true}]}}