{"id":656,"date":"2020-02-22T18:11:57","date_gmt":"2020-02-22T17:11:57","guid":{"rendered":"https:\/\/274105-www.web.tornado-node.net\/fugl\/product\/wicker-ball-med-bjelle-o-5-5-cm-18-cm\/"},"modified":"2025-12-01T20:15:27","modified_gmt":"2025-12-01T19:15:27","slug":"wicker-ball-med-bjelle-o-5-5-cm-18-cm","status":"publish","type":"product","link":"https:\/\/fuglebutikken.no\/en\/butikk\/fugl-som-hobby\/fugl\/fuglebur-og-fuglebur-tilbehor\/fugleleker-og-aktivitet\/wicker-ball-med-bjelle-o-5-5-cm-18-cm\/","title":{"rendered":"Wicker ball  \u00d8 5.5 cm"},"content":{"rendered":"<h2>Wicker ball \u00d8 5.5 cm<\/h2>\n<p>Wicker ball p\u00e5 5,5 cm i diameter er den perfekte leken for fugler og sm\u00e5 kj\u00e6ledyr som elsker \u00e5 bite og gnage. Dette naturlige leket\u00f8yet kombinerer underholdning med naturlige instinkter, og gir ditt kj\u00e6ledyr timer med engasjerende aktivitet.<\/p>\n<h3>Hovedfordeler<\/h3>\n<p>Lekeballen er spesielt utviklet for fugler og sm\u00e5 kj\u00e6ledyr som har behov for \u00e5 bite og gnage lekene sine mens de utforsker sine omgivelser. Den stimulerer naturlige instinkter og holder kj\u00e6ledyret aktivt og mentalt stimulert. Leket\u00f8yet er fylt med halmb\u00e5nd og fullt ford\u00f8yelig, naturlig hekkemateriale, noe som gj\u00f8r det b\u00e5de trygt og nyttig for ditt kj\u00e6ledyr.<\/p>\n<h3>Enkel montering og bruk<\/h3>\n<p>Ballen kommer med en praktisk trekrok som gj\u00f8r det enkelt \u00e5 feste den p\u00e5 taket i kj\u00e6ledyrets bur eller innhegning. Dette sikrer at leket\u00f8yet henger stabilt og er lett tilgjengelig for ditt kj\u00e6ledyr n\u00e5r som helst.<\/p>\n<h3>Naturlige og trygge materialer<\/h3>\n<p>Produktet er laget av naturlige materialer som er helt trygge for kj\u00e6ledyr. Det ford\u00f8yelige hekkematerialet og halmb\u00e5ndene gj\u00f8r at selv om kj\u00e6ledyret spiser deler av leken, vil det ikke v\u00e6re skadelig. Dette naturlige leket\u00f8yet gir b\u00e5de underholdning og berikelse til ditt kj\u00e6ledyrs hverdag.<\/p>","protected":false},"excerpt":{"rendered":"<h3>Wicker ball  \u00d8 5.5 cm<\/h3>\n<ul>\n<li>Perfekt leke for fugler og sm\u00e5 kj\u00e6ledyr som liker \u00e5 bite og gnage<\/li>\n<li>Diameter p\u00e5 5,5 cm &#8211; ideell st\u00f8rrelse for mindre dyr<\/li>\n<li>Inkluderer trekrok for enkel festing i taket p\u00e5 buret<\/li>\n<li>Fylt med halmb\u00e5nd som gir ekstra moro og utfordring<\/li>\n<li>Laget av naturlige materialer som er helt ford\u00f8yelige<\/li>\n<li>Fungerer ogs\u00e5 som naturlig hekkemateriale for fugler<\/li>\n<li>Stimulerer dyrets naturlige instinkter til \u00e5 utforske og leke<\/li>\n<\/ul>","protected":false},"featured_media":25440,"comment_status":"closed","ping_status":"closed","template":"","meta":{"content-type":"","_uf_show_specific_survey":0,"_uf_disable_surveys":false,"_monsterinsights_skip_tracking":false,"_monsterinsights_sitenote_active":false,"_monsterinsights_sitenote_note":"","_monsterinsights_sitenote_category":0},"pwb-brand":[653],"product_brand":[],"product_cat":[41,1147,2162,2164],"product_tag":[1873],"woo-feed-brand":[],"class_list":{"0":"post-656","1":"product","2":"type-product","3":"status-publish","4":"has-post-thumbnail","6":"pwb-brand-trixie","7":"product_cat-fugl","8":"product_cat-fugl-som-hobby","9":"product_cat-fuglebur-og-fuglebur-tilbehor","10":"product_cat-fugleleker-og-aktivitet","11":"product_tag-fugleleker","13":"first","14":"instock","15":"taxable","16":"shipping-taxable","17":"purchasable","18":"product-type-simple"},"exclude_global_add_ons":[],"addons":[],"brands":[{"id":653,"name":"Trixie","slug":"trixie"}],"_links":{"self":[{"href":"https:\/\/fuglebutikken.no\/en\/wp-json\/wp\/v2\/product\/656","targetHints":{"allow":["GET"]}}],"collection":[{"href":"https:\/\/fuglebutikken.no\/en\/wp-json\/wp\/v2\/product"}],"about":[{"href":"https:\/\/fuglebutikken.no\/en\/wp-json\/wp\/v2\/types\/product"}],"replies":[{"embeddable":true,"href":"https:\/\/fuglebutikken.no\/en\/wp-json\/wp\/v2\/comments?post=656"}],"wp:featuredmedia":[{"embeddable":true,"href":"https:\/\/fuglebutikken.no\/en\/wp-json\/wp\/v2\/media\/25440"}],"wp:attachment":[{"href":"https:\/\/fuglebutikken.no\/en\/wp-json\/wp\/v2\/media?parent=656"}],"wp:term":[{"taxonomy":"pwb-brand","embeddable":true,"href":"https:\/\/fuglebutikken.no\/en\/wp-json\/wp\/v2\/pwb-brand?post=656"},{"taxonomy":"product_brand","embeddable":true,"href":"https:\/\/fuglebutikken.no\/en\/wp-json\/wp\/v2\/product_brand?post=656"},{"taxonomy":"product_cat","embeddable":true,"href":"https:\/\/fuglebutikken.no\/en\/wp-json\/wp\/v2\/product_cat?post=656"},{"taxonomy":"product_tag","embeddable":true,"href":"https:\/\/fuglebutikken.no\/en\/wp-json\/wp\/v2\/product_tag?post=656"},{"taxonomy":"woo-feed-brand","embeddable":true,"href":"https:\/\/fuglebutikken.no\/en\/wp-json\/wp\/v2\/woo-feed-brand?post=656"}],"curies":[{"name":"wp","href":"https:\/\/api.w.org\/{rel}","templated":true}]}}