{"id":6540,"date":"2020-02-22T18:12:18","date_gmt":"2020-02-22T17:12:18","guid":{"rendered":"https:\/\/fuglebutikken.no\/butikk\/ukategorisert\/sittepinner-i-tre-2pk-35cm\/"},"modified":"2025-12-01T17:26:28","modified_gmt":"2025-12-01T16:26:28","slug":"sittepinne-tre-35cm-2stk","status":"publish","type":"product","link":"https:\/\/fuglebutikken.no\/en\/butikk\/fugl-som-hobby\/fugl\/fuglebur-og-fuglebur-tilbehor\/bur-tilbehor\/sittepinner\/sittepinne-tre-35cm-2stk\/","title":{"rendered":"Sittepinner i tre 2pk &#8211; 35cm"},"content":{"rendered":"<h2>Sittepinner i tre 2pk &#8211; 35cm<\/h2>\n<p>Gj\u00f8r fuglens bur mer hjemmekoselig med disse naturlige sittepinnene i tre. Med sin perfekte st\u00f8rrelse p\u00e5 35 cm og diameter p\u00e5 10-12 mm, gir de fuglen komfortable hvilesteder og bidrar til et mer naturlig milj\u00f8.<\/p>\n<h3>Fordeler for fuglen din<\/h3>\n<p>Disse sittepinnene gir fuglen dine flere hvileplasser og stimulerer til naturlig oppf\u00f8rsel. Den naturlige treoverflaten bidrar til \u00e5 holde kl\u00f8rne i god form, mens den komfortable diameteren passer for de fleste fuglearter. Sittepinnene hjelper ogs\u00e5 med \u00e5 skape variasjon i buret og gj\u00f8r milj\u00f8et mer interessant for fuglen.<\/p>\n<h3>Trygg kvalitet<\/h3>\n<p>Natural Living-produkter er laget av mykt tre uten harpikskanaler, da harpiks kan v\u00e6re giftig for dyr. Treet gjennomg\u00e5r intensiv t\u00f8rking f\u00f8r bearbeiding for \u00e5 sikre at det ikke avgir harpiks. Limet som brukes er ikke giftig for fugler og best\u00e5r av en celluloseblanding som er helt trygg for ditt kj\u00e6ledyr.<\/p>\n<h3>Enkel montering<\/h3>\n<p>Med to sittepinner i pakken kan du enkelt skape flere hvilesteder i buret. Den praktiske lengden p\u00e5 35 cm gj\u00f8r dem egnet for de fleste burst\u00f8rrelser, og de kan enkelt monteres p\u00e5 \u00f8nsket h\u00f8yde for optimal komfort for fuglen din.<\/p>","protected":false},"excerpt":{"rendered":"<h3 class=\"\">Sittepinner i tre 2pk \u2013 35cm<\/h3>\n<p>Gj\u00f8r det mer hjemmekoselig i fuglens bur med et par sittepinner<br \/>\nlengde: 35 cm, \u00d810-12 mm<br \/>\nNatural Living-produkter laget av mykt tre uten harpikskanaler. Harpiksen er giftig for dyr. Treet vi bruker avgir ikke harpiks og utsettes ogs\u00e5 for intensiv t\u00f8rking f\u00f8r bearbeiding. Limet vi bruker er ikke giftig for fugler og best\u00e5r av en celluloseblanding.<\/p>","protected":false},"featured_media":25253,"comment_status":"closed","ping_status":"closed","template":"","meta":{"content-type":"","_uf_show_specific_survey":0,"_uf_disable_surveys":false,"_monsterinsights_skip_tracking":false,"_monsterinsights_sitenote_active":false,"_monsterinsights_sitenote_note":"","_monsterinsights_sitenote_category":0},"pwb-brand":[653],"product_brand":[],"product_cat":[2202,2203,41,1147,2162,2164,1451],"product_tag":[2166],"woo-feed-brand":[],"class_list":{"0":"post-6540","1":"product","2":"type-product","3":"status-publish","4":"has-post-thumbnail","6":"pwb-brand-trixie","7":"product_cat-fugl-bur","8":"product_cat-bur-tilbehor","9":"product_cat-fugl","10":"product_cat-fugl-som-hobby","11":"product_cat-fuglebur-og-fuglebur-tilbehor","12":"product_cat-fugleleker-og-aktivitet","13":"product_cat-sittepinner","14":"product_tag-sittepinner-og-sitteplasser","16":"first","17":"instock","18":"taxable","19":"shipping-taxable","20":"purchasable","21":"product-type-simple"},"exclude_global_add_ons":[],"addons":[],"brands":[{"id":653,"name":"Trixie","slug":"trixie"}],"_links":{"self":[{"href":"https:\/\/fuglebutikken.no\/en\/wp-json\/wp\/v2\/product\/6540","targetHints":{"allow":["GET"]}}],"collection":[{"href":"https:\/\/fuglebutikken.no\/en\/wp-json\/wp\/v2\/product"}],"about":[{"href":"https:\/\/fuglebutikken.no\/en\/wp-json\/wp\/v2\/types\/product"}],"replies":[{"embeddable":true,"href":"https:\/\/fuglebutikken.no\/en\/wp-json\/wp\/v2\/comments?post=6540"}],"wp:featuredmedia":[{"embeddable":true,"href":"https:\/\/fuglebutikken.no\/en\/wp-json\/wp\/v2\/media\/25253"}],"wp:attachment":[{"href":"https:\/\/fuglebutikken.no\/en\/wp-json\/wp\/v2\/media?parent=6540"}],"wp:term":[{"taxonomy":"pwb-brand","embeddable":true,"href":"https:\/\/fuglebutikken.no\/en\/wp-json\/wp\/v2\/pwb-brand?post=6540"},{"taxonomy":"product_brand","embeddable":true,"href":"https:\/\/fuglebutikken.no\/en\/wp-json\/wp\/v2\/product_brand?post=6540"},{"taxonomy":"product_cat","embeddable":true,"href":"https:\/\/fuglebutikken.no\/en\/wp-json\/wp\/v2\/product_cat?post=6540"},{"taxonomy":"product_tag","embeddable":true,"href":"https:\/\/fuglebutikken.no\/en\/wp-json\/wp\/v2\/product_tag?post=6540"},{"taxonomy":"woo-feed-brand","embeddable":true,"href":"https:\/\/fuglebutikken.no\/en\/wp-json\/wp\/v2\/woo-feed-brand?post=6540"}],"curies":[{"name":"wp","href":"https:\/\/api.w.org\/{rel}","templated":true}]}}