{"id":643,"date":"2020-02-22T18:11:57","date_gmt":"2020-02-22T17:11:57","guid":{"rendered":"https:\/\/274105-www.web.tornado-node.net\/fugl\/product\/tau-tarn-natur\/"},"modified":"2026-04-14T11:12:17","modified_gmt":"2026-04-14T09:12:17","slug":"tau-tarn-natur","status":"publish","type":"product","link":"https:\/\/fuglebutikken.no\/en\/butikk\/fugl-som-hobby\/fugl\/fuglebur-og-fuglebur-tilbehor\/fugleleker-og-aktivitet\/tau-tarn-natur\/","title":{"rendered":"Tau t\u00e5rn natur"},"content":{"rendered":"<h2>Tau t\u00e5rn natur<\/h2>\n<p>Tau t\u00e5rn natur er den perfekte klatrestigen for fugler som elsker \u00e5 utforske og leke. Med sin naturlige form og autentiske barkved gir denne stigen fuglene dine en fantastisk mulighet til \u00e5 klatre, balansere og holde seg aktive i buret.<\/p>\n<h3>Hovedfordeler<\/h3>\n<p>Denne naturlige klatrestigen er spesielt utviklet for fuglehold og tilbyr mange fordeler for b\u00e5de fugl og eier. Den naturlige formen gj\u00f8r at fuglene f\u00e5r en mer autentisk opplevelse, mens barkveden gir et godt grep for kl\u00f8rne. Stigen stimulerer fuglenes naturlige klatreinstinkt og bidrar til \u00e5 holde dem fysisk aktive og mentalt stimulerte.<\/p>\n<h3>Naturlig kvalitet<\/h3>\n<p>Tau t\u00e5rn natur er laget av ekte barkved som bevarer sin naturlige tekstur og utseende. Dette gir fuglene en mer realistisk opplevelse som ligger n\u00e6rmere deres naturlige habitat. Produktet er anbefalt av World Bird Park Walsrode, noe som understreker kvaliteten og egnetheten for fuglehold.<\/p>\n<h3><\/h3>","protected":false},"excerpt":{"rendered":"<h3>Tau t\u00e5rn natur<\/h3>\n<ul>\n<li>Naturlig klatrestige som gir fugler muligheter for lek og mosjon<\/li>\n<li>Laget av naturlig barkved for autentisk f\u00f8lelse<\/li>\n<li>Egnet for fuglehold takket v\u00e6re sin naturlige form<\/li>\n<li>Gir store muligheter for klatring i bur<\/li>\n<li>Anbefalt av World Bird Park Walsrode<\/li>\n<\/ul>","protected":false},"featured_media":28636,"comment_status":"closed","ping_status":"closed","template":"","meta":{"content-type":"","_uf_show_specific_survey":0,"_uf_disable_surveys":false,"_monsterinsights_skip_tracking":false,"_monsterinsights_sitenote_active":false,"_monsterinsights_sitenote_note":"","_monsterinsights_sitenote_category":0},"pwb-brand":[653],"product_brand":[],"product_cat":[41,1147,2164],"product_tag":[1873,1874],"woo-feed-brand":[],"class_list":{"0":"post-643","1":"product","2":"type-product","3":"status-publish","4":"has-post-thumbnail","6":"pwb-brand-trixie","7":"product_cat-fugl","8":"product_cat-fugl-som-hobby","9":"product_cat-fugleleker-og-aktivitet","10":"product_tag-fugleleker","11":"product_tag-leketoy-i-naturmateriale","13":"first","14":"instock","15":"taxable","16":"shipping-taxable","17":"purchasable","18":"product-type-variable","19":"has-default-attributes"},"exclude_global_add_ons":[],"addons":[],"brands":[{"id":653,"name":"Trixie","slug":"trixie"}],"_links":{"self":[{"href":"https:\/\/fuglebutikken.no\/en\/wp-json\/wp\/v2\/product\/643","targetHints":{"allow":["GET"]}}],"collection":[{"href":"https:\/\/fuglebutikken.no\/en\/wp-json\/wp\/v2\/product"}],"about":[{"href":"https:\/\/fuglebutikken.no\/en\/wp-json\/wp\/v2\/types\/product"}],"replies":[{"embeddable":true,"href":"https:\/\/fuglebutikken.no\/en\/wp-json\/wp\/v2\/comments?post=643"}],"wp:featuredmedia":[{"embeddable":true,"href":"https:\/\/fuglebutikken.no\/en\/wp-json\/wp\/v2\/media\/28636"}],"wp:attachment":[{"href":"https:\/\/fuglebutikken.no\/en\/wp-json\/wp\/v2\/media?parent=643"}],"wp:term":[{"taxonomy":"pwb-brand","embeddable":true,"href":"https:\/\/fuglebutikken.no\/en\/wp-json\/wp\/v2\/pwb-brand?post=643"},{"taxonomy":"product_brand","embeddable":true,"href":"https:\/\/fuglebutikken.no\/en\/wp-json\/wp\/v2\/product_brand?post=643"},{"taxonomy":"product_cat","embeddable":true,"href":"https:\/\/fuglebutikken.no\/en\/wp-json\/wp\/v2\/product_cat?post=643"},{"taxonomy":"product_tag","embeddable":true,"href":"https:\/\/fuglebutikken.no\/en\/wp-json\/wp\/v2\/product_tag?post=643"},{"taxonomy":"woo-feed-brand","embeddable":true,"href":"https:\/\/fuglebutikken.no\/en\/wp-json\/wp\/v2\/woo-feed-brand?post=643"}],"curies":[{"name":"wp","href":"https:\/\/api.w.org\/{rel}","templated":true}]}}