{"id":6283,"date":"2022-01-12T07:10:43","date_gmt":"2022-01-12T06:10:43","guid":{"rendered":"https:\/\/fuglebutikken.no\/butikk\/ukategorisert\/patee-prestige-gold-bruksklar-eggemat-undulat-sma-parakitter-5kg\/"},"modified":"2025-11-11T13:00:44","modified_gmt":"2025-11-11T12:00:44","slug":"patee-prestige-gold-bruksklar-eggemat-undulat-sma-parakitter-5kg","status":"publish","type":"product","link":"https:\/\/fuglebutikken.no\/en\/butikk\/fugl-som-hobby\/fugl\/spise\/fuglevitaminer-og-mineraler\/patee-prestige-gold-bruksklar-eggemat-undulat-sma-parakitter-5kg\/","title":{"rendered":"Patee prestige gold Bruksklar eggemat Undulat-sm\u00e5 parakitter 5kg"},"content":{"rendered":"<h2>Patee prestige gold Bruksklar eggemat Undulat-sm\u00e5 parakitter 5kg<\/h2>\n<p>SAMMENSETNING<br \/>\negg- og eggderivater (min 30%), vegetabilske proteinekstrakter, frokostblandinger, oljer og fett, bakeprodukter, fr\u00f8, honning, diverse sukkerarter, mineraler, FOS, MOS<\/p>\n<p>ANALYTISKE BESTANDDELER<br \/>\nprotein 17,50 %, fettinnhold 16,00 %, r\u00e5fiber 2,00 %, r\u00e5aske 5,50 %, kalsium 1,30 %, fosfor 0,50 %, lysin 0,85 %, metionin 0,30 %, treonin 0,60 %, 0,20 % tryptophan, 0,20 % 0.<\/p>\n<p>TILSATSER\/KG<br \/>\nN\u00c6RINGSTILSATSER<br \/>\nvitamin A 15600 IE, \u03b2-karoten 8,50 mg, vitamin D3 1850 IE, vitamin E 345 mg, vitamin K3 3 mg, vitamin B1 7,20 mg, vitamin B2 16 mg, kalsium D-pantotenat 20 mg, vitamin B6 6 mg, vitamin B12 0,03 mg, niacin 65 mg, vitamin C 75 mg, kolinklorid 1200 mg, folsyre 1,20 mg, biotin 0,20 mg, L-karnitin 75 mg, 3b103 (jern) 50 mg, 3b202 (jod) 2 mg, E4 (kobber) 10 mg, 3b502 (mangan) 100 mg, 3b603 (sink) 97 mg, E8 (selen) 0,20 mg<\/p>","protected":false},"excerpt":{"rendered":"<p>Patee prestige gold Bruksklar eggemat Undulat-sm\u00e5 parakitter 5kg<\/p>\n<p>Bruksklar eggemat for undulater og andre sm\u00e5 parakitter<br \/>\nEggmat er essensielt i hekkesesongen; men ogs\u00e5 resten av \u00e5ret er det en kilde til ekstra n\u00e6ringsstoffer.<\/p>\n<p>Fuktet med 100% naturlig honning.<br \/>\nInneholder ekstra jod for god skjoldbruskkjertel funksjon.<br \/>\nMed ekstra tilsatt lysin og metionin for optimal vekst og fj\u00e6ring.<\/p>","protected":false},"featured_media":23572,"comment_status":"closed","ping_status":"closed","template":"","meta":{"content-type":"","_uf_show_specific_survey":0,"_uf_disable_surveys":false,"_monsterinsights_skip_tracking":false,"_monsterinsights_sitenote_active":false,"_monsterinsights_sitenote_note":"","_monsterinsights_sitenote_category":0},"pwb-brand":[1353,673],"product_brand":[],"product_cat":[41,1147,78],"product_tag":[1993],"woo-feed-brand":[],"class_list":{"0":"post-6283","1":"product","2":"type-product","3":"status-publish","4":"has-post-thumbnail","6":"pwb-brand-orlux","7":"pwb-brand-versele-laga","8":"product_cat-fugl","9":"product_cat-fugl-som-hobby","10":"product_cat-fuglevitaminer-og-mineraler","11":"product_tag-kosttilskudd-og-vitaminer-for-fugl","13":"first","14":"instock","15":"taxable","16":"shipping-taxable","17":"purchasable","18":"product-type-simple"},"exclude_global_add_ons":[],"addons":[],"brands":[{"id":1353,"name":"Orlux","slug":"orlux"},{"id":673,"name":"Versele-Laga","slug":"versele-laga"}],"_links":{"self":[{"href":"https:\/\/fuglebutikken.no\/en\/wp-json\/wp\/v2\/product\/6283","targetHints":{"allow":["GET"]}}],"collection":[{"href":"https:\/\/fuglebutikken.no\/en\/wp-json\/wp\/v2\/product"}],"about":[{"href":"https:\/\/fuglebutikken.no\/en\/wp-json\/wp\/v2\/types\/product"}],"replies":[{"embeddable":true,"href":"https:\/\/fuglebutikken.no\/en\/wp-json\/wp\/v2\/comments?post=6283"}],"wp:featuredmedia":[{"embeddable":true,"href":"https:\/\/fuglebutikken.no\/en\/wp-json\/wp\/v2\/media\/23572"}],"wp:attachment":[{"href":"https:\/\/fuglebutikken.no\/en\/wp-json\/wp\/v2\/media?parent=6283"}],"wp:term":[{"taxonomy":"pwb-brand","embeddable":true,"href":"https:\/\/fuglebutikken.no\/en\/wp-json\/wp\/v2\/pwb-brand?post=6283"},{"taxonomy":"product_brand","embeddable":true,"href":"https:\/\/fuglebutikken.no\/en\/wp-json\/wp\/v2\/product_brand?post=6283"},{"taxonomy":"product_cat","embeddable":true,"href":"https:\/\/fuglebutikken.no\/en\/wp-json\/wp\/v2\/product_cat?post=6283"},{"taxonomy":"product_tag","embeddable":true,"href":"https:\/\/fuglebutikken.no\/en\/wp-json\/wp\/v2\/product_tag?post=6283"},{"taxonomy":"woo-feed-brand","embeddable":true,"href":"https:\/\/fuglebutikken.no\/en\/wp-json\/wp\/v2\/woo-feed-brand?post=6283"}],"curies":[{"name":"wp","href":"https:\/\/api.w.org\/{rel}","templated":true}]}}