{"id":6223,"date":"2022-01-07T22:43:52","date_gmt":"2022-01-07T21:43:52","guid":{"rendered":"https:\/\/fuglebutikken.no\/butikk\/ukategorisert\/tropic-pro-compact-6-0-compact-paere\/"},"modified":"2025-12-16T19:38:18","modified_gmt":"2025-12-16T18:38:18","slug":"tropic-pro-compact-6-0-compact-paere","status":"publish","type":"product","link":"https:\/\/fuglebutikken.no\/en\/butikk\/fugl-som-hobby\/fugl\/fuglebur-og-fuglebur-tilbehor\/fugl-bur\/tropic-pro-compact-6-0-compact-paere\/","title":{"rendered":"Tropic Pro Compact 6.0 Compact p\u00e6re"},"content":{"rendered":"<h2>Tropic Pro Compact 6.0 Compact p\u00e6re<\/h2>\n<p>Oppdag Tropic Pro Compact 6.0 Compact p\u00e6re, en f\u00f8rsteklasses UV-B kompakt lampe designet spesielt for \u00e5 imitere solens naturlige UV-str\u00e5ling. Denne p\u00e6ren gir optimal st\u00f8tte for tropiske og subtropiske krypdyr, noe som er essensielt for deres helse og velv\u00e6re.<\/p>\n<h3>Hovedfordeler<\/h3>\n<p>Tropic Pro Compact 6.0 er mer enn bare en lampe; den sikrer at dyrene dine f\u00e5r riktig UV-B str\u00e5ling, som er avgj\u00f8rende for syntesen av vitamin D3. Dette bidrar til \u00e5 forebygge metabolske sykdommer og opprettholde generell helse. Den utsendte UV-A str\u00e5lingen oppmuntrer til aktivitet, reproduksjon og appetitt, noe som gir et mer naturlig og stimulerende milj\u00f8 for kj\u00e6ledyrene dine.<\/p>\n<h3>Bruksanvisning<\/h3>\n<p>For best resultater, plasser Tropic Pro Compact 6.0 p\u00e6ren i n\u00e6rheten av ditt reptilhabitat.&nbsp; Husk \u00e5 s\u00f8rge for at dyrene har mulighet til \u00e5 regulere sin eksponering for UV-str\u00e5ling ved \u00e5 tilby skyggefulle omr\u00e5der n\u00e5r de trenger det.<\/p>\n<h3>Ytterligere informasjon<\/h3>\n<p>Denne lampen er designet for langvarig holdbarhet og kvalitet, og gir en UV-B str\u00e5ling uten farlig ikke-terrestrisk UV-B-str\u00e5ling. Med en effekt p\u00e5 23w, er Tropic Pro Compact 6.0 et ideelt valg for alle som \u00f8nsker \u00e5 skape et sunt og naturlig milj\u00f8 for sine krypdyr.<\/p>","protected":false},"excerpt":{"rendered":"<h3 class=\"\">Tropic Pro Compact 6.0 Compact p\u00e6re, 23w<\/h3>\n<ul>\n<li>UV-B kompakt lampe<\/li>\n<li>simulerer solens naturlige UV-str\u00e5ling<\/li>\n<li>ingen farlig ikke-terrestrisk UV-B-str\u00e5ling<\/li>\n<li>optimal UV-B tilf\u00f8rsel for tropiske og subtropiske dagaktive krypdyr<\/li>\n<li>st\u00f8tter syntesen av vitamin D3 og bidrar til \u00e5 forhindre metabolske sykdommer<\/li>\n<li>den utsendte UV-A-str\u00e5lingen st\u00f8tter aktivitet, reproduksjon og appetitt<\/li>\n<\/ul>\n<p><\/p>","protected":false},"featured_media":25930,"comment_status":"closed","ping_status":"closed","template":"","meta":{"content-type":"","_uf_show_specific_survey":0,"_uf_disable_surveys":false,"_monsterinsights_skip_tracking":false,"_monsterinsights_sitenote_active":false,"_monsterinsights_sitenote_note":"","_monsterinsights_sitenote_category":0},"pwb-brand":[1012],"product_brand":[],"product_cat":[2202,41,1147,2200,1804,2116],"product_tag":[3036],"woo-feed-brand":[],"class_list":{"0":"post-6223","1":"product","2":"type-product","3":"status-publish","4":"has-post-thumbnail","6":"pwb-brand-reptilland","7":"product_cat-fugl-bur","8":"product_cat-fugl","9":"product_cat-fugl-som-hobby","10":"product_cat-lys-varme-fugl","11":"product_cat-lys-varme-paerer","12":"product_cat-lys-varme-reptil","13":"product_tag-terrarium-lys-og-varme","15":"first","16":"instock","17":"downloadable","18":"taxable","19":"shipping-taxable","20":"purchasable","21":"product-type-simple"},"exclude_global_add_ons":[],"addons":[],"brands":[{"id":1012,"name":"Reptilland","slug":"reptilland"}],"_links":{"self":[{"href":"https:\/\/fuglebutikken.no\/en\/wp-json\/wp\/v2\/product\/6223","targetHints":{"allow":["GET"]}}],"collection":[{"href":"https:\/\/fuglebutikken.no\/en\/wp-json\/wp\/v2\/product"}],"about":[{"href":"https:\/\/fuglebutikken.no\/en\/wp-json\/wp\/v2\/types\/product"}],"replies":[{"embeddable":true,"href":"https:\/\/fuglebutikken.no\/en\/wp-json\/wp\/v2\/comments?post=6223"}],"wp:featuredmedia":[{"embeddable":true,"href":"https:\/\/fuglebutikken.no\/en\/wp-json\/wp\/v2\/media\/25930"}],"wp:attachment":[{"href":"https:\/\/fuglebutikken.no\/en\/wp-json\/wp\/v2\/media?parent=6223"}],"wp:term":[{"taxonomy":"pwb-brand","embeddable":true,"href":"https:\/\/fuglebutikken.no\/en\/wp-json\/wp\/v2\/pwb-brand?post=6223"},{"taxonomy":"product_brand","embeddable":true,"href":"https:\/\/fuglebutikken.no\/en\/wp-json\/wp\/v2\/product_brand?post=6223"},{"taxonomy":"product_cat","embeddable":true,"href":"https:\/\/fuglebutikken.no\/en\/wp-json\/wp\/v2\/product_cat?post=6223"},{"taxonomy":"product_tag","embeddable":true,"href":"https:\/\/fuglebutikken.no\/en\/wp-json\/wp\/v2\/product_tag?post=6223"},{"taxonomy":"woo-feed-brand","embeddable":true,"href":"https:\/\/fuglebutikken.no\/en\/wp-json\/wp\/v2\/woo-feed-brand?post=6223"}],"curies":[{"name":"wp","href":"https:\/\/api.w.org\/{rel}","templated":true}]}}