{"id":6206,"date":"2020-03-01T16:25:09","date_gmt":"2020-03-01T15:25:09","guid":{"rendered":"https:\/\/fuglebutikken.no\/butikk\/ukategorisert\/lampe-beskytter\/"},"modified":"2025-12-16T20:35:26","modified_gmt":"2025-12-16T19:35:26","slug":"lampe-beskytter","status":"publish","type":"product","link":"https:\/\/fuglebutikken.no\/en\/butikk\/fugl-som-hobby\/fugl\/lys-varme-fugl\/paereholder\/lampe-beskytter\/","title":{"rendered":"Lampe beskytter"},"content":{"rendered":"<h2 class=\"\">Lampe beskytter \u2013 Terrarielampe beskytter 15x22cm<\/h2>\n<p>Forhindrer at dyr kommer i kontakt med lampen og brenner seg. Til permanent installasjon. Med ekstra tettmasket nett. Lett \u00e5pning og lukking med fj\u00e6rl\u00e5s.<\/p>","protected":false},"excerpt":{"rendered":"<h3 class=\"\">Lampe beskytter \u2013 Terrarielampe beskytter 15x22cm<\/h3>\n<ul>\n<li>Beskyttelsesdeksel i pulver lakkert metall<\/li>\n<li>Forhindrer at dyr kommer inn i og for n\u00e6r kontakt med lampen<\/li>\n<li>Tett nede med sm\u00e5 \u00e5pninger<\/li>\n<li>Med l\u00e5s som er enkel \u00e5 \u00e5pne og lukke<\/li>\n<li>Med gummiert kabel gjennomf\u00f8ring<\/li>\n<li>Perfekt i kombinasjon med keramisk lampeholder Pro Socket<\/li>\n<\/ul>","protected":false},"featured_media":25955,"comment_status":"open","ping_status":"closed","template":"","meta":{"content-type":"","_uf_show_specific_survey":0,"_uf_disable_surveys":false,"_monsterinsights_skip_tracking":false,"_monsterinsights_sitenote_active":false,"_monsterinsights_sitenote_note":"","_monsterinsights_sitenote_category":0},"pwb-brand":[653],"product_brand":[],"product_cat":[1661,41,1147,2200,2116,1496],"product_tag":[3036],"woo-feed-brand":[],"class_list":{"0":"post-6206","1":"product","2":"type-product","3":"status-publish","4":"has-post-thumbnail","6":"pwb-brand-trixie","7":"product_cat-armatur-paereholder","8":"product_cat-fugl","9":"product_cat-fugl-som-hobby","10":"product_cat-lys-varme-fugl","11":"product_cat-lys-varme-reptil","12":"product_cat-paereholder","13":"product_tag-terrarium-lys-og-varme","15":"first","16":"instock","17":"taxable","18":"shipping-taxable","19":"purchasable","20":"product-type-variable","21":"has-default-attributes"},"exclude_global_add_ons":[],"addons":[],"brands":[{"id":653,"name":"Trixie","slug":"trixie"}],"_links":{"self":[{"href":"https:\/\/fuglebutikken.no\/en\/wp-json\/wp\/v2\/product\/6206","targetHints":{"allow":["GET"]}}],"collection":[{"href":"https:\/\/fuglebutikken.no\/en\/wp-json\/wp\/v2\/product"}],"about":[{"href":"https:\/\/fuglebutikken.no\/en\/wp-json\/wp\/v2\/types\/product"}],"replies":[{"embeddable":true,"href":"https:\/\/fuglebutikken.no\/en\/wp-json\/wp\/v2\/comments?post=6206"}],"wp:featuredmedia":[{"embeddable":true,"href":"https:\/\/fuglebutikken.no\/en\/wp-json\/wp\/v2\/media\/25955"}],"wp:attachment":[{"href":"https:\/\/fuglebutikken.no\/en\/wp-json\/wp\/v2\/media?parent=6206"}],"wp:term":[{"taxonomy":"pwb-brand","embeddable":true,"href":"https:\/\/fuglebutikken.no\/en\/wp-json\/wp\/v2\/pwb-brand?post=6206"},{"taxonomy":"product_brand","embeddable":true,"href":"https:\/\/fuglebutikken.no\/en\/wp-json\/wp\/v2\/product_brand?post=6206"},{"taxonomy":"product_cat","embeddable":true,"href":"https:\/\/fuglebutikken.no\/en\/wp-json\/wp\/v2\/product_cat?post=6206"},{"taxonomy":"product_tag","embeddable":true,"href":"https:\/\/fuglebutikken.no\/en\/wp-json\/wp\/v2\/product_tag?post=6206"},{"taxonomy":"woo-feed-brand","embeddable":true,"href":"https:\/\/fuglebutikken.no\/en\/wp-json\/wp\/v2\/woo-feed-brand?post=6206"}],"curies":[{"name":"wp","href":"https:\/\/api.w.org\/{rel}","templated":true}]}}