{"id":6196,"date":"2022-01-07T15:00:52","date_gmt":"2022-01-07T14:00:52","guid":{"rendered":"https:\/\/fuglebutikken.no\/butikk\/ukategorisert\/back-2-nature-papirstro\/"},"modified":"2026-02-24T08:38:59","modified_gmt":"2026-02-24T07:38:59","slug":"back-2-nature-papirstro","status":"publish","type":"product","link":"https:\/\/fuglebutikken.no\/en\/butikk\/fugl-som-hobby\/fugl\/fuglebur-og-fuglebur-tilbehor\/bur-tilbehor\/fuglesand\/back-2-nature-papirstro\/","title":{"rendered":"Back 2 Nature papirstr\u00f8"},"content":{"rendered":"<h2>Back 2 Nature papirstr\u00f8<\/h2>\n<p>Back to Nature har en enest\u00e5ende absorberings evne b\u00e5de n\u00e5r den p\u00e5f\u00f8res fuktighet og duft. Produseres uten bruk av kjemikalier.<\/p>\n<p>Back-2-Nature er laget av 99% resirkulert papir og etter bruk kan de komposteres eller spres i blomsterbed og f.eks.<br \/>\nbrukes til \u00e5 beskytte planter mot frostskader.<br \/>\nEmballasjen og blekktypen er ogs\u00e5 komposter bar.<\/p>\n<p><img decoding=\"async\" class=\"size-medium wp-image-69347 alignleft\" src=\"https:\/\/dgspetproducts.no\/wp-content\/uploads\/2022\/01\/Back-2-Nature-papirstro-475x500.png\" alt=\"\" width=\"475\" height=\"500\"><\/p>\n<p><strong>back-2-nature<\/strong><br \/>\nI l\u00f8pet av de siste 10 \u00e5rene har back-2-nature levert komfortable og trygge sm\u00e5 hjem til v\u00e5re minste kj\u00e6ledyr gjennom deres bunnmaterialer og sted for avf\u00f8ring til sm\u00e5dyr. Laget av 99 % resirkulert papir, back-2-natures flatere og rillede pellets gj\u00f8r at fuktighet absorberes i stedet for \u00e5 v\u00e6re p\u00e5 overflaten p\u00e5 vanlig burstr\u00f8 , og gj\u00f8r at dine sm\u00e5dyr og gnagere kan g\u00e5 p\u00e5 t\u00f8rt bunnmateriale og er derfor mindre utsatt for irritasjoner og ubehageligheter som er i v\u00e5te burstr\u00f8. Med en flatere overflate gir back-2-nature en tryggere opplevelse for sm\u00e5 poter, siden pellets ikke ruller rundt n\u00e5r de hoppes eller springer over.<\/p>\n<p>Steril fabrikk og produksjonslokaler gj\u00f8r at Back-2-Nature har lite st\u00f8v og reduserer irritasjonene som oppst\u00e5r fra h\u00f8y og furuspon.<\/p>\n<p>back-2-nature bunnstr\u00f8 kan komposteres.<\/p>\n<p>Egnet for kaniner, gnagere, ildere, fugler og krypdyr.<\/p>\n<p>&nbsp;<\/p>\n<p>&nbsp;<\/p>\n<p>&nbsp;<\/p>\n<p>&nbsp;<\/p>\n<h4>Bruks anbefaling<\/h4>\n<p>Hell i burstr\u00f8 slik at dybden i buret blir 2-4 cm, da har du en dybde som gj\u00f8r at avf\u00f8ring og urin kapsler seg inn f\u00f8r det kommer til bunn.<br \/>\nUrin i burbunn gir lukt, og er ofte et tegn p\u00e5 at du har for tynt lag.<\/p>\n<p>Hvis kj\u00e6ledyret ditt ikke godtar de nye pellets, dryss litt over eksisterende bunnmaterialer og \u00f8k med Back.2-Natyre hver uke ukentlig<\/p>\n<p>For best resultat, fjern fast avfall regelmessig og r\u00f8r i pelletsen for \u00e5 lufte.<\/p>\n<p>Fyll p\u00e5 med ferske pellets etter behov og skift helt ut minst en gang i uken<\/p>\n<p>Vi anbefaler at du ikke spyler back-2-nature ned i toalettet.<\/p>","protected":false},"excerpt":{"rendered":"<h3>Back 2 Nature papirstr\u00f8<\/h3>\n<p>Disse unikt formede pellets er praktisk talt st\u00f8vfrie, som gir mindre irritasjon av slimhinnene til b\u00e5de dyret<br \/>\nog eier og mindre rengj\u00f8ring rundt buret.<\/p>\n<ul>\n<li>Egnet for gnagere, pattedyr, fugler og reptiler<\/li>\n<li>Naturlig luktkontroll<\/li>\n<li>Myk p\u00e5 sm\u00e5 poter<\/li>\n<li>99 % resirkulert papir<\/li>\n<li>Inneholder ingen skadelige tilsetningsstoffer<\/li>\n<li>Laget i Australia<\/li>\n<li>Lite st\u00f8v<\/li>\n<\/ul>\n<p>&nbsp;<\/p>","protected":false},"featured_media":27593,"comment_status":"closed","ping_status":"closed","template":"","meta":{"content-type":"","_uf_show_specific_survey":0,"_uf_disable_surveys":false,"_monsterinsights_skip_tracking":false,"_monsterinsights_sitenote_active":false,"_monsterinsights_sitenote_note":"","_monsterinsights_sitenote_category":0},"pwb-brand":[],"product_brand":[],"product_cat":[2029,2202,2203,41,102,2154],"product_tag":[],"woo-feed-brand":[],"class_list":{"0":"post-6196","1":"product","2":"type-product","3":"status-publish","4":"has-post-thumbnail","6":"product_cat-bunnmaterialer","7":"product_cat-fugl-bur","8":"product_cat-bur-tilbehor","9":"product_cat-fugl","10":"product_cat-fuglesand","11":"product_cat-reptildekor","13":"first","14":"outofstock","15":"taxable","16":"shipping-taxable","17":"purchasable","18":"product-type-variable","19":"has-default-attributes"},"exclude_global_add_ons":[],"addons":[],"brands":[],"_links":{"self":[{"href":"https:\/\/fuglebutikken.no\/en\/wp-json\/wp\/v2\/product\/6196","targetHints":{"allow":["GET"]}}],"collection":[{"href":"https:\/\/fuglebutikken.no\/en\/wp-json\/wp\/v2\/product"}],"about":[{"href":"https:\/\/fuglebutikken.no\/en\/wp-json\/wp\/v2\/types\/product"}],"replies":[{"embeddable":true,"href":"https:\/\/fuglebutikken.no\/en\/wp-json\/wp\/v2\/comments?post=6196"}],"wp:featuredmedia":[{"embeddable":true,"href":"https:\/\/fuglebutikken.no\/en\/wp-json\/wp\/v2\/media\/27593"}],"wp:attachment":[{"href":"https:\/\/fuglebutikken.no\/en\/wp-json\/wp\/v2\/media?parent=6196"}],"wp:term":[{"taxonomy":"pwb-brand","embeddable":true,"href":"https:\/\/fuglebutikken.no\/en\/wp-json\/wp\/v2\/pwb-brand?post=6196"},{"taxonomy":"product_brand","embeddable":true,"href":"https:\/\/fuglebutikken.no\/en\/wp-json\/wp\/v2\/product_brand?post=6196"},{"taxonomy":"product_cat","embeddable":true,"href":"https:\/\/fuglebutikken.no\/en\/wp-json\/wp\/v2\/product_cat?post=6196"},{"taxonomy":"product_tag","embeddable":true,"href":"https:\/\/fuglebutikken.no\/en\/wp-json\/wp\/v2\/product_tag?post=6196"},{"taxonomy":"woo-feed-brand","embeddable":true,"href":"https:\/\/fuglebutikken.no\/en\/wp-json\/wp\/v2\/woo-feed-brand?post=6196"}],"curies":[{"name":"wp","href":"https:\/\/api.w.org\/{rel}","templated":true}]}}