{"id":605,"date":"2020-02-22T18:11:37","date_gmt":"2020-02-22T17:11:37","guid":{"rendered":"https:\/\/274105-www.web.tornado-node.net\/fugl\/product\/forkopp-medium-hagen\/"},"modified":"2025-03-06T13:59:05","modified_gmt":"2025-03-06T12:59:05","slug":"forkopp-medium-hagen","status":"publish","type":"product","link":"https:\/\/fuglebutikken.no\/en\/butikk\/fugl-som-hobby\/fugl\/fuglebur-og-fuglebur-tilbehor\/bur-tilbehor\/fugleskaler-og-automater\/forkopp-medium-hagen\/","title":{"rendered":"Matsk\u00e5l medium hagen"},"content":{"rendered":"","protected":false},"excerpt":{"rendered":"<p>Matsk\u00e5l medium hagen er en standard matsk\u00e5l.<\/p>","protected":false},"featured_media":14340,"comment_status":"closed","ping_status":"closed","template":"","meta":{"content-type":"","_uf_show_specific_survey":0,"_uf_disable_surveys":false,"_monsterinsights_skip_tracking":false,"_monsterinsights_sitenote_active":false,"_monsterinsights_sitenote_note":"","_monsterinsights_sitenote_category":0},"pwb-brand":[917],"product_brand":[],"product_cat":[41,1147,50],"product_tag":[],"woo-feed-brand":[],"class_list":{"0":"post-605","1":"product","2":"type-product","3":"status-publish","4":"has-post-thumbnail","6":"pwb-brand-living-world","7":"product_cat-fugl","8":"product_cat-fugl-som-hobby","9":"product_cat-fugleskaler-og-automater","11":"first","12":"instock","13":"taxable","14":"shipping-taxable","15":"purchasable","16":"product-type-simple"},"exclude_global_add_ons":[],"addons":[],"brands":[{"id":917,"name":"Living World","slug":"living-world"}],"_links":{"self":[{"href":"https:\/\/fuglebutikken.no\/en\/wp-json\/wp\/v2\/product\/605","targetHints":{"allow":["GET"]}}],"collection":[{"href":"https:\/\/fuglebutikken.no\/en\/wp-json\/wp\/v2\/product"}],"about":[{"href":"https:\/\/fuglebutikken.no\/en\/wp-json\/wp\/v2\/types\/product"}],"replies":[{"embeddable":true,"href":"https:\/\/fuglebutikken.no\/en\/wp-json\/wp\/v2\/comments?post=605"}],"wp:featuredmedia":[{"embeddable":true,"href":"https:\/\/fuglebutikken.no\/en\/wp-json\/wp\/v2\/media\/14340"}],"wp:attachment":[{"href":"https:\/\/fuglebutikken.no\/en\/wp-json\/wp\/v2\/media?parent=605"}],"wp:term":[{"taxonomy":"pwb-brand","embeddable":true,"href":"https:\/\/fuglebutikken.no\/en\/wp-json\/wp\/v2\/pwb-brand?post=605"},{"taxonomy":"product_brand","embeddable":true,"href":"https:\/\/fuglebutikken.no\/en\/wp-json\/wp\/v2\/product_brand?post=605"},{"taxonomy":"product_cat","embeddable":true,"href":"https:\/\/fuglebutikken.no\/en\/wp-json\/wp\/v2\/product_cat?post=605"},{"taxonomy":"product_tag","embeddable":true,"href":"https:\/\/fuglebutikken.no\/en\/wp-json\/wp\/v2\/product_tag?post=605"},{"taxonomy":"woo-feed-brand","embeddable":true,"href":"https:\/\/fuglebutikken.no\/en\/wp-json\/wp\/v2\/woo-feed-brand?post=605"}],"curies":[{"name":"wp","href":"https:\/\/api.w.org\/{rel}","templated":true}]}}