{"id":5986,"date":"2020-03-01T16:29:43","date_gmt":"2020-03-01T15:29:43","guid":{"rendered":"https:\/\/fuglebutikken.no\/butikk\/ukategorisert\/bio-life-aircleanse\/"},"modified":"2025-03-25T18:07:59","modified_gmt":"2025-03-25T17:07:59","slug":"bio-life-aircleanse","status":"publish","type":"product","link":"https:\/\/fuglebutikken.no\/en\/butikk\/katt-som-hobby\/katt\/hygiene-og-pels\/hygiene\/allergi\/bio-life-aircleanse\/","title":{"rendered":"Bio-Life Aircleanse"},"content":{"rendered":"<div>\n<ul>\n<li>N\u00f8ytraliserer dyrallergener, st\u00f8vmidd og pollenpartikler som kan for\u00e5rsake allergiske reaksjoner hos mennesker.<\/li>\n<li>Sprayes rundt i rommet og n\u00f8ytraliserer allergener som sitter i rommet. St\u00f8vsug etter 2 timer.<\/li>\n<li>Kan sprayes p\u00e5 madrasser, puter, matter, gardiner og kj\u00e6ledyrets seng. La det t\u00f8rke i 2-3 timer f\u00f8r man st\u00f8vsuger.<\/li>\n<li>Mot st\u00f8vmidd og dyrallergen skal sprayen brukes 1 gang i m\u00e5neden. Under pollensesong kan den brukes 1 gang i uken. Hold d\u00f8rer og vinduer lukket for max effekt.<\/li>\n<\/ul>\n<p><span style=\"font-family: Helvetica, arial, verdana, sans-serif; overflow-wrap: break-word; -webkit-font-smoothing: antialiased; text-size-adjust: 100%; font-weight: 700; color: rgb(17, 17, 17);\">Air Cleanse Spray-<\/span><span style=\"color: rgb(17, 17, 17); font-family: Helvetica, arial, verdana, sans-serif;\">&nbsp;Anti-allergen romspray som fjerner pollen, husst\u00f8vmidd og kj\u00e6ledyrallergener samt muggsporer som for\u00e5rsaker h\u00f8ysnue, nysing, tungpustethet, astma, eksem og elveblest.<\/span><br style=\"font-family: Helvetica, arial, verdana, sans-serif; overflow-wrap: break-word; -webkit-font-smoothing: antialiased; text-size-adjust: 100%; color: rgb(17, 17, 17);\"><br style=\"font-family: Helvetica, arial, verdana, sans-serif; overflow-wrap: break-word; -webkit-font-smoothing: antialiased; text-size-adjust: 100%; color: rgb(17, 17, 17);\"><span style=\"color: rgb(17, 17, 17); font-family: Helvetica, arial, verdana, sans-serif;\">Alle de vanlige allergenene i hjemmet blir luftb\u00e5rne p\u00e5 et eller annet stadium. Disse partiklene er de viktigste \u00e5rsakene til \u00f8ye-, nese-, hals- og pustevansker, og kan ogs\u00e5 bidra til hudirritasjoner. \u00c5 fjerne disse partiklene fra luften er avgj\u00f8rende, og det er rollen til&nbsp;<\/span><span style=\"font-family: Helvetica, arial, verdana, sans-serif; overflow-wrap: break-word; -webkit-font-smoothing: antialiased; text-size-adjust: 100%; font-weight: 700; color: rgb(17, 17, 17);\">AirCleanse<\/span><span style=\"color: rgb(17, 17, 17); font-family: Helvetica, arial, verdana, sans-serif;\">&nbsp;\u2122.<\/span><br style=\"font-family: Helvetica, arial, verdana, sans-serif; overflow-wrap: break-word; -webkit-font-smoothing: antialiased; text-size-adjust: 100%; color: rgb(17, 17, 17);\"><br style=\"font-family: Helvetica, arial, verdana, sans-serif; overflow-wrap: break-word; -webkit-font-smoothing: antialiased; text-size-adjust: 100%; color: rgb(17, 17, 17);\"><span style=\"color: rgb(17, 17, 17); font-family: Helvetica, arial, verdana, sans-serif;\">Reduserer allergenmengden med minst 65% alene, opp til 85% n\u00e5r det brukes i kombinasjon med&nbsp;<\/span><span style=\"font-family: Helvetica, arial, verdana, sans-serif; overflow-wrap: break-word; -webkit-font-smoothing: antialiased; text-size-adjust: 100%; font-weight: 700; color: rgb(17, 17, 17);\">PetalCleance.<\/span><br style=\"font-family: Helvetica, arial, verdana, sans-serif; overflow-wrap: break-word; -webkit-font-smoothing: antialiased; text-size-adjust: 100%; color: rgb(17, 17, 17);\"><br style=\"font-family: Helvetica, arial, verdana, sans-serif; overflow-wrap: break-word; -webkit-font-smoothing: antialiased; text-size-adjust: 100%; color: rgb(17, 17, 17);\"><span style=\"color: rgb(17, 17, 17); font-family: Helvetica, arial, verdana, sans-serif;\">Enkel i bruk da den kommer som sprayflaske. Den inneholder negativt ladede aktive stoffer som feller partikler og essensielle oljer som bryter dem ned.<\/span><br style=\"font-family: Helvetica, arial, verdana, sans-serif; overflow-wrap: break-word; -webkit-font-smoothing: antialiased; text-size-adjust: 100%; color: rgb(17, 17, 17);\"><br style=\"font-family: Helvetica, arial, verdana, sans-serif; overflow-wrap: break-word; -webkit-font-smoothing: antialiased; text-size-adjust: 100%; color: rgb(17, 17, 17);\"><span style=\"font-family: Helvetica, arial, verdana, sans-serif; overflow-wrap: break-word; -webkit-font-smoothing: antialiased; text-size-adjust: 100%; font-weight: 700; color: rgb(17, 17, 17);\">Hyppighet:<\/span><br style=\"font-family: Helvetica, arial, verdana, sans-serif; overflow-wrap: break-word; -webkit-font-smoothing: antialiased; text-size-adjust: 100%; color: rgb(17, 17, 17);\"><span style=\"color: rgb(17, 17, 17); font-family: Helvetica, arial, verdana, sans-serif;\">Rommene skal sprayes med 1 sprut per 5 kubikkmeter. P\u00e5f\u00f8ringshyppigheten avhenger av det forn\u00e6rmende allergenet.<\/span><br style=\"font-family: Helvetica, arial, verdana, sans-serif; overflow-wrap: break-word; -webkit-font-smoothing: antialiased; text-size-adjust: 100%; color: rgb(17, 17, 17);\"><span style=\"font-family: Helvetica, arial, verdana, sans-serif; overflow-wrap: break-word; -webkit-font-smoothing: antialiased; text-size-adjust: 100%; font-weight: 700; color: rgb(17, 17, 17);\">Pollensesong:<\/span><span style=\"color: rgb(17, 17, 17); font-family: Helvetica, arial, verdana, sans-serif;\">&nbsp;Daglig med d\u00f8rer og vinduer lukket.<\/span><br style=\"font-family: Helvetica, arial, verdana, sans-serif; overflow-wrap: break-word; -webkit-font-smoothing: antialiased; text-size-adjust: 100%; color: rgb(17, 17, 17);\"><span style=\"font-family: Helvetica, arial, verdana, sans-serif; overflow-wrap: break-word; -webkit-font-smoothing: antialiased; text-size-adjust: 100%; font-weight: 700; color: rgb(17, 17, 17);\">Dyr og st\u00f8vmid:&nbsp;<\/span><span style=\"color: rgb(17, 17, 17); font-family: Helvetica, arial, verdana, sans-serif;\">To ganger i uken i tre uker og en gang i uken deretter.<\/span><br style=\"font-family: Helvetica, arial, verdana, sans-serif; overflow-wrap: break-word; -webkit-font-smoothing: antialiased; text-size-adjust: 100%; color: rgb(17, 17, 17);\"><br style=\"font-family: Helvetica, arial, verdana, sans-serif; overflow-wrap: break-word; -webkit-font-smoothing: antialiased; text-size-adjust: 100%; color: rgb(17, 17, 17);\"><span style=\"font-family: Helvetica, arial, verdana, sans-serif; overflow-wrap: break-word; -webkit-font-smoothing: antialiased; text-size-adjust: 100%; font-weight: 700; color: rgb(17, 17, 17);\">Hvis du har bes\u00f8kende som er allergiske, husk at dette er den perfekte \u201craske\u201d l\u00f8sningen!<\/span><\/p>\n<\/div>","protected":false},"excerpt":{"rendered":"<p>Bio-Life Aircleanse<br \/>\nAircleanse fjerner allergener fra luften.<\/p>\n<p>N\u00f8ytraliserer allergener innend\u00f8rs st\u00f8vmidd, dyreallergener og pollen i luften<br \/>\nsom kan gi nysing, kl\u00f8ende \u00f8ye eksem etc. Spray i rommet (1 spray<br \/>\nper 5 kubikkmeter luft) og st\u00f8vsug 2-3 timer senere. Bruk den to-tre ganger i uken<br \/>\nde f\u00f8rste ukene, deretter en gang i uken.<\/p>","protected":false},"featured_media":15086,"comment_status":"open","ping_status":"closed","template":"","meta":{"content-type":"","_uf_show_specific_survey":0,"_uf_disable_surveys":false,"_monsterinsights_skip_tracking":false,"_monsterinsights_sitenote_active":false,"_monsterinsights_sitenote_note":"","_monsterinsights_sitenote_category":0},"pwb-brand":[1340],"product_brand":[],"product_cat":[2093,41,1147,1952,2192,1013],"product_tag":[483,459],"woo-feed-brand":[],"class_list":{"0":"post-5986","1":"product","2":"type-product","3":"status-publish","4":"has-post-thumbnail","6":"pwb-brand-biolife","7":"product_cat-allergi","8":"product_cat-fugl","9":"product_cat-fugl-som-hobby","10":"product_cat-hygiene","11":"product_cat-hygiene-og-pels","12":"product_cat-pleie","13":"product_tag-katteallergi","14":"product_tag-holde-rent","16":"first","17":"instock","18":"taxable","19":"shipping-taxable","20":"purchasable","21":"product-type-simple"},"exclude_global_add_ons":[],"addons":[],"brands":[{"id":1340,"name":"BioLife","slug":"biolife"}],"_links":{"self":[{"href":"https:\/\/fuglebutikken.no\/en\/wp-json\/wp\/v2\/product\/5986","targetHints":{"allow":["GET"]}}],"collection":[{"href":"https:\/\/fuglebutikken.no\/en\/wp-json\/wp\/v2\/product"}],"about":[{"href":"https:\/\/fuglebutikken.no\/en\/wp-json\/wp\/v2\/types\/product"}],"replies":[{"embeddable":true,"href":"https:\/\/fuglebutikken.no\/en\/wp-json\/wp\/v2\/comments?post=5986"}],"wp:featuredmedia":[{"embeddable":true,"href":"https:\/\/fuglebutikken.no\/en\/wp-json\/wp\/v2\/media\/15086"}],"wp:attachment":[{"href":"https:\/\/fuglebutikken.no\/en\/wp-json\/wp\/v2\/media?parent=5986"}],"wp:term":[{"taxonomy":"pwb-brand","embeddable":true,"href":"https:\/\/fuglebutikken.no\/en\/wp-json\/wp\/v2\/pwb-brand?post=5986"},{"taxonomy":"product_brand","embeddable":true,"href":"https:\/\/fuglebutikken.no\/en\/wp-json\/wp\/v2\/product_brand?post=5986"},{"taxonomy":"product_cat","embeddable":true,"href":"https:\/\/fuglebutikken.no\/en\/wp-json\/wp\/v2\/product_cat?post=5986"},{"taxonomy":"product_tag","embeddable":true,"href":"https:\/\/fuglebutikken.no\/en\/wp-json\/wp\/v2\/product_tag?post=5986"},{"taxonomy":"woo-feed-brand","embeddable":true,"href":"https:\/\/fuglebutikken.no\/en\/wp-json\/wp\/v2\/woo-feed-brand?post=5986"}],"curies":[{"name":"wp","href":"https:\/\/api.w.org\/{rel}","templated":true}]}}