{"id":590,"date":"2020-02-22T18:12:56","date_gmt":"2020-02-22T17:12:56","guid":{"rendered":"https:\/\/274105-www.web.tornado-node.net\/fugl\/product\/matskal-crock-papegoye-plast-lasbar\/"},"modified":"2025-12-01T19:05:40","modified_gmt":"2025-12-01T18:05:40","slug":"savic-matskl-crock-plast-lsbar","status":"publish","type":"product","link":"https:\/\/fuglebutikken.no\/en\/butikk\/fugl-som-hobby\/fugl\/fuglebur-og-fuglebur-tilbehor\/bur-tilbehor\/fugleskaler-og-automater\/savic-matskl-crock-plast-lsbar\/","title":{"rendered":"Savic Matsk\u00e5l crock plast l\u00e5sbar"},"content":{"rendered":"<h2>Savic Matsk\u00e5l Crock Plast L\u00e5sbar<\/h2>\n<p>Denne innovative matsk\u00e5len fra Savic er spesielt designet for \u00e5 gj\u00f8re matingen av dine kj\u00e6ledyr enklere og mer hygienisk. Med sin robuste plastkonstruksjon og smarte l\u00e5sesystem gir den en praktisk l\u00f8sning for eiere av gnagere, papeg\u00f8yer, fugler og hunder.<\/p>\n<h3>Hovedfordeler<\/h3>\n<p>Matsk\u00e5len er laget av solid plast som t\u00e5ler daglig bruk og holder seg i god stand over tid. Den l\u00e5sbare funksjonen forhindrer s\u00f8l og holder maten trygt p\u00e5 plass, mens det innovative skruesystemet gj\u00f8r at sk\u00e5len passer til alle typer tr\u00e5dbur. Dette sikrer stabil plassering og reduserer risikoen for at maten blir spredt rundt i buret.<\/p>\n<h3>Enkel Bruk og Vedlikehold<\/h3>\n<p>Takket v\u00e6re det gjennomtenkte designet kan sk\u00e5len enkelt tas ut av holderen med bare et h\u00e5ndgrep n\u00e5r den skal fylles p\u00e5 med mat eller rengj\u00f8res. Den praktiske crock-designen gir optimal stabilitet, og sk\u00e5len er trygg for dyrets helse. For ekstra bekvemmelighet kan Crock-matsk\u00e5len vaskes i oppvaskmaskin, noe som gj\u00f8r rengj\u00f8ringen rask og effektiv.<\/p>\n<h3>Allsidig Anvendelse<\/h3>\n<p>Denne matsk\u00e5len er ideell for en rekke forskjellige dyrearter, fra sm\u00e5 gnagere til store papeg\u00f8yer og fugler. Den kan ogs\u00e5 brukes som vannsk\u00e5l, noe som gj\u00f8r den til en fleksibel l\u00f8sning for alle dine kj\u00e6ledyrs behov. Det robuste materialet og den gjennomtenkte konstruksjonen gj\u00f8r denne matsk\u00e5len til et p\u00e5litelig valg for daglig bruk.<\/p>","protected":false},"excerpt":{"rendered":"<h3>Matsk\u00e5l crock plast l\u00e5sbar<\/h3>\n<ul>\n<li>Spesiallaget matsk\u00e5l designet for Gnager, papeg\u00f8yer og store fugler<\/li>\n<li>Robust plastmateriale som t\u00e5ler daglig bruk<\/li>\n<li>L\u00e5sbar funksjon forhindrer s\u00f8l og holder maten p\u00e5 plass<\/li>\n<li>Enkel \u00e5 rengj\u00f8re og vedlikeholde<\/li>\n<li>Praktisk crock-design for stabil plassering i buret<\/li>\n<li>Sikker og trygg for fuglens helse<\/li>\n<\/ul>","protected":false},"featured_media":25357,"comment_status":"closed","ping_status":"closed","template":"","meta":{"content-type":"","_uf_show_specific_survey":0,"_uf_disable_surveys":false,"_monsterinsights_skip_tracking":false,"_monsterinsights_sitenote_active":false,"_monsterinsights_sitenote_note":"","_monsterinsights_sitenote_category":0},"pwb-brand":[710],"product_brand":[],"product_cat":[2203,41,1147,2162,50],"product_tag":[2163],"woo-feed-brand":[],"class_list":{"0":"post-590","1":"product","2":"type-product","3":"status-publish","4":"has-post-thumbnail","6":"pwb-brand-savic","7":"product_cat-bur-tilbehor","8":"product_cat-fugl","9":"product_cat-fugl-som-hobby","10":"product_cat-fuglebur-og-fuglebur-tilbehor","11":"product_cat-fugleskaler-og-automater","12":"product_tag-fugleskaler-og-f-orkopper","14":"first","15":"instock","16":"taxable","17":"shipping-taxable","18":"purchasable","19":"product-type-variable","20":"has-default-attributes"},"exclude_global_add_ons":[],"addons":[],"brands":[{"id":710,"name":"Savic","slug":"savic"}],"_links":{"self":[{"href":"https:\/\/fuglebutikken.no\/en\/wp-json\/wp\/v2\/product\/590","targetHints":{"allow":["GET"]}}],"collection":[{"href":"https:\/\/fuglebutikken.no\/en\/wp-json\/wp\/v2\/product"}],"about":[{"href":"https:\/\/fuglebutikken.no\/en\/wp-json\/wp\/v2\/types\/product"}],"replies":[{"embeddable":true,"href":"https:\/\/fuglebutikken.no\/en\/wp-json\/wp\/v2\/comments?post=590"}],"wp:featuredmedia":[{"embeddable":true,"href":"https:\/\/fuglebutikken.no\/en\/wp-json\/wp\/v2\/media\/25357"}],"wp:attachment":[{"href":"https:\/\/fuglebutikken.no\/en\/wp-json\/wp\/v2\/media?parent=590"}],"wp:term":[{"taxonomy":"pwb-brand","embeddable":true,"href":"https:\/\/fuglebutikken.no\/en\/wp-json\/wp\/v2\/pwb-brand?post=590"},{"taxonomy":"product_brand","embeddable":true,"href":"https:\/\/fuglebutikken.no\/en\/wp-json\/wp\/v2\/product_brand?post=590"},{"taxonomy":"product_cat","embeddable":true,"href":"https:\/\/fuglebutikken.no\/en\/wp-json\/wp\/v2\/product_cat?post=590"},{"taxonomy":"product_tag","embeddable":true,"href":"https:\/\/fuglebutikken.no\/en\/wp-json\/wp\/v2\/product_tag?post=590"},{"taxonomy":"woo-feed-brand","embeddable":true,"href":"https:\/\/fuglebutikken.no\/en\/wp-json\/wp\/v2\/woo-feed-brand?post=590"}],"curies":[{"name":"wp","href":"https:\/\/api.w.org\/{rel}","templated":true}]}}