{"id":5722,"date":"2021-11-11T02:25:20","date_gmt":"2021-11-11T01:25:20","guid":{"rendered":"https:\/\/fuglebutikken.no\/butikk\/ukategorisert\/trixie-matstasjon-for-peanottsmor-meisebolle\/"},"modified":"2025-09-20T10:42:19","modified_gmt":"2025-09-20T08:42:19","slug":"trixie-matstasjon-for-peanottsmor-meisebolle","status":"publish","type":"product","link":"https:\/\/fuglebutikken.no\/en\/butikk\/utefugl-dyr\/hage-og-utedyr\/utefugl\/utefuglskaler-og-automater\/trixie-matstasjon-for-peanottsmor-meisebolle\/","title":{"rendered":"Trixie Matstasjon for pean\u00f8ttsm\u00f8r-meisebolle"},"content":{"rendered":"<h2>Trixie Matstasjon for pean\u00f8ttsm\u00f8r-meisebolle<\/h2>","protected":false},"excerpt":{"rendered":"<h3>Trixie Matstasjon for pean\u00f8ttsm\u00f8r-meisebolle<\/h3>\n<ul>\n<li>L:13 x B:15 x H:15 cm<\/li>\n<li>\u00d87,5 cm hull til pean\u00f8ttsm\u00f8r eller store meiseboller<\/li>\n<li>Laget i lasert Furu<\/li>\n<\/ul>","protected":false},"featured_media":21960,"comment_status":"closed","ping_status":"closed","template":"","meta":{"content-type":"","_uf_show_specific_survey":0,"_uf_disable_surveys":false,"_monsterinsights_skip_tracking":false,"_monsterinsights_sitenote_active":false,"_monsterinsights_sitenote_note":"","_monsterinsights_sitenote_category":0},"pwb-brand":[653],"product_brand":[],"product_cat":[3234,66,721],"product_tag":[1587],"woo-feed-brand":[],"class_list":{"0":"post-5722","1":"product","2":"type-product","3":"status-publish","4":"has-post-thumbnail","6":"pwb-brand-trixie","7":"product_cat-utefuglskaler-og-automater","8":"product_cat-utefugl-dyr","9":"product_cat-utefugl","10":"product_tag-villfugl","12":"first","13":"instock","14":"taxable","15":"shipping-taxable","16":"purchasable","17":"product-type-simple"},"exclude_global_add_ons":[],"addons":[],"brands":[{"id":653,"name":"Trixie","slug":"trixie"}],"_links":{"self":[{"href":"https:\/\/fuglebutikken.no\/en\/wp-json\/wp\/v2\/product\/5722","targetHints":{"allow":["GET"]}}],"collection":[{"href":"https:\/\/fuglebutikken.no\/en\/wp-json\/wp\/v2\/product"}],"about":[{"href":"https:\/\/fuglebutikken.no\/en\/wp-json\/wp\/v2\/types\/product"}],"replies":[{"embeddable":true,"href":"https:\/\/fuglebutikken.no\/en\/wp-json\/wp\/v2\/comments?post=5722"}],"wp:featuredmedia":[{"embeddable":true,"href":"https:\/\/fuglebutikken.no\/en\/wp-json\/wp\/v2\/media\/21960"}],"wp:attachment":[{"href":"https:\/\/fuglebutikken.no\/en\/wp-json\/wp\/v2\/media?parent=5722"}],"wp:term":[{"taxonomy":"pwb-brand","embeddable":true,"href":"https:\/\/fuglebutikken.no\/en\/wp-json\/wp\/v2\/pwb-brand?post=5722"},{"taxonomy":"product_brand","embeddable":true,"href":"https:\/\/fuglebutikken.no\/en\/wp-json\/wp\/v2\/product_brand?post=5722"},{"taxonomy":"product_cat","embeddable":true,"href":"https:\/\/fuglebutikken.no\/en\/wp-json\/wp\/v2\/product_cat?post=5722"},{"taxonomy":"product_tag","embeddable":true,"href":"https:\/\/fuglebutikken.no\/en\/wp-json\/wp\/v2\/product_tag?post=5722"},{"taxonomy":"woo-feed-brand","embeddable":true,"href":"https:\/\/fuglebutikken.no\/en\/wp-json\/wp\/v2\/woo-feed-brand?post=5722"}],"curies":[{"name":"wp","href":"https:\/\/api.w.org\/{rel}","templated":true}]}}