{"id":5710,"date":"2021-11-11T00:59:36","date_gmt":"2021-11-10T23:59:36","guid":{"rendered":"https:\/\/fuglebutikken.no\/butikk\/ukategorisert\/fugleforautomat-til-meiseboller-med-vaier\/"},"modified":"2025-03-06T13:57:59","modified_gmt":"2025-03-06T12:57:59","slug":"fugleforautomat-til-meiseboller-med-vaier","status":"publish","type":"product","link":"https:\/\/fuglebutikken.no\/en\/butikk\/utefugl-dyr\/hage-og-utedyr\/utefugl\/fugleforautomat-til-meiseboller-med-vaier\/","title":{"rendered":"Fugleforautomat til meiseboller med vaier"},"content":{"rendered":"","protected":false},"excerpt":{"rendered":"<p>Fugleforautomat til meiseboller med vaier.<\/p>\n<p>Med denne automaten kan du trygt henge ut meiseboller til fuglene. Legg gjerne sm\u00e5 epler i tillegg. Lokket skues av for p\u00e5fylling. Det er hull i bunn for \u00e5 slippe ut vann\/fuktighet.<\/p>\n<ul>\n<li>Lengde 26 cm<\/li>\n<li>St\u00e5lwire 30 cm<\/li>\n<li>7cm diameter p\u00e5 r\u00f8ret<\/li>\n<li>14cm diameter p\u00e5 bunn<\/li>\n<\/ul>","protected":false},"featured_media":13797,"comment_status":"closed","ping_status":"closed","template":"","meta":{"content-type":"","_uf_show_specific_survey":0,"_uf_disable_surveys":false,"_monsterinsights_skip_tracking":false,"_monsterinsights_sitenote_active":false,"_monsterinsights_sitenote_note":"","_monsterinsights_sitenote_category":0},"pwb-brand":[1002],"product_brand":[],"product_cat":[66,721],"product_tag":[1587],"woo-feed-brand":[],"class_list":{"0":"post-5710","1":"product","2":"type-product","3":"status-publish","4":"has-post-thumbnail","6":"pwb-brand-hercules","7":"product_cat-utefugl-dyr","8":"product_cat-utefugl","9":"product_tag-villfugl","11":"first","12":"outofstock","13":"taxable","14":"shipping-taxable","15":"purchasable","16":"product-type-simple"},"exclude_global_add_ons":[],"addons":[],"brands":[{"id":1002,"name":"Hercules","slug":"hercules"}],"_links":{"self":[{"href":"https:\/\/fuglebutikken.no\/en\/wp-json\/wp\/v2\/product\/5710","targetHints":{"allow":["GET"]}}],"collection":[{"href":"https:\/\/fuglebutikken.no\/en\/wp-json\/wp\/v2\/product"}],"about":[{"href":"https:\/\/fuglebutikken.no\/en\/wp-json\/wp\/v2\/types\/product"}],"replies":[{"embeddable":true,"href":"https:\/\/fuglebutikken.no\/en\/wp-json\/wp\/v2\/comments?post=5710"}],"wp:featuredmedia":[{"embeddable":true,"href":"https:\/\/fuglebutikken.no\/en\/wp-json\/wp\/v2\/media\/13797"}],"wp:attachment":[{"href":"https:\/\/fuglebutikken.no\/en\/wp-json\/wp\/v2\/media?parent=5710"}],"wp:term":[{"taxonomy":"pwb-brand","embeddable":true,"href":"https:\/\/fuglebutikken.no\/en\/wp-json\/wp\/v2\/pwb-brand?post=5710"},{"taxonomy":"product_brand","embeddable":true,"href":"https:\/\/fuglebutikken.no\/en\/wp-json\/wp\/v2\/product_brand?post=5710"},{"taxonomy":"product_cat","embeddable":true,"href":"https:\/\/fuglebutikken.no\/en\/wp-json\/wp\/v2\/product_cat?post=5710"},{"taxonomy":"product_tag","embeddable":true,"href":"https:\/\/fuglebutikken.no\/en\/wp-json\/wp\/v2\/product_tag?post=5710"},{"taxonomy":"woo-feed-brand","embeddable":true,"href":"https:\/\/fuglebutikken.no\/en\/wp-json\/wp\/v2\/woo-feed-brand?post=5710"}],"curies":[{"name":"wp","href":"https:\/\/api.w.org\/{rel}","templated":true}]}}