{"id":571,"date":"2020-02-22T18:11:16","date_gmt":"2020-02-22T17:11:16","guid":{"rendered":"https:\/\/274105-www.web.tornado-node.net\/fugl\/product\/mineralsten-i-krukke-650gr-rod-for-duer-o10-h7cm\/"},"modified":"2025-11-11T19:44:22","modified_gmt":"2025-11-11T18:44:22","slug":"mineralsten-i-krukke-600gr-rd-for-duer-10-h7cm","status":"publish","type":"product","link":"https:\/\/fuglebutikken.no\/en\/butikk\/utefugl-dyr\/hage-og-utedyr\/utefugl\/due\/vitaminer-og-mineraler-duer\/mineralsten-i-krukke-600gr-rd-for-duer-10-h7cm\/","title":{"rendered":"Mineralsten i krukke 600gr r\u00f8d for duer \u00f810 h7cm"},"content":{"rendered":"<h2 class=\"\">Mineralsten i krukke 600gr r\u00f8d for duer \u00f810 h7cm<\/h2>\n<p class=\"ds-markdown-paragraph\" style=\"margin-right: 0px; margin-bottom: 13.716px; margin-left: 0px; font-size: 16.002px; line-height: 28.575px; color: rgb(64, 64, 64); font-family: quote-cjk-patch, Inter, system-ui, -apple-system, BlinkMacSystemFont, &quot;Segoe UI&quot;, Roboto, &quot;Noto Sans&quot;, Ubuntu, Cantarell, &quot;Helvetica Neue&quot;, Oxygen, &quot;Open Sans&quot;, sans-serif;\"><span style=\"font-weight: 600;\">Produktbeskrivelse: Mineralsten i krukke 600g \u2013 Pickstone Red for duer<\/span><\/p>\n<p class=\"ds-markdown-paragraph\" style=\"margin: 13.716px 0px; font-size: 16.002px; line-height: 28.575px; color: rgb(64, 64, 64); font-family: quote-cjk-patch, Inter, system-ui, -apple-system, BlinkMacSystemFont, &quot;Segoe UI&quot;, Roboto, &quot;Noto Sans&quot;, Ubuntu, Cantarell, &quot;Helvetica Neue&quot;, Oxygen, &quot;Open Sans&quot;, sans-serif;\"><span style=\"font-weight: 600;\">Produktnavn:<\/span>&nbsp;Pickstone Red Mineralsten<br \/><span style=\"font-weight: 600;\">Vekt:<\/span>&nbsp;600 gram<br \/><span style=\"font-weight: 600;\">Dimensjoner:<\/span>&nbsp;\u00d810 cm x H7 cm (per kake)<br \/><span style=\"font-weight: 600;\">Type:<\/span>&nbsp;Hard mineralskake for duer<br \/><span style=\"font-weight: 600;\">Merke:<\/span>&nbsp;Colombine<\/p>\n<h3 style=\"font-size: 18.288px; line-height: 1.5; margin: 18.288px 0px 13.716px; color: rgb(64, 64, 64); font-family: quote-cjk-patch, Inter, system-ui, -apple-system, BlinkMacSystemFont, &quot;Segoe UI&quot;, Roboto, &quot;Noto Sans&quot;, Ubuntu, Cantarell, &quot;Helvetica Neue&quot;, Oxygen, &quot;Open Sans&quot;, sans-serif;\"><span style=\"font-weight: 600;\">Beskrivelse:<\/span><\/h3>\n<p class=\"ds-markdown-paragraph\" style=\"margin: 13.716px 0px; font-size: 16.002px; line-height: 28.575px; color: rgb(64, 64, 64); font-family: quote-cjk-patch, Inter, system-ui, -apple-system, BlinkMacSystemFont, &quot;Segoe UI&quot;, Roboto, &quot;Noto Sans&quot;, Ubuntu, Cantarell, &quot;Helvetica Neue&quot;, Oxygen, &quot;Open Sans&quot;, sans-serif;\">Pickstone Red er en n\u00e6ringsrik mineralsten spesielt utviklet for duer. Den inneholder en unik blanding av mineraler, sporstoffer og salter fra naturlige kilder, som bidrar til \u00e5 holde duene sunne og tilfredse. Den harde kaken er enkel \u00e5 bruke og tiltrekker seg duene, noe som reduserer sjansen for at de s\u00f8ker n\u00e6ring p\u00e5 \u00e5krer eller andre u\u00f8nskede steder.<\/p>\n<h3 style=\"font-size: 18.288px; line-height: 1.5; margin: 18.288px 0px 13.716px; color: rgb(64, 64, 64); font-family: quote-cjk-patch, Inter, system-ui, -apple-system, BlinkMacSystemFont, &quot;Segoe UI&quot;, Roboto, &quot;Noto Sans&quot;, Ubuntu, Cantarell, &quot;Helvetica Neue&quot;, Oxygen, &quot;Open Sans&quot;, sans-serif;\"><span style=\"font-weight: 600;\">Sammensetning:<\/span><\/h3>\n<ul style=\"margin: 13.716px 0px; padding-left: 27.432px; color: rgb(64, 64, 64); font-family: quote-cjk-patch, Inter, system-ui, -apple-system, BlinkMacSystemFont, &quot;Segoe UI&quot;, Roboto, &quot;Noto Sans&quot;, Ubuntu, Cantarell, &quot;Helvetica Neue&quot;, Oxygen, &quot;Open Sans&quot;, sans-serif; font-size: 16.002px;\">\n<li>\n<p class=\"ds-markdown-paragraph\" style=\"margin-right: 0px; margin-left: 0px; line-height: 28.575px; margin-bottom: 0px !important;\">R\u00f8dstein<\/p>\n<\/li>\n<li style=\"margin-top: 4px;\">\n<p class=\"ds-markdown-paragraph\" style=\"margin-right: 0px; margin-left: 0px; line-height: 28.575px; margin-bottom: 0px !important;\">Kalkholdige marine skjell<\/p>\n<\/li>\n<li style=\"margin-top: 4px;\">\n<p class=\"ds-markdown-paragraph\" style=\"margin-right: 0px; margin-left: 0px; line-height: 28.575px; margin-bottom: 0px !important;\">Flintgrit<\/p>\n<\/li>\n<li style=\"margin-top: 4px;\">\n<p class=\"ds-markdown-paragraph\" style=\"margin-right: 0px; margin-left: 0px; line-height: 28.575px; margin-bottom: 0px !important;\">Kaolinleire (7,5%)<\/p>\n<\/li>\n<li style=\"margin-top: 4px;\">\n<p class=\"ds-markdown-paragraph\" style=\"margin-right: 0px; margin-left: 0px; line-height: 28.575px; margin-bottom: 0px !important;\">Natriumklorid (bordsalt)<\/p>\n<\/li>\n<li style=\"margin-top: 4px;\">\n<p class=\"ds-markdown-paragraph\" style=\"margin-right: 0px; margin-left: 0px; line-height: 28.575px; margin-bottom: 0px !important;\">Dikalsiumfosfat<\/p>\n<\/li>\n<li style=\"margin-top: 4px;\">\n<p class=\"ds-markdown-paragraph\" style=\"margin-right: 0px; margin-left: 0px; line-height: 28.575px; margin-bottom: 0px !important;\">Hirse (millet)<\/p>\n<\/li>\n<li style=\"margin-top: 4px;\">\n<p class=\"ds-markdown-paragraph\" style=\"margin-right: 0px; margin-left: 0px; line-height: 28.575px; margin-bottom: 0px !important;\">Natriumbikarbonat<\/p>\n<\/li>\n<\/ul>\n<h3 style=\"font-size: 18.288px; line-height: 1.5; margin: 18.288px 0px 13.716px; color: rgb(64, 64, 64); font-family: quote-cjk-patch, Inter, system-ui, -apple-system, BlinkMacSystemFont, &quot;Segoe UI&quot;, Roboto, &quot;Noto Sans&quot;, Ubuntu, Cantarell, &quot;Helvetica Neue&quot;, Oxygen, &quot;Open Sans&quot;, sans-serif;\"><span style=\"font-weight: 600;\">Analytiske bestanddeler:<\/span><\/h3>\n<ul style=\"margin: 13.716px 0px; padding-left: 27.432px; color: rgb(64, 64, 64); font-family: quote-cjk-patch, Inter, system-ui, -apple-system, BlinkMacSystemFont, &quot;Segoe UI&quot;, Roboto, &quot;Noto Sans&quot;, Ubuntu, Cantarell, &quot;Helvetica Neue&quot;, Oxygen, &quot;Open Sans&quot;, sans-serif; font-size: 16.002px;\">\n<li>\n<p class=\"ds-markdown-paragraph\" style=\"margin-right: 0px; margin-left: 0px; line-height: 28.575px; margin-bottom: 0px !important;\">R\u00e5aske: 94,5% (hvorav 54% er HCl-ul\u00f8selig aske)<\/p>\n<\/li>\n<li style=\"margin-top: 4px;\">\n<p class=\"ds-markdown-paragraph\" style=\"margin-right: 0px; margin-left: 0px; line-height: 28.575px; margin-bottom: 0px !important;\">Kalsium: 15,00%<\/p>\n<\/li>\n<li style=\"margin-top: 4px;\">\n<p class=\"ds-markdown-paragraph\" style=\"margin-right: 0px; margin-left: 0px; line-height: 28.575px; margin-bottom: 0px !important;\">Fosfor: 0,80%<\/p>\n<\/li>\n<li style=\"margin-top: 4px;\">\n<p class=\"ds-markdown-paragraph\" style=\"margin-right: 0px; margin-left: 0px; line-height: 28.575px; margin-bottom: 0px !important;\">Natrium: 1,80%<\/p>\n<\/li>\n<li style=\"margin-top: 4px;\">\n<p class=\"ds-markdown-paragraph\" style=\"margin-right: 0px; margin-left: 0px; line-height: 28.575px; margin-bottom: 0px !important;\">Lysin: 0%<\/p>\n<\/li>\n<li style=\"margin-top: 4px;\">\n<p class=\"ds-markdown-paragraph\" style=\"margin-right: 0px; margin-left: 0px; line-height: 28.575px; margin-bottom: 0px !important;\">Metionin: 0%<\/p>\n<\/li>\n<\/ul>\n<h3 style=\"font-size: 18.288px; line-height: 1.5; margin: 18.288px 0px 13.716px; color: rgb(64, 64, 64); font-family: quote-cjk-patch, Inter, system-ui, -apple-system, BlinkMacSystemFont, &quot;Segoe UI&quot;, Roboto, &quot;Noto Sans&quot;, Ubuntu, Cantarell, &quot;Helvetica Neue&quot;, Oxygen, &quot;Open Sans&quot;, sans-serif;\"><span style=\"font-weight: 600;\">Bruksanvisning:<\/span><\/h3>\n<ul style=\"margin: 13.716px 0px; padding-left: 27.432px; color: rgb(64, 64, 64); font-family: quote-cjk-patch, Inter, system-ui, -apple-system, BlinkMacSystemFont, &quot;Segoe UI&quot;, Roboto, &quot;Noto Sans&quot;, Ubuntu, Cantarell, &quot;Helvetica Neue&quot;, Oxygen, &quot;Open Sans&quot;, sans-serif; font-size: 16.002px;\">\n<li>\n<p class=\"ds-markdown-paragraph\" style=\"margin-right: 0px; margin-left: 0px; line-height: 28.575px; margin-bottom: 0px !important;\">Tilbys&nbsp;<span style=\"font-weight: 600;\">fritt tilgjengelig hele \u00e5ret<\/span>, ogs\u00e5 for volyrduehold.<\/p>\n<\/li>\n<li style=\"margin-top: 4px;\">\n<p class=\"ds-markdown-paragraph\" style=\"margin-right: 0px; margin-left: 0px; line-height: 28.575px; margin-bottom: 0px !important;\">B\u00f8r ikke utgj\u00f8re mer enn&nbsp;<span style=\"font-weight: 600;\">20% av den daglige rasjonen<\/span>.<\/p>\n<\/li>\n<li style=\"margin-top: 4px;\">\n<p class=\"ds-markdown-paragraph\" style=\"margin-right: 0px; margin-left: 0px; line-height: 28.575px; margin-bottom: 0px !important;\">Plasser kaken i en stabil holder eller direkte i bur\/dueslag for enkel tilgang.<\/p>\n<\/li>\n<\/ul>\n<h3 style=\"font-size: 18.288px; line-height: 1.5; margin: 18.288px 0px 13.716px; color: rgb(64, 64, 64); font-family: quote-cjk-patch, Inter, system-ui, -apple-system, BlinkMacSystemFont, &quot;Segoe UI&quot;, Roboto, &quot;Noto Sans&quot;, Ubuntu, Cantarell, &quot;Helvetica Neue&quot;, Oxygen, &quot;Open Sans&quot;, sans-serif;\"><span style=\"font-weight: 600;\">Fordeler:<\/span><\/h3>\n<p class=\"ds-markdown-paragraph\" style=\"margin: 13.716px 0px; font-size: 16.002px; line-height: 28.575px; color: rgb(64, 64, 64); font-family: quote-cjk-patch, Inter, system-ui, -apple-system, BlinkMacSystemFont, &quot;Segoe UI&quot;, Roboto, &quot;Noto Sans&quot;, Ubuntu, Cantarell, &quot;Helvetica Neue&quot;, Oxygen, &quot;Open Sans&quot;, sans-serif;\">\u2705&nbsp;<span style=\"font-weight: 600;\">Naturlig mineraltilskudd<\/span>&nbsp;\u2013 St\u00f8tter ford\u00f8yelse og skallkvalitet<br \/>\u2705&nbsp;<span style=\"font-weight: 600;\">Tilbyr essensielle mineraler<\/span>&nbsp;som kalsium, fosfor og natrium<br \/>\u2705&nbsp;<span style=\"font-weight: 600;\">Reduserer at duer eter fra \u00e5krer<\/span>&nbsp;\u2013 Holder dem sunne og tilfredse<br \/>\u2705&nbsp;<span style=\"font-weight: 600;\">Lang holdbarhet<\/span>&nbsp;\u2013 Hard kake som ikke smuler lett<br \/>\u2705&nbsp;<span style=\"font-weight: 600;\">Godt akseptert av duer<\/span>&nbsp;\u2013 Inneholder millet for ekstra tiltrekning<\/p>\n<h3 style=\"font-size: 18.288px; line-height: 1.5; margin: 18.288px 0px 13.716px; color: rgb(64, 64, 64); font-family: quote-cjk-patch, Inter, system-ui, -apple-system, BlinkMacSystemFont, &quot;Segoe UI&quot;, Roboto, &quot;Noto Sans&quot;, Ubuntu, Cantarell, &quot;Helvetica Neue&quot;, Oxygen, &quot;Open Sans&quot;, sans-serif;\"><span style=\"font-weight: 600;\">Egnet for:<\/span><\/h3>\n<ul style=\"margin: 13.716px 0px; padding-left: 27.432px; color: rgb(64, 64, 64); font-family: quote-cjk-patch, Inter, system-ui, -apple-system, BlinkMacSystemFont, &quot;Segoe UI&quot;, Roboto, &quot;Noto Sans&quot;, Ubuntu, Cantarell, &quot;Helvetica Neue&quot;, Oxygen, &quot;Open Sans&quot;, sans-serif; font-size: 16.002px;\">\n<li>\n<p class=\"ds-markdown-paragraph\" style=\"margin-right: 0px; margin-left: 0px; line-height: 28.575px; margin-bottom: 0px !important;\"><span style=\"font-weight: 600;\">Tamduer<\/span>&nbsp;(sportsduer, brevduer, utstillingsduer)<\/p>\n<\/li>\n<li style=\"margin-top: 4px;\">\n<p class=\"ds-markdown-paragraph\" style=\"margin-right: 0px; margin-left: 0px; line-height: 28.575px; margin-bottom: 0px !important;\"><span style=\"font-weight: 600;\">Voliere duehold<\/span><\/p>\n<\/li>\n<li style=\"margin-top: 4px;\">\n<p class=\"ds-markdown-paragraph\" style=\"margin-right: 0px; margin-left: 0px; line-height: 28.575px; margin-bottom: 0px !important;\"><span style=\"font-weight: 600;\">Alle aldre<\/span>&nbsp;(unntatt nyklekte duer som enn\u00e5 ikke eter fast f\u00f8de)<\/p>\n<\/li>\n<\/ul>\n<h3 style=\"font-size: 18.288px; line-height: 1.5; margin: 18.288px 0px 13.716px; color: rgb(64, 64, 64); font-family: quote-cjk-patch, Inter, system-ui, -apple-system, BlinkMacSystemFont, &quot;Segoe UI&quot;, Roboto, &quot;Noto Sans&quot;, Ubuntu, Cantarell, &quot;Helvetica Neue&quot;, Oxygen, &quot;Open Sans&quot;, sans-serif;\"><span style=\"font-weight: 600;\">Pakking:<\/span><\/h3>\n<p class=\"ds-markdown-paragraph\" style=\"margin: 13.716px 0px; font-size: 16.002px; line-height: 28.575px; color: rgb(64, 64, 64); font-family: quote-cjk-patch, Inter, system-ui, -apple-system, BlinkMacSystemFont, &quot;Segoe UI&quot;, Roboto, &quot;Noto Sans&quot;, Ubuntu, Cantarell, &quot;Helvetica Neue&quot;, Oxygen, &quot;Open Sans&quot;, sans-serif;\">Leveres i en praktisk&nbsp;<span style=\"font-weight: 600;\">600g krukke<\/span>&nbsp;med en enkelt mineralsten (ca. 10 cm i diameter).<\/p>\n<p class=\"ds-markdown-paragraph\" style=\"margin: 13.716px 0px; font-size: 16.002px; line-height: 28.575px; color: rgb(64, 64, 64); font-family: quote-cjk-patch, Inter, system-ui, -apple-system, BlinkMacSystemFont, &quot;Segoe UI&quot;, Roboto, &quot;Noto Sans&quot;, Ubuntu, Cantarell, &quot;Helvetica Neue&quot;, Oxygen, &quot;Open Sans&quot;, sans-serif;\">Pickstone Red er et p\u00e5litelig tillegg til dueholderenes kosttilskudd, sikrer at fuglene f\u00e5r de n\u00f8dvendige mineralene for optimal helse og ytelse. Perfekt for \u00e5 forebygge mineralmangel og opprettholde en sunn dueflokk!<\/p>\n<p class=\"ds-markdown-paragraph\" style=\"margin-top: 13.716px; margin-right: 0px; margin-left: 0px; font-size: 16.002px; line-height: 28.575px; color: rgb(64, 64, 64); font-family: quote-cjk-patch, Inter, system-ui, -apple-system, BlinkMacSystemFont, &quot;Segoe UI&quot;, Roboto, &quot;Noto Sans&quot;, Ubuntu, Cantarell, &quot;Helvetica Neue&quot;, Oxygen, &quot;Open Sans&quot;, sans-serif; margin-bottom: 0px !important;\"><span style=\"font-weight: 600;\">Anbefalt av dyrepassere og dueentusiaster!<\/span><\/p>","protected":false},"excerpt":{"rendered":"<h3 class=\"\">Mineralsten i krukke 600gr r\u00f8d for duer \u00f810 h7cm<\/h3>\n<p><span style=\"color: rgb(64, 64, 64); font-family: quote-cjk-patch, Inter, system-ui, -apple-system, BlinkMacSystemFont, &quot;Segoe UI&quot;, Roboto, &quot;Noto Sans&quot;, Ubuntu, Cantarell, &quot;Helvetica Neue&quot;, Oxygen, &quot;Open Sans&quot;, sans-serif; font-size: 16.002px;\">\u2705&nbsp;<\/span><span style=\"color: rgb(64, 64, 64); font-family: quote-cjk-patch, Inter, system-ui, -apple-system, BlinkMacSystemFont, &quot;Segoe UI&quot;, Roboto, &quot;Noto Sans&quot;, Ubuntu, Cantarell, &quot;Helvetica Neue&quot;, Oxygen, &quot;Open Sans&quot;, sans-serif; font-size: 16.002px; font-weight: 600;\">Naturlig mineraltilskudd<\/span><span style=\"color: rgb(64, 64, 64); font-family: quote-cjk-patch, Inter, system-ui, -apple-system, BlinkMacSystemFont, &quot;Segoe UI&quot;, Roboto, &quot;Noto Sans&quot;, Ubuntu, Cantarell, &quot;Helvetica Neue&quot;, Oxygen, &quot;Open Sans&quot;, sans-serif; font-size: 16.002px;\">&nbsp;\u2013 St\u00f8tter ford\u00f8yelse og skallkvalitet<\/span><br style=\"color: rgb(64, 64, 64); font-family: quote-cjk-patch, Inter, system-ui, -apple-system, BlinkMacSystemFont, &quot;Segoe UI&quot;, Roboto, &quot;Noto Sans&quot;, Ubuntu, Cantarell, &quot;Helvetica Neue&quot;, Oxygen, &quot;Open Sans&quot;, sans-serif; font-size: 16.002px;\"><span style=\"color: rgb(64, 64, 64); font-family: quote-cjk-patch, Inter, system-ui, -apple-system, BlinkMacSystemFont, &quot;Segoe UI&quot;, Roboto, &quot;Noto Sans&quot;, Ubuntu, Cantarell, &quot;Helvetica Neue&quot;, Oxygen, &quot;Open Sans&quot;, sans-serif; font-size: 16.002px;\">\u2705&nbsp;<\/span><span style=\"color: rgb(64, 64, 64); font-family: quote-cjk-patch, Inter, system-ui, -apple-system, BlinkMacSystemFont, &quot;Segoe UI&quot;, Roboto, &quot;Noto Sans&quot;, Ubuntu, Cantarell, &quot;Helvetica Neue&quot;, Oxygen, &quot;Open Sans&quot;, sans-serif; font-size: 16.002px; font-weight: 600;\">Tilbyr essensielle mineraler<\/span><span style=\"color: rgb(64, 64, 64); font-family: quote-cjk-patch, Inter, system-ui, -apple-system, BlinkMacSystemFont, &quot;Segoe UI&quot;, Roboto, &quot;Noto Sans&quot;, Ubuntu, Cantarell, &quot;Helvetica Neue&quot;, Oxygen, &quot;Open Sans&quot;, sans-serif; font-size: 16.002px;\">&nbsp;som kalsium, fosfor og natrium<\/span><br style=\"color: rgb(64, 64, 64); font-family: quote-cjk-patch, Inter, system-ui, -apple-system, BlinkMacSystemFont, &quot;Segoe UI&quot;, Roboto, &quot;Noto Sans&quot;, Ubuntu, Cantarell, &quot;Helvetica Neue&quot;, Oxygen, &quot;Open Sans&quot;, sans-serif; font-size: 16.002px;\"><span style=\"color: rgb(64, 64, 64); font-family: quote-cjk-patch, Inter, system-ui, -apple-system, BlinkMacSystemFont, &quot;Segoe UI&quot;, Roboto, &quot;Noto Sans&quot;, Ubuntu, Cantarell, &quot;Helvetica Neue&quot;, Oxygen, &quot;Open Sans&quot;, sans-serif; font-size: 16.002px;\">\u2705&nbsp;<\/span><span style=\"color: rgb(64, 64, 64); font-family: quote-cjk-patch, Inter, system-ui, -apple-system, BlinkMacSystemFont, &quot;Segoe UI&quot;, Roboto, &quot;Noto Sans&quot;, Ubuntu, Cantarell, &quot;Helvetica Neue&quot;, Oxygen, &quot;Open Sans&quot;, sans-serif; font-size: 16.002px; font-weight: 600;\">Reduserer at duer eter fra \u00e5krer<\/span><span style=\"color: rgb(64, 64, 64); font-family: quote-cjk-patch, Inter, system-ui, -apple-system, BlinkMacSystemFont, &quot;Segoe UI&quot;, Roboto, &quot;Noto Sans&quot;, Ubuntu, Cantarell, &quot;Helvetica Neue&quot;, Oxygen, &quot;Open Sans&quot;, sans-serif; font-size: 16.002px;\">&nbsp;\u2013 Holder dem sunne og tilfredse<\/span><br style=\"color: rgb(64, 64, 64); font-family: quote-cjk-patch, Inter, system-ui, -apple-system, BlinkMacSystemFont, &quot;Segoe UI&quot;, Roboto, &quot;Noto Sans&quot;, Ubuntu, Cantarell, &quot;Helvetica Neue&quot;, Oxygen, &quot;Open Sans&quot;, sans-serif; font-size: 16.002px;\"><span style=\"color: rgb(64, 64, 64); font-family: quote-cjk-patch, Inter, system-ui, -apple-system, BlinkMacSystemFont, &quot;Segoe UI&quot;, Roboto, &quot;Noto Sans&quot;, Ubuntu, Cantarell, &quot;Helvetica Neue&quot;, Oxygen, &quot;Open Sans&quot;, sans-serif; font-size: 16.002px;\">\u2705&nbsp;<\/span><span style=\"color: rgb(64, 64, 64); font-family: quote-cjk-patch, Inter, system-ui, -apple-system, BlinkMacSystemFont, &quot;Segoe UI&quot;, Roboto, &quot;Noto Sans&quot;, Ubuntu, Cantarell, &quot;Helvetica Neue&quot;, Oxygen, &quot;Open Sans&quot;, sans-serif; font-size: 16.002px; font-weight: 600;\">Lang holdbarhet<\/span><span style=\"color: rgb(64, 64, 64); font-family: quote-cjk-patch, Inter, system-ui, -apple-system, BlinkMacSystemFont, &quot;Segoe UI&quot;, Roboto, &quot;Noto Sans&quot;, Ubuntu, Cantarell, &quot;Helvetica Neue&quot;, Oxygen, &quot;Open Sans&quot;, sans-serif; font-size: 16.002px;\">&nbsp;\u2013 Hard kake som ikke smuler lett<\/span><br style=\"color: rgb(64, 64, 64); font-family: quote-cjk-patch, Inter, system-ui, -apple-system, BlinkMacSystemFont, &quot;Segoe UI&quot;, Roboto, &quot;Noto Sans&quot;, Ubuntu, Cantarell, &quot;Helvetica Neue&quot;, Oxygen, &quot;Open Sans&quot;, sans-serif; font-size: 16.002px;\"><span style=\"color: rgb(64, 64, 64); font-family: quote-cjk-patch, Inter, system-ui, -apple-system, BlinkMacSystemFont, &quot;Segoe UI&quot;, Roboto, &quot;Noto Sans&quot;, Ubuntu, Cantarell, &quot;Helvetica Neue&quot;, Oxygen, &quot;Open Sans&quot;, sans-serif; font-size: 16.002px;\">\u2705&nbsp;<\/span><span style=\"color: rgb(64, 64, 64); font-family: quote-cjk-patch, Inter, system-ui, -apple-system, BlinkMacSystemFont, &quot;Segoe UI&quot;, Roboto, &quot;Noto Sans&quot;, Ubuntu, Cantarell, &quot;Helvetica Neue&quot;, Oxygen, &quot;Open Sans&quot;, sans-serif; font-size: 16.002px; font-weight: 600;\">Godt akseptert av duer<\/span><span style=\"color: rgb(64, 64, 64); font-family: quote-cjk-patch, Inter, system-ui, -apple-system, BlinkMacSystemFont, &quot;Segoe UI&quot;, Roboto, &quot;Noto Sans&quot;, Ubuntu, Cantarell, &quot;Helvetica Neue&quot;, Oxygen, &quot;Open Sans&quot;, sans-serif; font-size: 16.002px;\">&nbsp;\u2013 Inneholder millet for ekstra tiltrekning<\/span><\/p>","protected":false},"featured_media":24246,"comment_status":"closed","ping_status":"closed","template":"","meta":{"content-type":"","_uf_show_specific_survey":0,"_uf_disable_surveys":false,"_monsterinsights_skip_tracking":false,"_monsterinsights_sitenote_active":false,"_monsterinsights_sitenote_note":"","_monsterinsights_sitenote_category":0},"pwb-brand":[673],"product_brand":[],"product_cat":[3004,3301,66,721,3303],"product_tag":[1319],"woo-feed-brand":[],"class_list":{"0":"post-571","1":"product","2":"type-product","3":"status-publish","4":"has-post-thumbnail","6":"pwb-brand-versele-laga","7":"product_cat-due","8":"product_cat-hage-og-utedyr","9":"product_cat-utefugl-dyr","10":"product_cat-utefugl","11":"product_cat-vitaminer-og-mineraler-duer","12":"product_tag-due","14":"first","15":"instock","16":"taxable","17":"shipping-taxable","18":"purchasable","19":"product-type-simple"},"exclude_global_add_ons":[],"addons":[],"brands":[{"id":673,"name":"Versele-Laga","slug":"versele-laga"}],"_links":{"self":[{"href":"https:\/\/fuglebutikken.no\/en\/wp-json\/wp\/v2\/product\/571","targetHints":{"allow":["GET"]}}],"collection":[{"href":"https:\/\/fuglebutikken.no\/en\/wp-json\/wp\/v2\/product"}],"about":[{"href":"https:\/\/fuglebutikken.no\/en\/wp-json\/wp\/v2\/types\/product"}],"replies":[{"embeddable":true,"href":"https:\/\/fuglebutikken.no\/en\/wp-json\/wp\/v2\/comments?post=571"}],"wp:featuredmedia":[{"embeddable":true,"href":"https:\/\/fuglebutikken.no\/en\/wp-json\/wp\/v2\/media\/24246"}],"wp:attachment":[{"href":"https:\/\/fuglebutikken.no\/en\/wp-json\/wp\/v2\/media?parent=571"}],"wp:term":[{"taxonomy":"pwb-brand","embeddable":true,"href":"https:\/\/fuglebutikken.no\/en\/wp-json\/wp\/v2\/pwb-brand?post=571"},{"taxonomy":"product_brand","embeddable":true,"href":"https:\/\/fuglebutikken.no\/en\/wp-json\/wp\/v2\/product_brand?post=571"},{"taxonomy":"product_cat","embeddable":true,"href":"https:\/\/fuglebutikken.no\/en\/wp-json\/wp\/v2\/product_cat?post=571"},{"taxonomy":"product_tag","embeddable":true,"href":"https:\/\/fuglebutikken.no\/en\/wp-json\/wp\/v2\/product_tag?post=571"},{"taxonomy":"woo-feed-brand","embeddable":true,"href":"https:\/\/fuglebutikken.no\/en\/wp-json\/wp\/v2\/woo-feed-brand?post=571"}],"curies":[{"name":"wp","href":"https:\/\/api.w.org\/{rel}","templated":true}]}}