{"id":564,"date":"2020-02-22T18:11:16","date_gmt":"2020-02-22T17:11:16","guid":{"rendered":"https:\/\/274105-www.web.tornado-node.net\/fugl\/product\/mineralsittepinne-medium-22-5x3-5cm\/"},"modified":"2025-11-11T13:45:27","modified_gmt":"2025-11-11T12:45:27","slug":"mineralsittepinne-medium-22-5x3-5cm","status":"publish","type":"product","link":"https:\/\/fuglebutikken.no\/en\/butikk\/fugl-som-hobby\/fugl\/fuglebur-og-fuglebur-tilbehor\/bur-tilbehor\/sittepinner\/mineralsittepinne-medium-22-5x3-5cm\/","title":{"rendered":"Mineralsittepinne fugl"},"content":{"rendered":"<h1>Mineralsittepinne fugl<\/h1>","protected":false},"excerpt":{"rendered":"<p>Mineralsittepinne fugl<br \/>\nMineralsittepinne er <span class=\"Y2IQFc\" lang=\"no\">et f\u00f4rtilskudd hjelper deg med \u00e5 st\u00f8tte fuglens helse p\u00e5 mange m\u00e5ter. <\/span><\/p>","protected":false},"featured_media":23799,"comment_status":"closed","ping_status":"closed","template":"","meta":{"content-type":"","_uf_show_specific_survey":0,"_uf_disable_surveys":false,"_monsterinsights_skip_tracking":false,"_monsterinsights_sitenote_active":false,"_monsterinsights_sitenote_note":"","_monsterinsights_sitenote_category":0},"pwb-brand":[665],"product_brand":[],"product_cat":[2203,41,1147,2162,78,1451],"product_tag":[1993],"woo-feed-brand":[],"class_list":{"0":"post-564","1":"product","2":"type-product","3":"status-publish","4":"has-post-thumbnail","6":"pwb-brand-karlie-flamingo","7":"product_cat-bur-tilbehor","8":"product_cat-fugl","9":"product_cat-fugl-som-hobby","10":"product_cat-fuglebur-og-fuglebur-tilbehor","11":"product_cat-fuglevitaminer-og-mineraler","12":"product_cat-sittepinner","13":"product_tag-kosttilskudd-og-vitaminer-for-fugl","15":"first","16":"instock","17":"taxable","18":"shipping-taxable","19":"purchasable","20":"product-type-variable","21":"has-default-attributes"},"exclude_global_add_ons":[],"addons":[],"brands":[{"id":665,"name":"Karlie Flamingo","slug":"karlie-flamingo"}],"_links":{"self":[{"href":"https:\/\/fuglebutikken.no\/en\/wp-json\/wp\/v2\/product\/564","targetHints":{"allow":["GET"]}}],"collection":[{"href":"https:\/\/fuglebutikken.no\/en\/wp-json\/wp\/v2\/product"}],"about":[{"href":"https:\/\/fuglebutikken.no\/en\/wp-json\/wp\/v2\/types\/product"}],"replies":[{"embeddable":true,"href":"https:\/\/fuglebutikken.no\/en\/wp-json\/wp\/v2\/comments?post=564"}],"wp:featuredmedia":[{"embeddable":true,"href":"https:\/\/fuglebutikken.no\/en\/wp-json\/wp\/v2\/media\/23799"}],"wp:attachment":[{"href":"https:\/\/fuglebutikken.no\/en\/wp-json\/wp\/v2\/media?parent=564"}],"wp:term":[{"taxonomy":"pwb-brand","embeddable":true,"href":"https:\/\/fuglebutikken.no\/en\/wp-json\/wp\/v2\/pwb-brand?post=564"},{"taxonomy":"product_brand","embeddable":true,"href":"https:\/\/fuglebutikken.no\/en\/wp-json\/wp\/v2\/product_brand?post=564"},{"taxonomy":"product_cat","embeddable":true,"href":"https:\/\/fuglebutikken.no\/en\/wp-json\/wp\/v2\/product_cat?post=564"},{"taxonomy":"product_tag","embeddable":true,"href":"https:\/\/fuglebutikken.no\/en\/wp-json\/wp\/v2\/product_tag?post=564"},{"taxonomy":"woo-feed-brand","embeddable":true,"href":"https:\/\/fuglebutikken.no\/en\/wp-json\/wp\/v2\/woo-feed-brand?post=564"}],"curies":[{"name":"wp","href":"https:\/\/api.w.org\/{rel}","templated":true}]}}