{"id":5619,"date":"2021-11-02T21:30:21","date_gmt":"2021-11-02T20:30:21","guid":{"rendered":"https:\/\/fuglebutikken.no\/butikk\/ukategorisert\/hercules-forbrett-til-fugl-med-sort-tak-stor\/"},"modified":"2025-03-06T13:57:59","modified_gmt":"2025-03-06T12:57:59","slug":"hercules-forbrett","status":"publish","type":"product","link":"https:\/\/fuglebutikken.no\/en\/butikk\/utefugl-dyr\/hage-og-utedyr\/utefugl\/utefuglhus\/hercules-forbrett\/","title":{"rendered":"Hercules Forbrett til fugl med sort tak stor"},"content":{"rendered":"<h2>Hercules Forbrett til fugl med sort tak stor<\/h2>\n<ul>\n<li>Forbrett i eiketre med sort takpapp i topp kvalitet<\/li>\n<li>Den har nett hele veien rundt s\u00e5 kun sm\u00e5 hagefugler kan komme inn<\/li>\n<li>Vannfast bunnplate med huller for avl\u00f8p av regnvann<\/li>\n<li>Lett \u00e5 gj\u00f8re ren via en rengj\u00f8ringsluke for \u00e5 enkelt komme til<\/li>\n<li>Kroker i taket p\u00e5 innsiden til oppheng av meisboller etc<\/li>\n<li>M\u00e5l: 45 x 40 x 36 cm<\/li>\n<\/ul>\n<p>Ben kan kj\u00f8pes i tillegg (varenr. vil234008) kan eventuelt henges opp eller settes p\u00e5 en stolpe<\/p>","protected":false},"excerpt":{"rendered":"<h3>Hercules Forbrett til fugl med sort tak stor<\/h3>\n<ul>\n<li><b>45x40xh36cm&nbsp;<\/b><\/li>\n<li>Pulverlakkert nett for \u00e5 holde bort store fugler<\/li>\n<li>Vannfast bunnplate i kryssfiner med hull for \u00e5 slippe ut vann, lett \u00e5 rengj\u00f8re<\/li>\n<li>Krog p\u00e5 innsiden for \u00e5 henge opp f\u00f2r<\/li>\n<li>Takpapp p\u00e5 taket<\/li>\n<li>Laget i massiv eik<\/li>\n<li>Fot kan kj\u00f8pes som tillegg<\/li>\n<\/ul>","protected":false},"featured_media":14077,"comment_status":"closed","ping_status":"closed","template":"","meta":{"content-type":"","_uf_show_specific_survey":0,"_uf_disable_surveys":false,"_monsterinsights_skip_tracking":false,"_monsterinsights_sitenote_active":false,"_monsterinsights_sitenote_note":"","_monsterinsights_sitenote_category":0},"pwb-brand":[1002],"product_brand":[],"product_cat":[100,66,721],"product_tag":[],"woo-feed-brand":[],"class_list":{"0":"post-5619","1":"product","2":"type-product","3":"status-publish","4":"has-post-thumbnail","6":"pwb-brand-hercules","7":"product_cat-utefuglhus","8":"product_cat-utefugl-dyr","9":"product_cat-utefugl","11":"first","12":"outofstock","13":"taxable","14":"shipping-taxable","15":"purchasable","16":"product-type-simple"},"exclude_global_add_ons":[],"addons":[],"brands":[{"id":1002,"name":"Hercules","slug":"hercules"}],"_links":{"self":[{"href":"https:\/\/fuglebutikken.no\/en\/wp-json\/wp\/v2\/product\/5619","targetHints":{"allow":["GET"]}}],"collection":[{"href":"https:\/\/fuglebutikken.no\/en\/wp-json\/wp\/v2\/product"}],"about":[{"href":"https:\/\/fuglebutikken.no\/en\/wp-json\/wp\/v2\/types\/product"}],"replies":[{"embeddable":true,"href":"https:\/\/fuglebutikken.no\/en\/wp-json\/wp\/v2\/comments?post=5619"}],"wp:featuredmedia":[{"embeddable":true,"href":"https:\/\/fuglebutikken.no\/en\/wp-json\/wp\/v2\/media\/14077"}],"wp:attachment":[{"href":"https:\/\/fuglebutikken.no\/en\/wp-json\/wp\/v2\/media?parent=5619"}],"wp:term":[{"taxonomy":"pwb-brand","embeddable":true,"href":"https:\/\/fuglebutikken.no\/en\/wp-json\/wp\/v2\/pwb-brand?post=5619"},{"taxonomy":"product_brand","embeddable":true,"href":"https:\/\/fuglebutikken.no\/en\/wp-json\/wp\/v2\/product_brand?post=5619"},{"taxonomy":"product_cat","embeddable":true,"href":"https:\/\/fuglebutikken.no\/en\/wp-json\/wp\/v2\/product_cat?post=5619"},{"taxonomy":"product_tag","embeddable":true,"href":"https:\/\/fuglebutikken.no\/en\/wp-json\/wp\/v2\/product_tag?post=5619"},{"taxonomy":"woo-feed-brand","embeddable":true,"href":"https:\/\/fuglebutikken.no\/en\/wp-json\/wp\/v2\/woo-feed-brand?post=5619"}],"curies":[{"name":"wp","href":"https:\/\/api.w.org\/{rel}","templated":true}]}}