{"id":5454,"date":"2021-10-16T11:11:08","date_gmt":"2021-10-16T09:11:08","guid":{"rendered":"https:\/\/fuglebutikken.no\/butikk\/ukategorisert\/jr-farm-hoykube-med-blomster\/"},"modified":"2025-11-17T08:00:36","modified_gmt":"2025-11-17T07:00:36","slug":"jr-farm-hoykube-med-blomster","status":"publish","type":"product","link":"https:\/\/fuglebutikken.no\/en\/butikk\/fugl-som-hobby\/fugl\/spise\/fuglemat-til-undulater-papeg-yer-og-burfugler\/fuglesnacks\/jr-farm-hoykube-med-blomster\/","title":{"rendered":"JR Farm h\u00f8ykube med blomster"},"content":{"rendered":"<h2 class=\"\">JR Farm h\u00f8ykube med blomster<\/h2>\n<p>Ingredienser: Bergsengsh\u00f8y 41%, naturlig fiber, stivelse, ringblomster 1%. Oppbevares t\u00f8rt og kj\u00f8lig!<\/p>","protected":false},"excerpt":{"rendered":"<h3 class=\"\">JR Farm h\u00f8ykube med blomster<\/h3>\n<ul>\n<li>Superflott kube hule med hjerteformet inngang<\/li>\n<li>Flott til \u00e5 aktivisere sm\u00e5gnagere, kaniner, rotter, hamster, marsvin, dvergkaniner og chinchilla<\/li>\n<li>Morsom aktiviseringsleke-mat ogs\u00e5 for burfugl og reptiler<\/li>\n<li>450gr.<\/li>\n<li>20x20x20 cm<\/li>\n<\/ul>","protected":false},"featured_media":24410,"comment_status":"closed","ping_status":"closed","template":"","meta":{"content-type":"","_uf_show_specific_survey":0,"_uf_disable_surveys":false,"_monsterinsights_skip_tracking":false,"_monsterinsights_sitenote_active":false,"_monsterinsights_sitenote_note":"","_monsterinsights_sitenote_category":0},"pwb-brand":[1296],"product_brand":[],"product_cat":[41,1147,3285,3299,62],"product_tag":[3297,3238],"woo-feed-brand":[],"class_list":{"0":"post-5454","1":"product","2":"type-product","3":"status-publish","4":"has-post-thumbnail","6":"pwb-brand-jrfarm","7":"product_cat-fugl","8":"product_cat-fugl-som-hobby","9":"product_cat-fuglemat-til-undulater-papeg-yer-og-burfugler","10":"product_cat-spise","11":"product_cat-fuglesnacks","12":"product_tag-f-or-og-hoy-til-smadyr","13":"product_tag-snacks-gnagersnacks-til-kanin-hamster-og-marsvin","15":"first","16":"instock","17":"taxable","18":"shipping-taxable","19":"purchasable","20":"product-type-simple"},"exclude_global_add_ons":[],"addons":[],"brands":[{"id":1296,"name":"JRFarm","slug":"jrfarm"}],"_links":{"self":[{"href":"https:\/\/fuglebutikken.no\/en\/wp-json\/wp\/v2\/product\/5454","targetHints":{"allow":["GET"]}}],"collection":[{"href":"https:\/\/fuglebutikken.no\/en\/wp-json\/wp\/v2\/product"}],"about":[{"href":"https:\/\/fuglebutikken.no\/en\/wp-json\/wp\/v2\/types\/product"}],"replies":[{"embeddable":true,"href":"https:\/\/fuglebutikken.no\/en\/wp-json\/wp\/v2\/comments?post=5454"}],"wp:featuredmedia":[{"embeddable":true,"href":"https:\/\/fuglebutikken.no\/en\/wp-json\/wp\/v2\/media\/24410"}],"wp:attachment":[{"href":"https:\/\/fuglebutikken.no\/en\/wp-json\/wp\/v2\/media?parent=5454"}],"wp:term":[{"taxonomy":"pwb-brand","embeddable":true,"href":"https:\/\/fuglebutikken.no\/en\/wp-json\/wp\/v2\/pwb-brand?post=5454"},{"taxonomy":"product_brand","embeddable":true,"href":"https:\/\/fuglebutikken.no\/en\/wp-json\/wp\/v2\/product_brand?post=5454"},{"taxonomy":"product_cat","embeddable":true,"href":"https:\/\/fuglebutikken.no\/en\/wp-json\/wp\/v2\/product_cat?post=5454"},{"taxonomy":"product_tag","embeddable":true,"href":"https:\/\/fuglebutikken.no\/en\/wp-json\/wp\/v2\/product_tag?post=5454"},{"taxonomy":"woo-feed-brand","embeddable":true,"href":"https:\/\/fuglebutikken.no\/en\/wp-json\/wp\/v2\/woo-feed-brand?post=5454"}],"curies":[{"name":"wp","href":"https:\/\/api.w.org\/{rel}","templated":true}]}}