{"id":535,"date":"2020-02-22T18:11:36","date_gmt":"2020-02-22T17:11:36","guid":{"rendered":"https:\/\/274105-www.web.tornado-node.net\/fugl\/product\/fugleleke-caribbean-fun-mix\/"},"modified":"2026-01-20T20:08:19","modified_gmt":"2026-01-20T19:08:19","slug":"fugleleke-caribbean","status":"publish","type":"product","link":"https:\/\/fuglebutikken.no\/en\/butikk\/fugl-som-hobby\/fugl\/fuglebur-og-fuglebur-tilbehor\/fugleleker-og-aktivitet\/fugleleke-caribbean\/","title":{"rendered":"Fugleleke Caribbean Fun Mix"},"content":{"rendered":"<h2>Fugleleke Caribbean Fun Mix<\/h2>\n<p>Fargerike og morsome fugleleker.<\/p>\n<p>8beaks ble etablert i 2002. Lisa har en enkel filosofi&#8230; Kvalitet, kreativitet og utf\u00f8relse. Alle spesiallekene hennes er originale design og h\u00e5ndlaget av Lisa for din bestilling med kj\u00e6rlighet, t\u00e5lmodighet og den st\u00f8rste forsiktighet. Dessuten drives denne spesielle lille virksomheten utelukkende av Lisa. Vennligst ta hensyn til tiden og forsiktigheten det tar n\u00e5r du h\u00e5ndterer bestillingen din. Lekene dine lages av henne personlig (det er ingen hjelpere p\u00e5 8beaks)&#8230; dette sikrer kvaliteten, omsorgen og oppmerksomheten p\u00e5 detaljer som g\u00e5r inn i hver eneste leke som lages).<\/p>","protected":false},"excerpt":{"rendered":"<h3>Fugleleke Caribbean Fun Mix<\/h3>\n<p>Leker i naturlig materiale som tre, fj\u00e6r og tau, og i sterke farger er g\u00f8y \u00e5 b\u00e5de klatre i og bite p\u00e5. Caribbean fun-serien best\u00e5r av ulike leker, med en lengde p\u00e5 ca. 13 cm. Prisen gjelder pr. stk.<\/p>\n<p>Kommer assortert s\u00e5 vi sender kun en stk. av lekene p\u00e5 bildet<br \/>\nDersom du \u00f8nsker en spesifikk av de tre lekene send en melding sammen med bestillingen din<\/p>\n<p>&nbsp;<\/p>","protected":false},"featured_media":26668,"comment_status":"closed","ping_status":"closed","template":"","meta":{"content-type":"","_uf_show_specific_survey":0,"_uf_disable_surveys":false,"_monsterinsights_skip_tracking":false,"_monsterinsights_sitenote_active":false,"_monsterinsights_sitenote_note":"","_monsterinsights_sitenote_category":0},"pwb-brand":[1731],"product_brand":[],"product_cat":[41,1147,2164],"product_tag":[1873],"woo-feed-brand":[],"class_list":{"0":"post-535","1":"product","2":"type-product","3":"status-publish","4":"has-post-thumbnail","6":"pwb-brand-beaks","7":"product_cat-fugl","8":"product_cat-fugl-som-hobby","9":"product_cat-fugleleker-og-aktivitet","10":"product_tag-fugleleker","12":"first","13":"instock","14":"taxable","15":"shipping-taxable","16":"purchasable","17":"product-type-simple"},"exclude_global_add_ons":[],"addons":[],"brands":[{"id":1731,"name":"Beaks","slug":"beaks"}],"_links":{"self":[{"href":"https:\/\/fuglebutikken.no\/en\/wp-json\/wp\/v2\/product\/535","targetHints":{"allow":["GET"]}}],"collection":[{"href":"https:\/\/fuglebutikken.no\/en\/wp-json\/wp\/v2\/product"}],"about":[{"href":"https:\/\/fuglebutikken.no\/en\/wp-json\/wp\/v2\/types\/product"}],"replies":[{"embeddable":true,"href":"https:\/\/fuglebutikken.no\/en\/wp-json\/wp\/v2\/comments?post=535"}],"wp:featuredmedia":[{"embeddable":true,"href":"https:\/\/fuglebutikken.no\/en\/wp-json\/wp\/v2\/media\/26668"}],"wp:attachment":[{"href":"https:\/\/fuglebutikken.no\/en\/wp-json\/wp\/v2\/media?parent=535"}],"wp:term":[{"taxonomy":"pwb-brand","embeddable":true,"href":"https:\/\/fuglebutikken.no\/en\/wp-json\/wp\/v2\/pwb-brand?post=535"},{"taxonomy":"product_brand","embeddable":true,"href":"https:\/\/fuglebutikken.no\/en\/wp-json\/wp\/v2\/product_brand?post=535"},{"taxonomy":"product_cat","embeddable":true,"href":"https:\/\/fuglebutikken.no\/en\/wp-json\/wp\/v2\/product_cat?post=535"},{"taxonomy":"product_tag","embeddable":true,"href":"https:\/\/fuglebutikken.no\/en\/wp-json\/wp\/v2\/product_tag?post=535"},{"taxonomy":"woo-feed-brand","embeddable":true,"href":"https:\/\/fuglebutikken.no\/en\/wp-json\/wp\/v2\/woo-feed-brand?post=535"}],"curies":[{"name":"wp","href":"https:\/\/api.w.org\/{rel}","templated":true}]}}