{"id":5337,"date":"2021-09-28T16:53:55","date_gmt":"2021-09-28T14:53:55","guid":{"rendered":"https:\/\/fuglebutikken.no\/butikk\/ukategorisert\/ferplast-atlas-professional-transportbur-reisebur\/"},"modified":"2025-01-12T11:26:07","modified_gmt":"2025-01-12T10:26:07","slug":"ferplast-atlas-professional-transportbur-reisebur","status":"publish","type":"product","link":"https:\/\/fuglebutikken.no\/en\/butikk\/fugl-som-hobby\/fugl\/fuglebur-og-fuglebur-tilbehor\/fugl-bur\/transportbur-fugl\/ferplast-atlas-professional-transportbur-reisebur\/","title":{"rendered":"Ferplast Atlas Professional transportbur-reisebur"},"content":{"rendered":"","protected":false},"excerpt":{"rendered":"<p>Ferplast Atlas Professional transportbur-reisebur.<br \/>\nFerplast Atlas Professional transportboks er et solid transportbur laget av plast. Atlasburet er ideelt \u00e5 bruke n\u00e5r du skal p\u00e5 ferie eller p\u00e5 tur, til veterin\u00e6ren, utstilling etc.. Atlas har et nedfelt h\u00e5ndtak som gj\u00f8r at bur kan stables og det er lagt til rette for hjul under Atlasburet (kj\u00f8pes separat).<\/p>\n<p>D\u00f8ren er laget av plastbelagt metall og er godt festet i transportboksen.<\/p>\n<ul>\n<li>Veldig solid kvalitet \u2013 passer til alle typer transport<\/li>\n<li>Perfekt fra sm\u00e5 til st\u00f8rre hunder, katter, kaniner etc<\/li>\n<li>God ventilasjon<\/li>\n<li>Robuste sideklemmer<\/li>\n<li>Lett \u00e5 rengj\u00f8re<\/li>\n<li>IATA godkjent<\/li>\n<\/ul>","protected":false},"featured_media":14168,"comment_status":"closed","ping_status":"closed","template":"","meta":{"content-type":"","_uf_show_specific_survey":0,"_uf_disable_surveys":false,"_monsterinsights_skip_tracking":false,"_monsterinsights_sitenote_active":false,"_monsterinsights_sitenote_note":"","_monsterinsights_sitenote_category":0},"pwb-brand":[1287,661],"product_brand":[],"product_cat":[2202,41,1147,2140,2141,2127,1990,2152],"product_tag":[657,1281,1282,1283],"woo-feed-brand":[],"class_list":{"0":"post-5337","1":"product","2":"type-product","3":"status-publish","4":"has-post-thumbnail","6":"pwb-brand-atlas","7":"pwb-brand-ferplast","8":"product_cat-fugl-bur","9":"product_cat-fugl","10":"product_cat-fugl-som-hobby","11":"product_cat-bur-og-sikkerhet","12":"product_cat-bur-og-sikkerhet-katt","13":"product_cat-plastbur","14":"product_cat-reiseutstyr-og-bur","15":"product_cat-transportbur-fugl","16":"product_tag-reise","17":"product_tag-reise-med-dyr","18":"product_tag-reise-med-hund","19":"product_tag-reisebur","21":"first","22":"instock","23":"taxable","24":"shipping-taxable","25":"purchasable","26":"product-type-variable","27":"has-default-attributes"},"exclude_global_add_ons":[],"addons":[],"brands":[{"id":1287,"name":"Atlas","slug":"atlas"},{"id":661,"name":"Ferplast","slug":"ferplast"}],"_links":{"self":[{"href":"https:\/\/fuglebutikken.no\/en\/wp-json\/wp\/v2\/product\/5337","targetHints":{"allow":["GET"]}}],"collection":[{"href":"https:\/\/fuglebutikken.no\/en\/wp-json\/wp\/v2\/product"}],"about":[{"href":"https:\/\/fuglebutikken.no\/en\/wp-json\/wp\/v2\/types\/product"}],"replies":[{"embeddable":true,"href":"https:\/\/fuglebutikken.no\/en\/wp-json\/wp\/v2\/comments?post=5337"}],"wp:featuredmedia":[{"embeddable":true,"href":"https:\/\/fuglebutikken.no\/en\/wp-json\/wp\/v2\/media\/14168"}],"wp:attachment":[{"href":"https:\/\/fuglebutikken.no\/en\/wp-json\/wp\/v2\/media?parent=5337"}],"wp:term":[{"taxonomy":"pwb-brand","embeddable":true,"href":"https:\/\/fuglebutikken.no\/en\/wp-json\/wp\/v2\/pwb-brand?post=5337"},{"taxonomy":"product_brand","embeddable":true,"href":"https:\/\/fuglebutikken.no\/en\/wp-json\/wp\/v2\/product_brand?post=5337"},{"taxonomy":"product_cat","embeddable":true,"href":"https:\/\/fuglebutikken.no\/en\/wp-json\/wp\/v2\/product_cat?post=5337"},{"taxonomy":"product_tag","embeddable":true,"href":"https:\/\/fuglebutikken.no\/en\/wp-json\/wp\/v2\/product_tag?post=5337"},{"taxonomy":"woo-feed-brand","embeddable":true,"href":"https:\/\/fuglebutikken.no\/en\/wp-json\/wp\/v2\/woo-feed-brand?post=5337"}],"curies":[{"name":"wp","href":"https:\/\/api.w.org\/{rel}","templated":true}]}}