{"id":527,"date":"2020-02-22T18:10:54","date_gmt":"2020-02-22T17:10:54","guid":{"rendered":"https:\/\/274105-www.web.tornado-node.net\/fugl\/product\/patee-prestige-frutti-250g\/"},"modified":"2026-01-20T10:57:12","modified_gmt":"2026-01-20T09:57:12","slug":"patee-prestige-frutti-250g","status":"publish","type":"product","link":"https:\/\/fuglebutikken.no\/en\/butikk\/fugl-som-hobby\/fugl\/spise\/fuglemat-til-undulater-papeg-yer-og-burfugler\/fuglepatee\/patee-prestige-frutti-250g\/","title":{"rendered":"Patee prestige frutti 250g"},"content":{"rendered":"<h2>Patee prestige frutti 250g<\/h2>\n<p>Enten du \u00f8nsker \u00e5 gi kj\u00e6ledyret ditt et n\u00e6ringsrikt m\u00e5ltid eller en velsmakende snacks, er Patee prestige frutti det ideelle valget. Denne spesiallagde maten er designet for \u00e5 st\u00f8tte helse og vitalitet hos fugler, med en perfekt blanding av ingredienser for optimal vekst og fjerning av n\u00e6ringsstoffer.<\/p>\n<h3>N\u00f8kkelfordeler<\/h3>\n<p>Patee prestige frutti inneholder en balansert sammensetning av bakervarer, frokostblandinger, vegetabilske proteinekstrakter, fr\u00f8, oljer, fett, honning og eggderivater. Dette gir en fantastisk kilde til energi og n\u00e6ringsstoffer som er essensielle for fuglenes helse. Med ekstra tilsatt lysin og metionin, st\u00f8tter dette produktet ikke bare veksten, men ogs\u00e5 helse og trivsel hos kj\u00e6ledyrene dine.<\/p>\n<h3>Bruksanvisning<\/h3>\n<p>For best resultat, anbefales det \u00e5 gi Patee prestige frutti som en del av fuglens daglige kosthold. Dette produktet er enkelt \u00e5 portionere og kan blandes med ferske fr\u00f8 eller tilbyse som en snacks. Husk \u00e5 alltid ha friskt vann tilgjengelig for fuglene dine, for \u00e5 opprettholde deres helse og velv\u00e6re.<\/p>\n<h3>Tilleggsinformasjon<\/h3>\n<p>Ingrediensene i Patee prestige frutti inkluderer bakeprodukter, frokostblandinger, vegetabilske proteinekstrakter, fr\u00f8, oljer, fett, honning, forskjellige sukkerarter, samt mineraler som FOS og MOS. Den analytiske sammensetningen er imponerende, med 14% protein og 12% fettinnhold, som gir en n\u00e6ringsrik matvar l\u00f8sning for kj\u00e6ledyrene dine.<\/p>\n<p id=\"tw-target-text\" class=\"tw-data-text tw-text-large XcVN5d tw-ta\" dir=\"ltr\" data-placeholder=\"Oversettelse\"><span class=\"Y2IQFc\" lang=\"no\">Sammensetning: bakeprodukter, frokostblandinger, vegetabilske proteinekstrakter, fr\u00f8, oljer og fett, honning, forskjellige sukkerarter, egg- og eggderivater, mineraler, FOS, MOS<\/span><\/p>\n<p class=\"tw-data-text tw-text-large XcVN5d tw-ta\" dir=\"ltr\" data-placeholder=\"Oversettelse\"><span class=\"Y2IQFc\" lang=\"no\">Analytiske bestanddeler: protein 14,00%, fettinnhold 12,00%, r\u00e5 fiber 3,00%, r\u00e5 aske 4,00%, kalsium 1,20%, fosfor 0,26%, lysin 0,60%, metionin 0,30%, treonin 0,50%, tryptofan 0,20%, cystin 0,25%<\/span><\/p>","protected":false},"excerpt":{"rendered":"<h3 class=\"\">Patee prestige frutti 250g<\/h3>\n<ul>\n<li>Ideell energileverand\u00f8r for hele \u00e5ret.<\/li>\n<li>Inkluderer ekstra lysin og metionin for optimal vekst.<\/li>\n<li>En sunn og n\u00e6ringsrik matbit for kj\u00e6ledyrfugler.<\/li>\n<li>Inneholder protein, fett og essensielle mineraler.<\/li>\n<li>Med n\u00f8ye utvalgte ingredienser som fr\u00f8 og oljer.<\/li>\n<li>Bidrar til sunn fj\u00e6rdrakt og generell helse.<\/li>\n<\/ul>","protected":false},"featured_media":26651,"comment_status":"closed","ping_status":"closed","template":"","meta":{"content-type":"","_uf_show_specific_survey":0,"_uf_disable_surveys":false,"_monsterinsights_skip_tracking":false,"_monsterinsights_sitenote_active":false,"_monsterinsights_sitenote_note":"","_monsterinsights_sitenote_category":0},"pwb-brand":[673],"product_brand":[],"product_cat":[41,1147,3285,3299,113],"product_tag":[2132,1901],"woo-feed-brand":[],"class_list":{"0":"post-527","1":"product","2":"type-product","3":"status-publish","4":"has-post-thumbnail","6":"pwb-brand-versele-laga","7":"product_cat-fugl","8":"product_cat-fugl-som-hobby","9":"product_cat-fuglemat-til-undulater-papeg-yer-og-burfugler","10":"product_cat-spise","11":"product_cat-fuglepatee","12":"product_tag-fuglemat-og-fuglef-or","13":"product_tag-fuglepleie-og-kosttilskudd","15":"first","16":"instock","17":"taxable","18":"shipping-taxable","19":"purchasable","20":"product-type-simple"},"exclude_global_add_ons":[],"addons":[],"brands":[{"id":673,"name":"Versele-Laga","slug":"versele-laga"}],"_links":{"self":[{"href":"https:\/\/fuglebutikken.no\/en\/wp-json\/wp\/v2\/product\/527","targetHints":{"allow":["GET"]}}],"collection":[{"href":"https:\/\/fuglebutikken.no\/en\/wp-json\/wp\/v2\/product"}],"about":[{"href":"https:\/\/fuglebutikken.no\/en\/wp-json\/wp\/v2\/types\/product"}],"replies":[{"embeddable":true,"href":"https:\/\/fuglebutikken.no\/en\/wp-json\/wp\/v2\/comments?post=527"}],"wp:featuredmedia":[{"embeddable":true,"href":"https:\/\/fuglebutikken.no\/en\/wp-json\/wp\/v2\/media\/26651"}],"wp:attachment":[{"href":"https:\/\/fuglebutikken.no\/en\/wp-json\/wp\/v2\/media?parent=527"}],"wp:term":[{"taxonomy":"pwb-brand","embeddable":true,"href":"https:\/\/fuglebutikken.no\/en\/wp-json\/wp\/v2\/pwb-brand?post=527"},{"taxonomy":"product_brand","embeddable":true,"href":"https:\/\/fuglebutikken.no\/en\/wp-json\/wp\/v2\/product_brand?post=527"},{"taxonomy":"product_cat","embeddable":true,"href":"https:\/\/fuglebutikken.no\/en\/wp-json\/wp\/v2\/product_cat?post=527"},{"taxonomy":"product_tag","embeddable":true,"href":"https:\/\/fuglebutikken.no\/en\/wp-json\/wp\/v2\/product_tag?post=527"},{"taxonomy":"woo-feed-brand","embeddable":true,"href":"https:\/\/fuglebutikken.no\/en\/wp-json\/wp\/v2\/woo-feed-brand?post=527"}],"curies":[{"name":"wp","href":"https:\/\/api.w.org\/{rel}","templated":true}]}}