{"id":523,"date":"2020-02-22T18:10:54","date_gmt":"2020-02-22T17:10:54","guid":{"rendered":"https:\/\/274105-www.web.tornado-node.net\/fugl\/product\/nekton-lori-500-gr\/"},"modified":"2026-02-24T10:33:36","modified_gmt":"2026-02-24T09:33:36","slug":"nekton-lori","status":"publish","type":"product","link":"https:\/\/fuglebutikken.no\/en\/butikk\/fugl-som-hobby\/fugl\/spise\/fuglemat-til-undulater-papeg-yer-og-burfugler\/fr-blandinger-og-pellets-daglig-f-r\/softbills-og-spesialdiett-fugler\/lorier-og-nektarspisende-fugler\/nekton-lori\/","title":{"rendered":"Nekton-Lori"},"content":{"rendered":"<h2><span class=\"Y2IQFc\" lang=\"no\">Nekton-Lori, komplett konsentrat for nektar spisende papeg\u00f8yer<\/span><\/h2>\n<p>NEKTON-Lori er et balansert fullf\u00f4r for alle papeg\u00f8yearter som i stor grad lever av naturlig flytende f\u00f8de i form av blomsternektar, plantesaft og pollen. Sammensetningen av NEKTON-Loris ingredienser av h\u00f8yeste kvalitet er strengt orientert mot naturlige parametere. I tillegg tar NEKTON-Lori hensyn til den spesielle strukturen i ford\u00f8yelsessystemet til disse fuglene, nedbrutt proteiner (aminosyrer) og fokuserer p\u00e5 direkte tilgjengelighet av lett ford\u00f8yelige karbohydrater. En optimal blanding er resultatet av over 100 individuelle komponenter supplert med spesifikke fettsyrer og beriket med alle viktige stoffer (vitaminer, sporstoffer) samt mineraler og hovedelementer. Ingen andre feeds trenger \u00e5 gis. Ingen andre vitaminforbindelser skal gis mens NEKTON-Lori gis.<\/p>\n<p>Ikke bruk en blender eller visp til \u00e5 blande n\u00e6ringsl\u00f8sningen, da vitaminene kan bli mekanisk skadet. Bruk kun behandlet, rent vann!<\/p>\n<p>Et m\u00e5l festes til hver flaske NEKTON-Lori, ett m\u00e5l tilsvarer 10 g.<\/p>\n<p>Anbefaling: Desinfiser vannsk\u00e5ler og f\u00f4rbeholdere hver dag med NEKTON-Deis-Plus for \u00e5 garantere hygienisk og rent f\u00f4r!<\/p>\n<p><strong>F\u00f4ringsinstruksjoner, lories and hanging parakeets<\/strong>:<\/p>\n<p>10 g NEKTON-Nektar-Lori (1 m\u00e5l) i 100 ml lunkent (25\u00b0) drikkevann.<\/p>\n<p>Oppbevaring: NEKTON-Lori b\u00f8r oppbevares t\u00f8rt og beskyttet mot sollys, mellom 15\u00b0 og 25\u00b0C.<br \/>\nIKKE OPPBEVAR I KJ\u00d8LESKAP!!!<\/p>\n<p>Anbefaling: Desinfiser drikkekar og matbeholdere daglig med NEKTON-Desi-Care for \u00e5 garantere hygienisk og rent f\u00f4r!<\/p>\n<p><strong>Ingredienser<\/strong>:<\/p>\n<p>Sammensetning: Dekstrose, fruktose, pollen, soyaproteinisolat, sukrose, natriumklorid, ris, soya, kaliumdihydrogenfosfat, kalsiumglukonatmonohydrat, dikalsiumfosfat, kaliumklorid, kalsiumglyserofosfat, magnesiumkarbonat, kiselsyre, karbonat, kalsiumsyre, karbonat tistel olje.<\/p>\n<p>Ern\u00e6ringsmessige tilsetningsstoffer per kg: 40 000 IE vitamin A, 2500 IE vitamin D3, 40 mg vitamin E, 24 mg vitamin B1 (tiaminhydroklorid), 26 mg vitamin B2 (riboflavin), 20 mg pantotensyre, 60 mg nikotinamid, 17 mg vitamin B6 (pyridoksinhydroklorid), 1,3 mg folsyre, 100 mg kolinklorid, 2340 \u00b5g vitamin B12, 200 mg vitamin C (L(+)-askorbinsyre), 8 mg vitamin K3 (menandion natriumbisulfat), 100 mg inositol, 10 \u00b5g3, biotin, 36 mg jern (jern II-sulfat), 0,1 mg sink (sinksulfat), 8 mg mangan (manganoksid), 9 mg kobber (kobber II-sulfat), 0,10 g molybden (ammoniummolybdat).<\/p>\n<p>Tekniske tilsetningsstoffer: konserveringsmidler E200.<\/p>\n<p><img decoding=\"async\" class=\"aligncenter wp-image-66197 size-full\" src=\"https:\/\/dgspetproducts.no\/wp-content\/uploads\/2020\/02\/Nekton-E-vitamintilskudd-35-gram.........jpg\" alt=\"Nekton\" width=\"1046\" height=\"1500\"><\/p>","protected":false},"excerpt":{"rendered":"<h3><span class=\"Y2IQFc\" lang=\"no\">Nekton-Lori, komplett konsentrat for nektar spisende papeg\u00f8yer<\/span><\/h3>\n<p id=\"tw-target-text\" class=\"tw-data-text tw-text-large XcVN5d tw-ta\" dir=\"ltr\" data-placeholder=\"Oversettelse\"><span class=\"Y2IQFc\" lang=\"no\">Nekton-Lori 500 gr er pulverisert fullkost mat som inneholder alle viktige komponenter for organismen til lorinser og lorikeets. Karbohydratene som komponerer f\u00f2ret er valgt for \u00e5 reprodusere blomsternektar, en viktig matkomponent for Loris, og gi dem all den energien som er n\u00f8dvendig for stoffskiftet.&nbsp;<\/span><\/p>","protected":false},"featured_media":27692,"comment_status":"closed","ping_status":"closed","template":"","meta":{"content-type":"","_uf_show_specific_survey":0,"_uf_disable_surveys":false,"_monsterinsights_skip_tracking":false,"_monsterinsights_sitenote_active":false,"_monsterinsights_sitenote_note":"","_monsterinsights_sitenote_category":0},"pwb-brand":[976],"product_brand":[],"product_cat":[3286,41,1147,3285,3299,3293,3291],"product_tag":[3288,2132],"woo-feed-brand":[],"class_list":{"0":"post-523","1":"product","2":"type-product","3":"status-publish","4":"has-post-thumbnail","6":"pwb-brand-nekton","7":"product_cat-fr-blandinger-og-pellets-daglig-f-r","8":"product_cat-fugl","9":"product_cat-fugl-som-hobby","10":"product_cat-fuglemat-til-undulater-papeg-yer-og-burfugler","11":"product_cat-spise","12":"product_cat-lorier-og-nektarspisende-fugler","13":"product_cat-softbills-og-spesialdiett-fugler","14":"product_tag-fruktspisende-fugler-tukaner","15":"product_tag-fuglemat-og-fuglef-or","17":"first","18":"instock","19":"taxable","20":"shipping-taxable","21":"purchasable","22":"product-type-variable","23":"has-default-attributes"},"exclude_global_add_ons":[],"addons":[],"brands":[{"id":976,"name":"Nekton","slug":"nekton"}],"_links":{"self":[{"href":"https:\/\/fuglebutikken.no\/en\/wp-json\/wp\/v2\/product\/523","targetHints":{"allow":["GET"]}}],"collection":[{"href":"https:\/\/fuglebutikken.no\/en\/wp-json\/wp\/v2\/product"}],"about":[{"href":"https:\/\/fuglebutikken.no\/en\/wp-json\/wp\/v2\/types\/product"}],"replies":[{"embeddable":true,"href":"https:\/\/fuglebutikken.no\/en\/wp-json\/wp\/v2\/comments?post=523"}],"wp:featuredmedia":[{"embeddable":true,"href":"https:\/\/fuglebutikken.no\/en\/wp-json\/wp\/v2\/media\/27692"}],"wp:attachment":[{"href":"https:\/\/fuglebutikken.no\/en\/wp-json\/wp\/v2\/media?parent=523"}],"wp:term":[{"taxonomy":"pwb-brand","embeddable":true,"href":"https:\/\/fuglebutikken.no\/en\/wp-json\/wp\/v2\/pwb-brand?post=523"},{"taxonomy":"product_brand","embeddable":true,"href":"https:\/\/fuglebutikken.no\/en\/wp-json\/wp\/v2\/product_brand?post=523"},{"taxonomy":"product_cat","embeddable":true,"href":"https:\/\/fuglebutikken.no\/en\/wp-json\/wp\/v2\/product_cat?post=523"},{"taxonomy":"product_tag","embeddable":true,"href":"https:\/\/fuglebutikken.no\/en\/wp-json\/wp\/v2\/product_tag?post=523"},{"taxonomy":"woo-feed-brand","embeddable":true,"href":"https:\/\/fuglebutikken.no\/en\/wp-json\/wp\/v2\/woo-feed-brand?post=523"}],"curies":[{"name":"wp","href":"https:\/\/api.w.org\/{rel}","templated":true}]}}