{"id":521,"date":"2020-02-22T18:10:54","date_gmt":"2020-02-22T17:10:54","guid":{"rendered":"https:\/\/274105-www.web.tornado-node.net\/fugl\/product\/cede-handoppmating-1kg-5\/"},"modified":"2025-03-06T13:59:14","modified_gmt":"2025-03-06T12:59:14","slug":"cede-handoppmating-1kg-5","status":"publish","type":"product","link":"https:\/\/fuglebutikken.no\/en\/butikk\/fugl-som-hobby\/fugl\/spise\/fuglemat-til-undulater-papeg-yer-og-burfugler\/fuglepatee\/cede-handoppmating-1kg-5\/","title":{"rendered":"Cede h\u00e5ndoppmating 1kg"},"content":{"rendered":"<p id=\"tw-target-text\" class=\"tw-data-text tw-text-large XcVN5d tw-ta\" dir=\"ltr\" data-placeholder=\"Oversettelse\"><span class=\"Y2IQFc\" lang=\"no\">Cede-matvarer gir en lett ford\u00f8yelig ern\u00e6ring, h\u00f8y i energi og proteiner som kan mates fra f\u00f8rste dag. For \u00e5 tilberede myk mat, b\u00f8r en del cede blandes med tre deler lunkent vann og gj\u00f8res frisk hver dag. <\/span><\/p>\n<p class=\"tw-data-text tw-text-large XcVN5d tw-ta\" dir=\"ltr\" data-placeholder=\"Oversettelse\"><span class=\"Y2IQFc\" lang=\"no\">Innhold: Lett ford\u00f8yelig energiforbruk, proteiner, vitaminer og mineraler av topp kvalitet.<\/span><\/p>","protected":false},"excerpt":{"rendered":"<p>Cede h\u00e5ndoppmating 1kg&nbsp; er produsert av ferske g\u00e5rdsegg som bearbeides til eggesmuler ved hjelp av en sofistikert bakeprosess. Denne eggkrummen er unik og utgj\u00f8r grunnlaget for alle<\/p>\n<p>Cede-produkter. Cede gir de n\u00f8dvendige kosttilskudd som ikke er eller ikke er tilstrekkelig tilstede i fr\u00f8blandinger. Det er spesielt verdifullt i avl- og fellingperioder.<\/p>","protected":false},"featured_media":13161,"comment_status":"closed","ping_status":"closed","template":"","meta":{"content-type":"","_uf_show_specific_survey":0,"_uf_disable_surveys":false,"_monsterinsights_skip_tracking":false,"_monsterinsights_sitenote_active":false,"_monsterinsights_sitenote_note":"","_monsterinsights_sitenote_category":0},"pwb-brand":[652],"product_brand":[],"product_cat":[41,1147,113,1470],"product_tag":[],"woo-feed-brand":[],"class_list":{"0":"post-521","1":"product","2":"type-product","3":"status-publish","4":"has-post-thumbnail","6":"pwb-brand-cede","7":"product_cat-fugl","8":"product_cat-fugl-som-hobby","9":"product_cat-fuglepatee","10":"product_cat-handoppmating","12":"first","13":"instock","14":"taxable","15":"shipping-taxable","16":"purchasable","17":"product-type-simple"},"exclude_global_add_ons":[],"addons":[],"brands":[{"id":652,"name":"CeDe","slug":"cede"}],"_links":{"self":[{"href":"https:\/\/fuglebutikken.no\/en\/wp-json\/wp\/v2\/product\/521","targetHints":{"allow":["GET"]}}],"collection":[{"href":"https:\/\/fuglebutikken.no\/en\/wp-json\/wp\/v2\/product"}],"about":[{"href":"https:\/\/fuglebutikken.no\/en\/wp-json\/wp\/v2\/types\/product"}],"replies":[{"embeddable":true,"href":"https:\/\/fuglebutikken.no\/en\/wp-json\/wp\/v2\/comments?post=521"}],"wp:featuredmedia":[{"embeddable":true,"href":"https:\/\/fuglebutikken.no\/en\/wp-json\/wp\/v2\/media\/13161"}],"wp:attachment":[{"href":"https:\/\/fuglebutikken.no\/en\/wp-json\/wp\/v2\/media?parent=521"}],"wp:term":[{"taxonomy":"pwb-brand","embeddable":true,"href":"https:\/\/fuglebutikken.no\/en\/wp-json\/wp\/v2\/pwb-brand?post=521"},{"taxonomy":"product_brand","embeddable":true,"href":"https:\/\/fuglebutikken.no\/en\/wp-json\/wp\/v2\/product_brand?post=521"},{"taxonomy":"product_cat","embeddable":true,"href":"https:\/\/fuglebutikken.no\/en\/wp-json\/wp\/v2\/product_cat?post=521"},{"taxonomy":"product_tag","embeddable":true,"href":"https:\/\/fuglebutikken.no\/en\/wp-json\/wp\/v2\/product_tag?post=521"},{"taxonomy":"woo-feed-brand","embeddable":true,"href":"https:\/\/fuglebutikken.no\/en\/wp-json\/wp\/v2\/woo-feed-brand?post=521"}],"curies":[{"name":"wp","href":"https:\/\/api.w.org\/{rel}","templated":true}]}}