{"id":5200,"date":"2021-09-06T13:07:08","date_gmt":"2021-09-06T11:07:08","guid":{"rendered":"https:\/\/fuglebutikken.no\/butikk\/forautomat-xxl-til-fro\/"},"modified":"2026-04-14T15:53:06","modified_gmt":"2026-04-14T13:53:06","slug":"forautomat-xxl-til-fro","status":"publish","type":"product","link":"https:\/\/fuglebutikken.no\/en\/butikk\/dyr-som-hobby\/smadyr\/utedyr\/forautomat-xxl-til-fro\/","title":{"rendered":"F\u00f2rautomat XXL til fr\u00f8"},"content":{"rendered":"<h2>F\u00f2rautomat XXL til fr\u00f8<\/h2>\n<p>Oppdag gleden av \u00e5 tiltrekke flere fugler til hagen din med v\u00e5r F\u00f2rautomat XXL til fr\u00f8! Denne praktiske og stilige materen er designet for \u00e5 gi mindre fugler en p\u00e5litelig kilde til n\u00e6ring, og den passer perfekt til en rekke fr\u00f8blandinger og insekter.<\/p>\n<h3>N\u00f8kkelfordeler<\/h3>\n<p>F\u00f2rautomat XXL til fr\u00f8 er ikke bare funksjonell, men ogs\u00e5 estetisk tiltalende. Med en h\u00f8yde p\u00e5 45 cm og en solid boks som m\u00e5ler 25&#215;25 cm, er den ideell for sm\u00e5fugler som setter pris p\u00e5 fr\u00f8, villfuglblandinger, melorm og solsikke. Det lakkert metallet gir et elegant preg som smelter inn i enhver hage eller uteomr\u00e5de.<\/p>\n<h3>Brukstips<\/h3>\n<p>For best resultat, plasser f\u00f2rautomat i et rolig omr\u00e5de i hagen, hvor fuglene kan f\u00f8le seg trygge mens de spiser. Fyll den med en variert fr\u00f8blanding for \u00e5 tiltrekke et mangfold av fugler. S\u00f8rg for regelmessig p\u00e5fylling av fr\u00f8 og rengj\u00f8ring av materen for \u00e5 opprettholde god hygiene og tiltrekke flere fugler.<\/p>\n<h3>Ytterligere Informasjon<\/h3>\n<p>F\u00f2rautomaten er laget av slitesterkt, sortlakkert metall, noe som gir den lang levetid og motstand mot v\u00e6r og vind. Den leveres med en opphengwirer p\u00e5 30 cm, som gj\u00f8r installasjonen enkel og fleksibel, s\u00e5 du kan henge den akkurat der du \u00f8nsker \u2013 enten i et tre eller p\u00e5 et stativ.<\/p>","protected":false},"excerpt":{"rendered":"<h3 class=\"\">F\u00f2rautomat XXL til fr\u00f8<\/h3>\n<ul>\n<li>Til mindre fugler<\/li>\n<li>Passer til fr\u00f8blandinger, villfuglblandinger, melorm og solsikke<\/li>\n<li>H\u00f8yde 45cm, 25x25cm \u2013 opphengwire 30cm<\/li>\n<li>Produsert i sort lakkert metall<\/li>\n<\/ul>","protected":false},"featured_media":28778,"comment_status":"closed","ping_status":"closed","template":"","meta":{"content-type":"","_uf_show_specific_survey":0,"_uf_disable_surveys":false,"_monsterinsights_skip_tracking":false,"_monsterinsights_sitenote_active":false,"_monsterinsights_sitenote_note":"","_monsterinsights_sitenote_category":0},"pwb-brand":[1002],"product_brand":[],"product_cat":[3359,3360,1960,721],"product_tag":[1587],"woo-feed-brand":[],"class_list":{"0":"post-5200","1":"product","2":"type-product","3":"status-publish","4":"has-post-thumbnail","6":"pwb-brand-hercules","7":"product_cat-dyr-som-hobby","8":"product_cat-smadyr","9":"product_cat-utedyr","10":"product_cat-utefugl","11":"product_tag-villfugl","13":"first","14":"instock","15":"taxable","16":"shipping-taxable","17":"purchasable","18":"product-type-simple"},"exclude_global_add_ons":[],"addons":[],"brands":[{"id":1002,"name":"Hercules","slug":"hercules"}],"_links":{"self":[{"href":"https:\/\/fuglebutikken.no\/en\/wp-json\/wp\/v2\/product\/5200","targetHints":{"allow":["GET"]}}],"collection":[{"href":"https:\/\/fuglebutikken.no\/en\/wp-json\/wp\/v2\/product"}],"about":[{"href":"https:\/\/fuglebutikken.no\/en\/wp-json\/wp\/v2\/types\/product"}],"replies":[{"embeddable":true,"href":"https:\/\/fuglebutikken.no\/en\/wp-json\/wp\/v2\/comments?post=5200"}],"wp:featuredmedia":[{"embeddable":true,"href":"https:\/\/fuglebutikken.no\/en\/wp-json\/wp\/v2\/media\/28778"}],"wp:attachment":[{"href":"https:\/\/fuglebutikken.no\/en\/wp-json\/wp\/v2\/media?parent=5200"}],"wp:term":[{"taxonomy":"pwb-brand","embeddable":true,"href":"https:\/\/fuglebutikken.no\/en\/wp-json\/wp\/v2\/pwb-brand?post=5200"},{"taxonomy":"product_brand","embeddable":true,"href":"https:\/\/fuglebutikken.no\/en\/wp-json\/wp\/v2\/product_brand?post=5200"},{"taxonomy":"product_cat","embeddable":true,"href":"https:\/\/fuglebutikken.no\/en\/wp-json\/wp\/v2\/product_cat?post=5200"},{"taxonomy":"product_tag","embeddable":true,"href":"https:\/\/fuglebutikken.no\/en\/wp-json\/wp\/v2\/product_tag?post=5200"},{"taxonomy":"woo-feed-brand","embeddable":true,"href":"https:\/\/fuglebutikken.no\/en\/wp-json\/wp\/v2\/woo-feed-brand?post=5200"}],"curies":[{"name":"wp","href":"https:\/\/api.w.org\/{rel}","templated":true}]}}