{"id":507,"date":"2020-02-22T18:10:55","date_gmt":"2020-02-22T17:10:55","guid":{"rendered":"https:\/\/274105-www.web.tornado-node.net\/fugl\/product\/nekton-bio-35g-for-fjaerdrakten\/"},"modified":"2026-02-24T10:33:26","modified_gmt":"2026-02-24T09:33:26","slug":"nekton-bio-35-gram","status":"publish","type":"product","link":"https:\/\/fuglebutikken.no\/en\/butikk\/fugl-som-hobby\/fugl\/spise\/fuglevitaminer-og-mineraler\/nekton-bio-35-gram\/","title":{"rendered":"Nekton Bio 35 gram"},"content":{"rendered":"<h2>Nekton Bio 35 gram<\/h2>\n<p>Hoved\u00e5rsaken til d\u00e5rlig fj\u00e6rdrakt hos fugl er pga for d\u00e5rlig kosthold. Nekton Bio inneholder en komplett sammensetning av essensielle vitaminer, aminosyrer, mineraler, sporstoffer og biotin som fuglen trenger for \u00e5 holde en sunn og fin fj\u00f8rdrakt.<\/p>\n<p>Nekton Bio skal ikke gis under parring da det kan forstyrre inkubasjonstiden for eggene. Ingen andre vitamintilsetninger skal gis samtidig med Nekton Bio.<br \/>\nVed veldig d\u00e5rlig fj\u00e6rdrakt gi gjerne dobbel eller trippel dose i begynnelsen til tegn forbedring synes.<\/p>\n<p>NEKTON-Bio st\u00f8tter fl\u00f8teprosessen og veksten av nye fj\u00e6r. NEKTON-Bio inneholder alle n\u00f8dvendige vitaminer, aminosyrer, mineraler, sporstoffer og 200 000 \u00b5g biotin\/kg. NEKTON-Bio gir fuglene en glatt og skinnende fj\u00e6rdrakt. Flertallet av fj\u00e6rdraktskader som oppst\u00e5r ved fuglehold kan utelukkende tilskrives d\u00e5rlig kosthold. Siden fj\u00e6rdrakten best\u00e5r av proteinrike stoffer, er et spesielt rikt og balansert proteinkosthold en n\u00f8dvendig betingelse for \u00e5 danne en up\u00e5klagelig fj\u00e6rdrakt. Et daglig kosthold m\u00e5 inneholde nok vitaminer, mineraler og sporstoffer for et fungerende stoffskifte. St\u00f8rstedelen av dyretapene som oppst\u00e5r i brunstperioden skyldes manglende eller ubalansert proteininntak og\/eller utilstrekkelig tilskudd av vitaminer og mineraler. Det ugunstige forholdet mellom aminosyrer i de fleste plantebaserte f\u00f4r har blitt eksplisitt vurdert og balansert med tanke p\u00e5 sammensetningen av NEKTON-Bio.<\/p>\n<p>Ingen andre vitaminforbindelser skal gis mens du bruker NEKTON-Bio. NEKTON-Bio er l\u00f8selig i kaldt vann og kan gis enkelt i drikkevannet eller p\u00e5 bl\u00f8tf\u00f4r.<\/p>\n<p>Proteinet som inntas med f\u00f4ret spres i fuglens mage-tarmkanal i den enkelte proteinbase (aminosyrer) og bygger i sin tur opp disse naturlig produserte proteinbasene, som er n\u00f8dvendige for utviklingen av fj\u00e6rdrakten.<\/p>\n<p>Utvikling av fj\u00e6rdrakten til ungfugler og utveksten av fj\u00e6rdrakten under fl\u00f8ting er sv\u00e6rt kompliserte prosesser og de er knyttet til spesielt h\u00f8ye p\u00e5kjenninger for hele dyrets kropp.<\/p>\n<p>Ved alvorlig skadet fj\u00e6rdrakt kan dobbel eller til og med tredoble dosen av NEKTON-Bio gis til \u00e5 begynne med inntil det f\u00f8rste tegn p\u00e5 ny vekst er synlig. Etter det er normal dose nok til fj\u00e6rdrakten er ferdig utvokst. Daglig vitamintilskudd med NEKTON-S b\u00f8r gis sammen med NEKTON-MSA i forbindelse med denne korte behandlingen med NEKTON-Bio.<\/p>\n<p>Et gr\u00f8nt m\u00e5l er festet til hver flaske NEKTON-Bio.<\/p>\n<p>Merk at NEKTON-Bio ikke skal gis under avl da det kan for\u00e5rsake forstyrrelser i klekkeprosessen. Anbefaling: Desinfiser vannsk\u00e5ler og f\u00f4rbeholdere hver dag med NEKTON-Deis-Plus for \u00e5 garantere hygienisk og rent f\u00f4r!<\/p>\n<p>F\u00f4ringsanbefalinger:<\/p>\n<p>1 g (= 1 m\u00e5l) NEKTON-Bio i 250 ml drikkevann eller 100 g bl\u00f8tf\u00f4r.<\/p>\n<p>Ingredienser:<\/p>\n<p>Med 18 aminosyrer.<\/p>\n<p>Sammensetning: dekstrose, kiselsyre, kalsiumkarbonat.<\/p>\n<p>Ern\u00e6ringsmessige tilsetningsstoffer per kg: 6.600.000 IE vitamin A, 10.000 IE vitamin D3, 20.160 mg vitamin E, 670 mg vitamin B1 (tiaminhydroklorid), 1.680 mg vitamin B2 (riboflavin), 3.300 mg pantotensyre 1-0000 mg pantotensyre (kalsiumsyre) nikotinamid, 670 mg vitamin B6 (pyridoksinhydroklorid), 225 mg folsyre, 2.000 \u00b5g vitamin B12, 16.670 mg vitamin C (L(+)-askorbinsyre), 1.330 mg vitamin K3 (menandionnatriumbisulfat), 200.000, 200,000, 000 \u00b5g bio mg jern (jern-II-sulfat), 1220 mg sink (sinksulfat), 1250 mg mangan (manganoksid), 250 mg kobber (kobber II-sulfat), 100 mg jod (kalsiumjodat), 40 g kobolt (koboltkarbonat).<\/p>\n<figure id=\"attachment_66197\" aria-describedby=\"caption-attachment-66197\" style=\"width: 1046px\" class=\"wp-caption aligncenter\"><img decoding=\"async\" class=\"wp-image-66197 size-full\" src=\"https:\/\/dgspetproducts.no\/wp-content\/uploads\/2020\/02\/Nekton-E-vitamintilskudd-35-gram.........jpg\" alt=\"Nekton\" width=\"1046\" height=\"1500\"><figcaption id=\"caption-attachment-66197\" class=\"wp-caption-text\">Nekton<\/figcaption><\/figure>","protected":false},"excerpt":{"rendered":"<h3>Nekton Bio 35 gram<\/h3>\n<p>Hoved\u00e5rsaken til d\u00e5rlig fj\u00e6rdrakt hos fugl er pga for d\u00e5rlig kosthold. Nekton Bio inneholder en komplett sammensetning av essensielle vitaminer, aminosyrer, mineraler, sporstoffer og biotin som fuglen trenger for \u00e5 holde en sunn og fin fj\u00f8rdrakt.<\/p>","protected":false},"featured_media":27687,"comment_status":"closed","ping_status":"closed","template":"","meta":{"content-type":"","_uf_show_specific_survey":0,"_uf_disable_surveys":false,"_monsterinsights_skip_tracking":false,"_monsterinsights_sitenote_active":false,"_monsterinsights_sitenote_note":"","_monsterinsights_sitenote_category":0},"pwb-brand":[976],"product_brand":[],"product_cat":[41,1147,3299,78],"product_tag":[1993],"woo-feed-brand":[],"class_list":{"0":"post-507","1":"product","2":"type-product","3":"status-publish","4":"has-post-thumbnail","6":"pwb-brand-nekton","7":"product_cat-fugl","8":"product_cat-fugl-som-hobby","9":"product_cat-spise","10":"product_cat-fuglevitaminer-og-mineraler","11":"product_tag-kosttilskudd-og-vitaminer-for-fugl","13":"first","14":"instock","15":"taxable","16":"shipping-taxable","17":"purchasable","18":"product-type-simple"},"exclude_global_add_ons":[],"addons":[],"brands":[{"id":976,"name":"Nekton","slug":"nekton"}],"_links":{"self":[{"href":"https:\/\/fuglebutikken.no\/en\/wp-json\/wp\/v2\/product\/507","targetHints":{"allow":["GET"]}}],"collection":[{"href":"https:\/\/fuglebutikken.no\/en\/wp-json\/wp\/v2\/product"}],"about":[{"href":"https:\/\/fuglebutikken.no\/en\/wp-json\/wp\/v2\/types\/product"}],"replies":[{"embeddable":true,"href":"https:\/\/fuglebutikken.no\/en\/wp-json\/wp\/v2\/comments?post=507"}],"wp:featuredmedia":[{"embeddable":true,"href":"https:\/\/fuglebutikken.no\/en\/wp-json\/wp\/v2\/media\/27687"}],"wp:attachment":[{"href":"https:\/\/fuglebutikken.no\/en\/wp-json\/wp\/v2\/media?parent=507"}],"wp:term":[{"taxonomy":"pwb-brand","embeddable":true,"href":"https:\/\/fuglebutikken.no\/en\/wp-json\/wp\/v2\/pwb-brand?post=507"},{"taxonomy":"product_brand","embeddable":true,"href":"https:\/\/fuglebutikken.no\/en\/wp-json\/wp\/v2\/product_brand?post=507"},{"taxonomy":"product_cat","embeddable":true,"href":"https:\/\/fuglebutikken.no\/en\/wp-json\/wp\/v2\/product_cat?post=507"},{"taxonomy":"product_tag","embeddable":true,"href":"https:\/\/fuglebutikken.no\/en\/wp-json\/wp\/v2\/product_tag?post=507"},{"taxonomy":"woo-feed-brand","embeddable":true,"href":"https:\/\/fuglebutikken.no\/en\/wp-json\/wp\/v2\/woo-feed-brand?post=507"}],"curies":[{"name":"wp","href":"https:\/\/api.w.org\/{rel}","templated":true}]}}