{"id":505,"date":"2020-02-22T18:10:55","date_gmt":"2020-02-22T17:10:55","guid":{"rendered":"https:\/\/274105-www.web.tornado-node.net\/fugl\/product\/nekton-b-b-vit-35gr\/"},"modified":"2026-02-24T10:32:16","modified_gmt":"2026-02-24T09:32:16","slug":"nekton-b","status":"publish","type":"product","link":"https:\/\/fuglebutikken.no\/en\/butikk\/fugl-som-hobby\/fugl\/spise\/fuglevitaminer-og-mineraler\/nekton-b\/","title":{"rendered":"Nekton B Komplex 35 gram"},"content":{"rendered":"<div class=\"page\">\n<div class=\"product-details\">\n<div class=\"information\">\n<h2>Nekton B Komplex 35 gram<\/h2>\n<p>Dette er et tilsetningsstoff som kun skal gis ved behov. Nekton B Komplex inneholder et komplett sammensetning med flere B-vitaminer. Gis gjerne sammen med Nekton-S. Sammensetningen av B-vitaminer i mange fullf\u00f2r er ikke bra nok for fuglen, det kan derfor v\u00e6re behov for et supplement til det daglige f\u00f2ret.<\/p>\n<p>NEKTON-B-Complex reparerer mangeltilstander, har en positiv effekt p\u00e5 nervevev og optimerer reguleringen av protein-, fett- og karbohydratmetabolismen.<\/p>\n<p>Mangel p\u00e5 viktige B-vitaminer blir synlig ved mange former for helseplager som nerv\u00f8se lidelser (b\u00f8ye bakhodet), \u00f8kt irritabilitet, ukoordinerte bevegelser eller spasmer. Unormale endringer i huden og vekstforstyrrelser kan ogs\u00e5 v\u00e6re et tegn p\u00e5 B-vitaminmangel.<\/p>\n<p>Fugler har \u00f8kt behov for vitamin B, for eksempel n\u00e5r dyr er stresset eller syke og ogs\u00e5 n\u00e5r dyr m\u00e5 behandles med antibiotika eller sulfonamider.<\/p>\n<p>NEKTON-B-Komplex er l\u00f8selig i kaldt vann og kan enkelt gis i drikkevannet eller bl\u00f8tf\u00f4r. Utmerket i kombinasjon med NEKTON-S.<\/p>\n<p>NEKTON B-Complex er en h\u00f8ykvalitets og spesifikk vitaminsammensetning som inneholder et stort antall B-kompleks vitaminer. Disse stoffene, som er n\u00f8dvendige for kroppen og for \u00e5 opprettholde helsen, finnes dels i plantemat og dels i animalsk mat. De finnes vanligvis i utilstrekkelig mengde i f\u00f4rblandinger og m\u00e5 derfor f\u00f4res til fuglene som et supplement.<\/p>\n<p>Vitaminene i NEKTON-B-Complex er av st\u00f8rste betydning for kroppens fysiologiske prosesser og har varierende virkning. Derfor har de en n\u00f8kkelposisjon i den generelle metabolismen, for eksempel er de merkbart involvert i \u00e5 regulere protein-, fett- og karbohydratmetabolismen. B-vitaminer deler ansvaret for normal funksjon av mage-tarmkanalen og nerve- og hjertemuskelvev; de har en effekt p\u00e5 blod- og antistoffproduksjonen og er ogs\u00e5 ansvarlige for \u00e5 opprettholde sunn hud.<\/p>\n<p>Merk at NEKTON-B-Komplex kun skal brukes ved behov.<\/p>\n<p>Friske fugler uten spesiell innsats b\u00f8r gis multivitaminsammensetningen NEKTON-S og NEKTON-MSA daglig.<\/p>\n<p>Et gr\u00f8nt m\u00e5l er festet til hver flaske NEKTON-B-Komplex. 1 g tilsvarer ett m\u00e5l.<\/p>\n<p>Anbefaling: Desinfiser vannsk\u00e5ler og f\u00f4rbeholdere hver dag med NEKTON-Deis-Plus for \u00e5 garantere hygienisk og rent f\u00f4r!<\/p>\n<p><strong>F\u00f4ringsanbefalinger:<\/strong><\/p>\n<ul>\n<li>Sm\u00e5fugler 0,5 g daglig (et halvt m\u00e5l)<\/li>\n<li>mellomstore fugler f.eks duer 1 g daglig (ett m\u00e5l)<\/li>\n<li>store fugler f.eks papeg\u00f8yer 1-2 g daglig (1-2 m\u00e5l).<\/li>\n<\/ul>\n<p><strong>Ingredienser<\/strong>:<\/p>\n<p>Inneholder 2 aminosyrer.<\/p>\n<p><strong>Sammensetning<\/strong>: dekstrose, kiselsyre.<\/p>\n<p>Ern\u00e6ringsmessige tilsetningsstoffer per kg: 1 500 mg vitamin B1 (tiaminhydroklorid), 3 400 mg vitamin B (riboflavin), 30 000 mg nikotinamid, 10 000 mg pantotensyre (kalsium-D pantotenat), 3 400 mg vitamin B6 (pyridoksin), \u00b52,4g klorid, \u00b52,4g , 6000 mg folsyre.<\/p>\n<p><img decoding=\"async\" class=\"aligncenter wp-image-66197 size-full\" src=\"https:\/\/dgspetproducts.no\/wp-content\/uploads\/2020\/02\/Nekton-E-vitamintilskudd-35-gram.........jpg\" alt=\"Nekton\" width=\"1046\" height=\"1500\"><\/p>\n<\/div>\n<\/div>\n<\/div>\n<div class=\"related-products\"><\/div>","protected":false},"excerpt":{"rendered":"<h3>Nekton B Komplex 35 gram<\/h3>\n<p>Dette er et tilsetningsstoff som kun skal gis ved behov. Nekton B Komplex inneholder et komplett sammensetning med flere B-vitaminer. Gis gjerne sammen med Nekton-S. Sammensetningen av B-vitaminer i mange fullf\u00f2r er ikke bra nok for fuglen, det kan derfor v\u00e6re behov for et supplement til det daglige f\u00f2ret.<\/p>","protected":false},"featured_media":27676,"comment_status":"closed","ping_status":"closed","template":"","meta":{"content-type":"","_uf_show_specific_survey":0,"_uf_disable_surveys":false,"_monsterinsights_skip_tracking":false,"_monsterinsights_sitenote_active":false,"_monsterinsights_sitenote_note":"","_monsterinsights_sitenote_category":0},"pwb-brand":[976],"product_brand":[],"product_cat":[41,1147,3299,78],"product_tag":[1993],"woo-feed-brand":[],"class_list":{"0":"post-505","1":"product","2":"type-product","3":"status-publish","4":"has-post-thumbnail","6":"pwb-brand-nekton","7":"product_cat-fugl","8":"product_cat-fugl-som-hobby","9":"product_cat-spise","10":"product_cat-fuglevitaminer-og-mineraler","11":"product_tag-kosttilskudd-og-vitaminer-for-fugl","13":"first","14":"instock","15":"taxable","16":"shipping-taxable","17":"purchasable","18":"product-type-simple"},"exclude_global_add_ons":[],"addons":[],"brands":[{"id":976,"name":"Nekton","slug":"nekton"}],"_links":{"self":[{"href":"https:\/\/fuglebutikken.no\/en\/wp-json\/wp\/v2\/product\/505","targetHints":{"allow":["GET"]}}],"collection":[{"href":"https:\/\/fuglebutikken.no\/en\/wp-json\/wp\/v2\/product"}],"about":[{"href":"https:\/\/fuglebutikken.no\/en\/wp-json\/wp\/v2\/types\/product"}],"replies":[{"embeddable":true,"href":"https:\/\/fuglebutikken.no\/en\/wp-json\/wp\/v2\/comments?post=505"}],"wp:featuredmedia":[{"embeddable":true,"href":"https:\/\/fuglebutikken.no\/en\/wp-json\/wp\/v2\/media\/27676"}],"wp:attachment":[{"href":"https:\/\/fuglebutikken.no\/en\/wp-json\/wp\/v2\/media?parent=505"}],"wp:term":[{"taxonomy":"pwb-brand","embeddable":true,"href":"https:\/\/fuglebutikken.no\/en\/wp-json\/wp\/v2\/pwb-brand?post=505"},{"taxonomy":"product_brand","embeddable":true,"href":"https:\/\/fuglebutikken.no\/en\/wp-json\/wp\/v2\/product_brand?post=505"},{"taxonomy":"product_cat","embeddable":true,"href":"https:\/\/fuglebutikken.no\/en\/wp-json\/wp\/v2\/product_cat?post=505"},{"taxonomy":"product_tag","embeddable":true,"href":"https:\/\/fuglebutikken.no\/en\/wp-json\/wp\/v2\/product_tag?post=505"},{"taxonomy":"woo-feed-brand","embeddable":true,"href":"https:\/\/fuglebutikken.no\/en\/wp-json\/wp\/v2\/woo-feed-brand?post=505"}],"curies":[{"name":"wp","href":"https:\/\/api.w.org\/{rel}","templated":true}]}}