{"id":503,"date":"2020-02-22T18:10:55","date_gmt":"2020-02-22T17:10:55","guid":{"rendered":"https:\/\/274105-www.web.tornado-node.net\/fugl\/product\/nekton-e-e-vit-35gr\/"},"modified":"2026-02-02T19:08:22","modified_gmt":"2026-02-02T18:08:22","slug":"nekton-e","status":"publish","type":"product","link":"https:\/\/fuglebutikken.no\/en\/butikk\/fugl-som-hobby\/fugl\/spise\/fuglevitaminer-og-mineraler\/nekton-e\/","title":{"rendered":"Nekton-E vitamintilskudd 35 gram"},"content":{"rendered":"<h2>Nekton-E vitamintilskudd 35 gram<\/h2>\n<p>Et problemfritt vannl\u00f8selig vitamintilskudd. Hjelper til med \u00e5 f\u00e5 fugler i hekkemodus og stabiliserer vitaminer.<\/p>\n<p><strong>NEKTON-E<\/strong> er et komplement\u00e6rf\u00f4r som best\u00e5r av den biologisk effektive og langvarige vitamin E-komponenten \u03b1-tokoferol.<br \/>\nvitamin e for budgies, breeding supplements for birds<\/p>\n<p><strong>NEKTON-E<\/strong> bidrar til \u00e5 beskytte cellemembranen, dekontaminerer metabolitter, hormonproduksjon og muskelfunksjoner. NEKTON-E forbedrer f\u00f8rst og fremst dyrenes fruktbarhet, embryoenes overlevelse og ungenes vitalitet. NEKTON-E fremmer ogs\u00e5 hele celleforbrenningen, produksjon av antistoffer, \u00f8kt forsvar og har en positiv effekt p\u00e5 kroppens immunstatus. NEKTON-E supplerer minimumsinnholdet av vitamin E i f\u00f4ret og dekker dyrenes behov med disse n\u00e6ringsstoffene som er s\u00e5 viktige for kroppen. <strong>NEKTON-E<\/strong> er l\u00f8selig i vann og gis daglig i drikkevannet eller blandes i bl\u00f8tf\u00f4r. Utmerket i kombinasjon med NEKTON-S og NEKTON-MSA.<\/p>\n<p><strong>NEKTON-E<\/strong> har en positiv effekt p\u00e5 hele cellemetabolismen, produksjonen av antistoffer, immunitet og forsvar. NEKTON-E beskytter cellemembranene og bevarer vitaliteten til cellene i kroppsvevet. Den dekontaminerer skadelige stoffer som angriper cellemetabolismen, er involvert i cellul\u00e6r respirasjon og spiller en viktig rolle i energimetabolismen. Stress for\u00e5rsaket av varme, kulde etc. samt indre parasitter og infeksjonssykdommer krever st\u00f8rre tilf\u00f8rsel av vitamin E. Vitamin E er ogs\u00e5 ekstremt viktig for \u00e5 bygge opp hormoner og mangel p\u00e5 det kan gi redusert fruktbarhet, sexlyst og klekking. Mangel p\u00e5 vitamin E svekker spesielt musklene (hvit muskelsykdom), hjertefunksjonen og helsen til hjerne, lever, gonader, blod\u00e5rer og avkom.<\/p>\n<p><strong>NEKTON-E<\/strong> b\u00f8r begynne \u00e5 gis minst tre uker f\u00f8r avl. Merk at n\u00e5r det gjelder fugler, b\u00f8r <strong>NEKTON-E<\/strong> stoppes s\u00e5 snart det f\u00f8rste egget er lagt og hunnen er p\u00e5 egget. Det kan gi forstyrrelser i grublingen av en drivkraft hos hannen som er for sterk.<\/p>\n<p>Etter behandlingen fortsetter du med det daglige vitamintilskuddet med NEKTON-S og NEKTON-MSA.<\/p>\n<p>Et gr\u00f8nt m\u00e5l er festet til hver flaske NEKTON-E. 1 g tilsvarer ett m\u00e5l.<\/p>\n<p><strong>F\u00f4ringsanbefalinger:<\/strong><\/p>\n<p>Fugler: 1 g NEKTON-E i 250 ml drikkevann eller 100 g myk mat.<br \/>\nSkal brukes som et kur som starter minst tre uker f\u00f8r avl og slutter s\u00e5 snart det f\u00f8rste egget er lagt.<br \/>\nKrypdyr: 0,5 g NEKTON-E daglig per kg kroppsvekt, en kur p\u00e5 ca 14 dager.<br \/>\nEn linjal (medf\u00f8lger) tilsvarer 1 g NEKTON-E.<\/p>\n<p>Anbefaling: Desinfiser vannsk\u00e5ler og f\u00f4rbeholdere hver dag med NEKTON-Deis-Plus for \u00e5 garantere et hygienisk og rent f\u00f4r!<\/p>\n<p><strong>Ingredienser:<\/strong><\/p>\n<p>Inneholder 2 aminosyrer.<br \/>\nSammensetning: dekstrose, kiselsyre.<br \/>\nErn\u00e6ringsmessige tilsetningsstoffer per kg: 50 000 mg vitamin E.<\/p>\n<figure id=\"attachment_66197\" aria-describedby=\"caption-attachment-66197\" style=\"width: 1046px\" class=\"wp-caption aligncenter\"><img decoding=\"async\" class=\"wp-image-66197 size-full\" src=\"https:\/\/tgr.no\/wp-content\/uploads\/2020\/02\/Nekton-E-vitamintilskudd-35-gram.........jpg\" alt=\"Nekton-E vitamintilskudd 35 gram\" width=\"1046\" height=\"1500\"><figcaption id=\"caption-attachment-66197\" class=\"wp-caption-text\">Nekton-E vitamintilskudd 35 gram<\/figcaption><\/figure>","protected":false},"excerpt":{"rendered":"<h3>Nekton-E vitamintilskudd 35 gram<\/h3>\n<p>Nekton e 35gr er et problemfritt vannl\u00f8selig vitamintilskudd for tropefugler og reptiler. Hjelper til med \u00e5 f\u00e5 fugler i hekkemodus og stabiliserer vitaminer.<\/p>\n<ul>\n<li>Kosttilskudd til fugl<\/li>\n<li>Kosttilskudd til reptiler<\/li>\n<li>NEKTON-E forbedrer f\u00f8rst og fremst dyrenes fruktbarhet, embryoenes overlevelse og ungenes vitalitet.<\/li>\n<li>Gis daglig i drikkevannet eller blandes i bl\u00f8tf\u00f4r<\/li>\n<\/ul>","protected":false},"featured_media":27098,"comment_status":"closed","ping_status":"closed","template":"","meta":{"content-type":"","_uf_show_specific_survey":0,"_uf_disable_surveys":false,"_monsterinsights_skip_tracking":false,"_monsterinsights_sitenote_active":false,"_monsterinsights_sitenote_note":"","_monsterinsights_sitenote_category":0},"pwb-brand":[976],"product_brand":[],"product_cat":[41,1147,3299,78],"product_tag":[1993],"woo-feed-brand":[],"class_list":{"0":"post-503","1":"product","2":"type-product","3":"status-publish","4":"has-post-thumbnail","6":"pwb-brand-nekton","7":"product_cat-fugl","8":"product_cat-fugl-som-hobby","9":"product_cat-spise","10":"product_cat-fuglevitaminer-og-mineraler","11":"product_tag-kosttilskudd-og-vitaminer-for-fugl","13":"first","14":"instock","15":"taxable","16":"shipping-taxable","17":"purchasable","18":"product-type-simple"},"exclude_global_add_ons":[],"addons":[],"brands":[{"id":976,"name":"Nekton","slug":"nekton"}],"_links":{"self":[{"href":"https:\/\/fuglebutikken.no\/en\/wp-json\/wp\/v2\/product\/503","targetHints":{"allow":["GET"]}}],"collection":[{"href":"https:\/\/fuglebutikken.no\/en\/wp-json\/wp\/v2\/product"}],"about":[{"href":"https:\/\/fuglebutikken.no\/en\/wp-json\/wp\/v2\/types\/product"}],"replies":[{"embeddable":true,"href":"https:\/\/fuglebutikken.no\/en\/wp-json\/wp\/v2\/comments?post=503"}],"wp:featuredmedia":[{"embeddable":true,"href":"https:\/\/fuglebutikken.no\/en\/wp-json\/wp\/v2\/media\/27098"}],"wp:attachment":[{"href":"https:\/\/fuglebutikken.no\/en\/wp-json\/wp\/v2\/media?parent=503"}],"wp:term":[{"taxonomy":"pwb-brand","embeddable":true,"href":"https:\/\/fuglebutikken.no\/en\/wp-json\/wp\/v2\/pwb-brand?post=503"},{"taxonomy":"product_brand","embeddable":true,"href":"https:\/\/fuglebutikken.no\/en\/wp-json\/wp\/v2\/product_brand?post=503"},{"taxonomy":"product_cat","embeddable":true,"href":"https:\/\/fuglebutikken.no\/en\/wp-json\/wp\/v2\/product_cat?post=503"},{"taxonomy":"product_tag","embeddable":true,"href":"https:\/\/fuglebutikken.no\/en\/wp-json\/wp\/v2\/product_tag?post=503"},{"taxonomy":"woo-feed-brand","embeddable":true,"href":"https:\/\/fuglebutikken.no\/en\/wp-json\/wp\/v2\/woo-feed-brand?post=503"}],"curies":[{"name":"wp","href":"https:\/\/api.w.org\/{rel}","templated":true}]}}