{"id":499,"date":"2020-02-22T18:11:16","date_gmt":"2020-02-22T17:11:16","guid":{"rendered":"https:\/\/274105-www.web.tornado-node.net\/fugl\/product\/nekton-s-multivit\/"},"modified":"2026-02-24T10:31:13","modified_gmt":"2026-02-24T09:31:13","slug":"nekton-s","status":"publish","type":"product","link":"https:\/\/fuglebutikken.no\/en\/butikk\/fugl-som-hobby\/fugl\/spise\/fuglevitaminer-og-mineraler\/nekton-s\/","title":{"rendered":"NEKTON-S Multivitamin"},"content":{"rendered":"<h2>NEKTON-S Multivitamin<\/h2>\n<p>NEKTON-S, nekton s multivitamin,&nbsp; inneholder alle viktige vitaminer og er ogs\u00e5 beriket med aminosyrer, mineraler og sporstoffer. Vitaminmangel (hypovitaminose) er ikke lett \u00e5 oppdage hos fugler og f\u00f8rer til betydelig helseskade over lang tid f\u00f8r man mister dyret for tidlig. Omtrent 90 % av alle sykdommer hos fugler er for\u00e5rsaket av utilstrekkelig f\u00f4ring.<\/p>\n<p>NEKTON-S st\u00f8tter utviklingen av metabolske prosesser hos fugler og \u00f8ker utnyttelsen av alle absorberte n\u00e6ringsstoffer betydelig. NEKTON-S har blitt brukt med suksess i over 35 \u00e5r i dyreparker, dyreparker, av oppdrettere og av private kj\u00e6ledyreiere. NEKTON-S gis daglig i drikkevannet og aksepteres lett av fuglene.<\/p>\n<p>Utmerket i kombinasjon med NEKTON-MSA (mineralforbindelse) og NEKTON-E (for avl).<\/p>\n<p>Vitaminer er viktige n\u00e6ringsstoffer. De s\u00f8rger for n\u00f8dvendig sammensetning og nedbrytning av inntatte n\u00e6ringsstoffer (proteiner, karbohydrater, fett) og garanterer derved et riktig stoffskifte.<\/p>\n<p>NEKTON-S tilleggsf\u00f4r gj\u00f8r tilgjengelig for fugleeiere en blanding tilpasset fuglens spesielle behov, med sitt h\u00f8ye innhold av vitaminer, aminosyrer og mineraler. Forhindrer skader p\u00e5 dyrets helse som kan oppst\u00e5 p\u00e5 grunn av mangel p\u00e5 disse stoffene. Takket v\u00e6re ingrediensene av h\u00f8y kvalitet, inntak og utnyttelse, blir n\u00e6ringsstoffene i f\u00f4ret ikke bare supplert, men ogs\u00e5 forbedret og derfor \u00f8kt. Dette styrker fuglens forsvar og forbedrer ytelsen. Doseringen kan justeres og midlertidig \u00f8kes opp til det dobbelte n\u00e5r fuglen opplever stress, for eksempel under transport, vekst, avl, fl\u00f8ting etc.<\/p>\n<p>For \u00e5 \u00f8ke fruktbarheten anbefaler vi at fugleoppdrettere kombinerer NEKTON-S med NEKTON-E (start ca. 3 uker f\u00f8r avl). For \u00e5 forebygge mineralmangel og forbedre fuglens beinstruktur anbefaler vi \u00e5 kombinere NEKTON-S med NEKTON-MSA.<\/p>\n<p><strong>F\u00f4ringsanbefalinger<\/strong>:<\/p>\n<p>1 g NEKTON-S i 250 ml vann eller 100 g bl\u00f8tf\u00f4r.<\/p>\n<p>En linjal (medf\u00f8lger) tilsvarer 1 g NEKTON-S.<\/p>\n<p>Anbefaling: Desinfiser vannsk\u00e5ler og f\u00f4rbeholdere hver dag med NEKTON-Deis-Plus for \u00e5 garantere hygienisk og rent f\u00f4r!<\/p>\n<p><strong>Ingredienser<\/strong>:<\/p>\n<p>Inneholder 18 aminosyrer.<\/p>\n<p>Sammensetning: dekstrose, kalsiumkarbonat, kiselsyre.<\/p>\n<p>Ern\u00e6ringsmessige tilsetningsstoffer per kg: 6.600.000 IE vitamin A, 10.000 IE vitamin D3, 6.600 mg vitamin E, 670 mg vitamin B1 (tiaminhydroklorid), 1.680 mg vitamin B2 (riboflavin), 3.300 mg pantotensyre (kalsium-000 mg pantotensyre (kalsium-000)), nikotinamid, 670 mg vitamin B6 (pyridoksinhydroklorid), 225 mg folsyre, 2000 \u00b5g vitamin B12, 16.670 mg vitamin C(L(+)-askorbinsyre), 1.330 mg vitamin K3 (menandion natriumbisulfat), 30.000 \u00b5g bio mg jern (jern-II-sulfat), 1220 mg sink (sinksulfat), 1250 mg mangan (manganoksid), 250 mg kobber (kobber II-sulfat), 100 mg jod (kalsiumjodat).<\/p>\n<p><img decoding=\"async\" class=\"aligncenter wp-image-66197 size-full\" src=\"https:\/\/dgspetproducts.no\/wp-content\/uploads\/2020\/02\/Nekton-E-vitamintilskudd-35-gram.........jpg\" alt=\"Nekton\" width=\"1046\" height=\"1500\"><\/p>","protected":false},"excerpt":{"rendered":"<h3>NEKTON-S Multivitamin<\/h3>\n<ul>\n<li>Multi-vitamin, supplement tilsatt aminosyrer og sporstoffer til alle burfugler.<\/li>\n<li>Sammensatt av 13 vitaminer, 18 aminosyrer i L-form og mineraler.<\/li>\n<li>Forebyggende mot sykdom.<\/li>\n<\/ul>\n<p>Nekton-S kan gis daglig til alle burfugler for \u00e5 f\u00e5 sunne, friske fugler med god fj\u00e6rdrakt.<\/p>","protected":false},"featured_media":27660,"comment_status":"closed","ping_status":"closed","template":"","meta":{"content-type":"","_uf_show_specific_survey":0,"_uf_disable_surveys":false,"_monsterinsights_skip_tracking":false,"_monsterinsights_sitenote_active":false,"_monsterinsights_sitenote_note":"","_monsterinsights_sitenote_category":0},"pwb-brand":[],"product_brand":[],"product_cat":[41,1147,3299,78],"product_tag":[],"woo-feed-brand":[],"class_list":{"0":"post-499","1":"product","2":"type-product","3":"status-publish","4":"has-post-thumbnail","6":"product_cat-fugl","7":"product_cat-fugl-som-hobby","8":"product_cat-spise","9":"product_cat-fuglevitaminer-og-mineraler","11":"first","12":"instock","13":"taxable","14":"shipping-taxable","15":"purchasable","16":"product-type-variable","17":"has-default-attributes"},"exclude_global_add_ons":[],"addons":[],"brands":[],"_links":{"self":[{"href":"https:\/\/fuglebutikken.no\/en\/wp-json\/wp\/v2\/product\/499","targetHints":{"allow":["GET"]}}],"collection":[{"href":"https:\/\/fuglebutikken.no\/en\/wp-json\/wp\/v2\/product"}],"about":[{"href":"https:\/\/fuglebutikken.no\/en\/wp-json\/wp\/v2\/types\/product"}],"replies":[{"embeddable":true,"href":"https:\/\/fuglebutikken.no\/en\/wp-json\/wp\/v2\/comments?post=499"}],"wp:featuredmedia":[{"embeddable":true,"href":"https:\/\/fuglebutikken.no\/en\/wp-json\/wp\/v2\/media\/27660"}],"wp:attachment":[{"href":"https:\/\/fuglebutikken.no\/en\/wp-json\/wp\/v2\/media?parent=499"}],"wp:term":[{"taxonomy":"pwb-brand","embeddable":true,"href":"https:\/\/fuglebutikken.no\/en\/wp-json\/wp\/v2\/pwb-brand?post=499"},{"taxonomy":"product_brand","embeddable":true,"href":"https:\/\/fuglebutikken.no\/en\/wp-json\/wp\/v2\/product_brand?post=499"},{"taxonomy":"product_cat","embeddable":true,"href":"https:\/\/fuglebutikken.no\/en\/wp-json\/wp\/v2\/product_cat?post=499"},{"taxonomy":"product_tag","embeddable":true,"href":"https:\/\/fuglebutikken.no\/en\/wp-json\/wp\/v2\/product_tag?post=499"},{"taxonomy":"woo-feed-brand","embeddable":true,"href":"https:\/\/fuglebutikken.no\/en\/wp-json\/wp\/v2\/woo-feed-brand?post=499"}],"curies":[{"name":"wp","href":"https:\/\/api.w.org\/{rel}","templated":true}]}}