{"id":4985,"date":"2020-03-01T14:58:59","date_gmt":"2020-03-01T13:58:59","guid":{"rendered":"https:\/\/fuglebutikken.no\/?product=tetra-goldfish"},"modified":"2026-04-14T14:46:08","modified_gmt":"2026-04-14T12:46:08","slug":"tetra-goldfish","status":"publish","type":"product","link":"https:\/\/fuglebutikken.no\/en\/butikk\/akvarium-som-hobby\/akvaristikk\/fiskemat\/gullfisk\/tetra-goldfish\/","title":{"rendered":"Tetra Goldfish"},"content":{"rendered":"<h2>Tetra Goldfish<\/h2>\n<p>Tetra Goldfish er optimal flakf\u00f4r designet spesielt for gullfisk og sl\u00f8rhaler. Med sin spesielle BioActive formel, bidrar dette f\u00f4ret til et langt og sunt liv for fiskene dine, samtidig som det fremmer helse og naturlig fargelegging.<\/p>\n<h3>Hovedfordeler<\/h3>\n<p>Tetra Goldfish tilbyr en balansert blanding av n\u00e6ringsstoffer som sikrer at fiskene dine f\u00e5r et variert og sunt kosthold. F\u00f4ret inneholder alle essensielle vitaminer og mineraler for \u00e5 st\u00f8tte fiskens vitalitet, og den innovative Clean &amp; Clear Water formelen forbedrer matomdannelsen og reduserer avfall, noe som resulterer i klart og rent akvarievann.<\/p>\n<h3>Hvordan bruke<\/h3>\n<p>Mating er enkelt med Tetra Goldfish! Det praktiske doseringslokket gj\u00f8r det lett \u00e5 gi den riktige mengden f\u00f4r til fiskene dine, slik at de kan nyte et sunt m\u00e5ltid uten sl\u00f8sing.<\/p>\n<h3>Ytterligere informasjon<\/h3>\n<p>Med Tetra Goldfish kan du v\u00e6re sikker p\u00e5 at du gir fiskene dine det beste. Dette f\u00f4ret er laget med h\u00f8y kvalitet ingredienser og er utviklet med tanke p\u00e5 fiskenes naturlige behov. S\u00f8rg for regelmessig mating for \u00e5 opprettholde fiskenes helse og livskraft.<\/p>","protected":false},"excerpt":{"rendered":"<h3 class=\"\">Tetra Goldfish<\/h3>\n<ul>\n<li>Optimalt balansert flakblanding for gullfisk.<\/li>\n<li>Inneholder alle viktige n\u00e6ringsstoffer og sporstoffer.<\/li>\n<li>Fremmer helse, naturlig fargelegging og vitalitet.<\/li>\n<li>Med BioActive formel for et langt og sunt liv.<\/li>\n<li>Mating gj\u00f8res enkelt med praktisk doseringslokk.<\/li>\n<li>Renser akvarievannet med Clean &amp; Clear Water formel.<\/li>\n<\/ul>","protected":false},"featured_media":28717,"comment_status":"open","ping_status":"closed","template":"","meta":{"content-type":"","_uf_show_specific_survey":0,"_uf_disable_surveys":false,"_monsterinsights_skip_tracking":false,"_monsterinsights_sitenote_active":false,"_monsterinsights_sitenote_note":"","_monsterinsights_sitenote_category":0},"pwb-brand":[1217],"product_brand":[],"product_cat":[3354,3353,1700,2271],"product_tag":[3010,3011],"woo-feed-brand":[],"class_list":{"0":"post-4985","1":"product","2":"type-product","3":"status-publish","4":"has-post-thumbnail","6":"pwb-brand-tetra","7":"product_cat-akvaristikk","8":"product_cat-akvarium-som-hobby","9":"product_cat-fiskemat","10":"product_cat-gullfisk","11":"product_tag-fiskef-or-og-fiskemat","12":"product_tag-gullfisk","14":"first","15":"instock","16":"taxable","17":"shipping-taxable","18":"purchasable","19":"product-type-variable","20":"has-default-attributes"},"exclude_global_add_ons":[],"addons":[],"brands":[{"id":1217,"name":"Tetra","slug":"tetra"}],"_links":{"self":[{"href":"https:\/\/fuglebutikken.no\/en\/wp-json\/wp\/v2\/product\/4985","targetHints":{"allow":["GET"]}}],"collection":[{"href":"https:\/\/fuglebutikken.no\/en\/wp-json\/wp\/v2\/product"}],"about":[{"href":"https:\/\/fuglebutikken.no\/en\/wp-json\/wp\/v2\/types\/product"}],"replies":[{"embeddable":true,"href":"https:\/\/fuglebutikken.no\/en\/wp-json\/wp\/v2\/comments?post=4985"}],"wp:featuredmedia":[{"embeddable":true,"href":"https:\/\/fuglebutikken.no\/en\/wp-json\/wp\/v2\/media\/28717"}],"wp:attachment":[{"href":"https:\/\/fuglebutikken.no\/en\/wp-json\/wp\/v2\/media?parent=4985"}],"wp:term":[{"taxonomy":"pwb-brand","embeddable":true,"href":"https:\/\/fuglebutikken.no\/en\/wp-json\/wp\/v2\/pwb-brand?post=4985"},{"taxonomy":"product_brand","embeddable":true,"href":"https:\/\/fuglebutikken.no\/en\/wp-json\/wp\/v2\/product_brand?post=4985"},{"taxonomy":"product_cat","embeddable":true,"href":"https:\/\/fuglebutikken.no\/en\/wp-json\/wp\/v2\/product_cat?post=4985"},{"taxonomy":"product_tag","embeddable":true,"href":"https:\/\/fuglebutikken.no\/en\/wp-json\/wp\/v2\/product_tag?post=4985"},{"taxonomy":"woo-feed-brand","embeddable":true,"href":"https:\/\/fuglebutikken.no\/en\/wp-json\/wp\/v2\/woo-feed-brand?post=4985"}],"curies":[{"name":"wp","href":"https:\/\/api.w.org\/{rel}","templated":true}]}}