{"id":4899,"date":"2021-07-13T14:29:51","date_gmt":"2021-07-13T12:29:51","guid":{"rendered":"https:\/\/fuglebutikken.no\/?product=pet-cargo-cabrio"},"modified":"2025-03-11T13:12:28","modified_gmt":"2025-03-11T12:12:28","slug":"pet-cargo-cabrio","status":"publish","type":"product","link":"https:\/\/fuglebutikken.no\/en\/butikk\/fugl-som-hobby\/fugl\/fuglebur-og-fuglebur-tilbehor\/fugl-bur\/transportbur-fugl\/pet-cargo-cabrio\/","title":{"rendered":"Pet Cargo Cabrio Transportbur"},"content":{"rendered":"<h2>Pet Cargo Cabrio Transportbur<\/h2>\n<p>Pet Cargo Cabrio er en innovativ b\u00e6rer designet for katter og sm\u00e5 hunder, hvis vekt ikke overstiger 12 kg.<\/p>\n<ul>\n<li>Pet Cargo Cabrio transportbur er en innovativ l\u00f8sning som muliggj\u00f8r komfortabel og sikker transport av kj\u00e6ledyret ditt.<\/li>\n<li>Mat- og vannsk\u00e5ler tilgjengelig fra utsiden! Den lar deg servere mat og drikke uten \u00e5 m\u00e5tte \u00e5pne d\u00f8ren, takket v\u00e6re at vi unng\u00e5r risikoen for at kj\u00e6ledyret r\u00f8mmer fra b\u00e6reren og vi vil ikke stresse kj\u00e6ledyret un\u00f8dvendig.<\/li>\n<li>Gjennomsiktig inngangsd\u00f8r &#8211; \u00f8ker synligheten for deg og kj\u00e6ledyrene dine, og forbedrer dermed komforten for kj\u00e6ledyrets reise.<\/li>\n<li>Mulighet for \u00e5 \u00e5pne transport\u00f8ren forfra og fra toppen.<\/li>\n<li>Helt \u00e5pne toppen av b\u00e6reren, takket v\u00e6re at det er mindre stressende \u00e5 ta kj\u00e6ledyret ut eller legge det inn i b\u00e6reren.<\/li>\n<li>Transporteren er utstyrt med mange ventiler, takket v\u00e6re at katten eller hunden din vil f\u00f8le seg vel selv p\u00e5 ekstremt varme dager. Kj\u00e6ledyret vil til enhver tid ha tilgang til frisk luft.<\/li>\n<li>Innebygd h\u00e5ndtak og justerbar stropp for b\u00e6ring med karabinkroker.<\/li>\n<li>Transport\u00f8ren kan festes med bilbelte under kj\u00f8ring.<\/li>\n<li>Hevet gulv med dreneringskanaler: omgitt av et hulrom der urin og vann samler seg, bidrar til \u00e5 holde katten din t\u00f8rr og hygienisk.<\/li>\n<li>Den perforerte basen gir godt grep og stabilitet under transport.<\/li>\n<\/ul>\n<p><strong>Tekniske data:<\/strong><\/p>\n<p>Totalm\u00e5l: 51x33x35cm<br \/>\nInnvendige m\u00e5l: B x D x H: 29 x 45 x 31 cm<br \/>\nInngangsm\u00e5l: B x H 28 x 29 cm<br \/>\n\u00d8vre inngang &#8211; klaffer: L x B: 45 x 31 cm<br \/>\nStropplengde (uten karabinkroker): ca 85 &#8211; 160 cm<br \/>\nEgenvekt: 2 kg<\/p>","protected":false},"excerpt":{"rendered":"<h3>Pet Cargo Cabrio Transportbur<\/h3>\n<div class=\"row\">\n<p>Reisebur med lukket front, men likevel full gjennomlufting uten \u00e5 trekke. Medf\u00f8lger praktisk dobbel mat\/vannsk\u00e5l som enkelt kan tas ut \u00e5 fylles fra utsiden uten \u00e5 m\u00e5tte \u00e5pne d\u00f8ren. Toppen kan og \u00e5pnes s\u00e5 man enkelt kan putte katten eller hunden i ovenfra for de som ikke vil g\u00e5 inn i buret sitt selv. Fin utsikt for dyret da det er helt vindu som ogs\u00e5 gj\u00f8r buret lunere vinterstid, da det ikke er full trekk som med en vanlig \u201cnetting\u201d d\u00f8r.<\/p>\n<p>Passer alle fugler og dyr opp til 11 kg<\/p>\n<p>St\u00f8rrelse 51x33x35 cm. Flygodkjent.<\/p>\n<\/div>","protected":false},"featured_media":14776,"comment_status":"closed","ping_status":"closed","template":"","meta":{"content-type":"","_uf_show_specific_survey":0,"_uf_disable_surveys":false,"_monsterinsights_skip_tracking":false,"_monsterinsights_sitenote_active":false,"_monsterinsights_sitenote_note":"","_monsterinsights_sitenote_category":0},"pwb-brand":[1126],"product_brand":[],"product_cat":[2202,41,2113,2140,2114,2141,1990,2152],"product_tag":[],"woo-feed-brand":[],"class_list":{"0":"post-4899","1":"product","2":"type-product","3":"status-publish","4":"has-post-thumbnail","6":"pwb-brand-catit","7":"product_cat-fugl-bur","8":"product_cat-fugl","9":"product_cat-hund-kule-sokker","10":"product_cat-bur-og-sikkerhet","11":"product_cat-katt-kule-sokker","12":"product_cat-bur-og-sikkerhet-katt","13":"product_cat-reiseutstyr-og-bur","14":"product_cat-transportbur-fugl","16":"first","17":"instock","18":"taxable","19":"shipping-taxable","20":"purchasable","21":"product-type-simple"},"exclude_global_add_ons":[],"addons":[],"brands":[{"id":1126,"name":"Catit","slug":"catit"}],"_links":{"self":[{"href":"https:\/\/fuglebutikken.no\/en\/wp-json\/wp\/v2\/product\/4899","targetHints":{"allow":["GET"]}}],"collection":[{"href":"https:\/\/fuglebutikken.no\/en\/wp-json\/wp\/v2\/product"}],"about":[{"href":"https:\/\/fuglebutikken.no\/en\/wp-json\/wp\/v2\/types\/product"}],"replies":[{"embeddable":true,"href":"https:\/\/fuglebutikken.no\/en\/wp-json\/wp\/v2\/comments?post=4899"}],"wp:featuredmedia":[{"embeddable":true,"href":"https:\/\/fuglebutikken.no\/en\/wp-json\/wp\/v2\/media\/14776"}],"wp:attachment":[{"href":"https:\/\/fuglebutikken.no\/en\/wp-json\/wp\/v2\/media?parent=4899"}],"wp:term":[{"taxonomy":"pwb-brand","embeddable":true,"href":"https:\/\/fuglebutikken.no\/en\/wp-json\/wp\/v2\/pwb-brand?post=4899"},{"taxonomy":"product_brand","embeddable":true,"href":"https:\/\/fuglebutikken.no\/en\/wp-json\/wp\/v2\/product_brand?post=4899"},{"taxonomy":"product_cat","embeddable":true,"href":"https:\/\/fuglebutikken.no\/en\/wp-json\/wp\/v2\/product_cat?post=4899"},{"taxonomy":"product_tag","embeddable":true,"href":"https:\/\/fuglebutikken.no\/en\/wp-json\/wp\/v2\/product_tag?post=4899"},{"taxonomy":"woo-feed-brand","embeddable":true,"href":"https:\/\/fuglebutikken.no\/en\/wp-json\/wp\/v2\/woo-feed-brand?post=4899"}],"curies":[{"name":"wp","href":"https:\/\/api.w.org\/{rel}","templated":true}]}}