{"id":481,"date":"2020-02-22T18:10:34","date_gmt":"2020-02-22T17:10:34","guid":{"rendered":"https:\/\/274105-www.web.tornado-node.net\/fugl\/product\/vitapol-fugl-kull-10gr\/"},"modified":"2025-03-09T23:16:14","modified_gmt":"2025-03-09T22:16:14","slug":"vitapol-fugl-kull-8gr","status":"publish","type":"product","link":"https:\/\/fuglebutikken.no\/en\/butikk\/fugl-som-hobby\/fugl\/spise\/fuglevitaminer-og-mineraler\/vitapol-fugl-kull-8gr\/","title":{"rendered":"Vitapol fugle kull 8gr"},"content":{"rendered":"<h2 class=\"\">Vitapol fugle kull 8gr<\/h2>\n<p style=\"margin: calc(var(--ds-md-zoom)*12px)0; font-size: 16.002px; line-height: var(--ds-md-line-height); color: rgb(64, 64, 64); font-family: Inter, system-ui, -apple-system, BlinkMacSystemFont, &quot;Segoe UI&quot;, Roboto, &quot;Noto Sans&quot;, Ubuntu, Cantarell, &quot;Helvetica Neue&quot;, Oxygen, &quot;Open Sans&quot;, sans-serif;\">Vitapol Fugle Kull 8gr. er et spesialutviklet kosttilskudd og f\u00f4rblanding for undulater, spesielt tilpasset behovene deres under fj\u00e6rfellingen. Dette produktet er utformet for \u00e5 st\u00f8tte utviklingen av nytt, sunt og skinnende fj\u00e6rdrakt, samtidig som det dekker fuglenes \u00f8kte energibehov i denne krevende perioden.<\/p>\n<h3 style=\"font-weight: var(--ds-font-weight-strong); font-size: calc(var(--ds-md-zoom)*16px); line-height: 1.5; margin: calc(var(--ds-md-zoom)*16px)0 calc(var(--ds-md-zoom)*12px)0; color: rgb(64, 64, 64); font-family: Inter, system-ui, -apple-system, BlinkMacSystemFont, &quot;Segoe UI&quot;, Roboto, &quot;Noto Sans&quot;, Ubuntu, Cantarell, &quot;Helvetica Neue&quot;, Oxygen, &quot;Open Sans&quot;, sans-serif;\"><strong>Hva brukes produktet til?<\/strong><\/h3>\n<ol start=\"1\" style=\"margin: calc(var(--ds-md-zoom)*12px)0; padding-left: calc(var(--ds-md-zoom)*24px); color: rgb(64, 64, 64); font-family: Inter, system-ui, -apple-system, BlinkMacSystemFont, &quot;Segoe UI&quot;, Roboto, &quot;Noto Sans&quot;, Ubuntu, Cantarell, &quot;Helvetica Neue&quot;, Oxygen, &quot;Open Sans&quot;, sans-serif; font-size: 16.002px;\">\n<li>\n<p style=\"margin-right: 0px; margin-left: 0px; font-size: var(--ds-md-font-size); line-height: var(--ds-md-line-height); margin-bottom: 0px !important;\"><strong>St\u00f8tter fj\u00e6rfellingen:<\/strong><br \/>Under fj\u00e6rfellingen trenger undulater en rik og n\u00e6ringsrik diett for \u00e5 stimulere veksten av nye fj\u00e6r. Denne f\u00f4rblandingen er spesielt utviklet for \u00e5 dekke disse behovene.<\/p>\n<\/li>\n<li style=\"margin-top: 4px;\">\n<p style=\"margin-right: 0px; margin-left: 0px; font-size: var(--ds-md-font-size); line-height: var(--ds-md-line-height); margin-bottom: 0px !important;\"><strong>Beriker dietten:<\/strong><br \/>Blandingen inneholder en rekke n\u00e6ringsrike fr\u00f8 og ingredienser som bidrar til en balansert og energirik diett. Dette er avgj\u00f8rende for \u00e5 opprettholde fuglens helse og vitalitet.<\/p>\n<\/li>\n<li style=\"margin-top: 4px;\">\n<p style=\"margin-right: 0px; margin-left: 0px; font-size: var(--ds-md-font-size); line-height: var(--ds-md-line-height); margin-bottom: 0px !important;\"><strong>Forbedrer fj\u00e6rdraktens kvalitet:<\/strong><br \/>Ved \u00e5 tilf\u00f8re essensielle n\u00e6ringsstoffer som proteiner og fett, bidrar produktet til \u00e5 skape en sunn, sterk og skinnende fj\u00e6rdrakt.<\/p>\n<\/li>\n<\/ol>\n<h3 style=\"font-weight: var(--ds-font-weight-strong); font-size: calc(var(--ds-md-zoom)*16px); line-height: 1.5; margin: calc(var(--ds-md-zoom)*16px)0 calc(var(--ds-md-zoom)*12px)0; color: rgb(64, 64, 64); font-family: Inter, system-ui, -apple-system, BlinkMacSystemFont, &quot;Segoe UI&quot;, Roboto, &quot;Noto Sans&quot;, Ubuntu, Cantarell, &quot;Helvetica Neue&quot;, Oxygen, &quot;Open Sans&quot;, sans-serif;\"><strong>Hvorfor er dette produktet viktig?<\/strong><\/h3>\n<ul style=\"margin: calc(var(--ds-md-zoom)*12px)0; padding-left: calc(var(--ds-md-zoom)*24px); color: rgb(64, 64, 64); font-family: Inter, system-ui, -apple-system, BlinkMacSystemFont, &quot;Segoe UI&quot;, Roboto, &quot;Noto Sans&quot;, Ubuntu, Cantarell, &quot;Helvetica Neue&quot;, Oxygen, &quot;Open Sans&quot;, sans-serif; font-size: 16.002px;\">\n<li>\n<p style=\"margin-right: 0px; margin-left: 0px; font-size: var(--ds-md-font-size); line-height: var(--ds-md-line-height); margin-bottom: 0px !important;\"><strong>Dekker \u00f8kte n\u00e6ringsbehov:<\/strong>&nbsp;Under fj\u00e6rfellingen har undulater et h\u00f8yere behov for proteiner og fett for \u00e5 st\u00f8tte veksten av nye fj\u00e6r. Denne f\u00f4rblandingen sikrer at fuglene f\u00e5r de n\u00e6ringsstoffene de trenger.<\/p>\n<\/li>\n<li style=\"margin-top: 4px;\">\n<p style=\"margin-right: 0px; margin-left: 0px; font-size: var(--ds-md-font-size); line-height: var(--ds-md-line-height); margin-bottom: 0px !important;\"><strong>Fremmer sunnhet og skinnende fj\u00e6r:<\/strong>&nbsp;Rike kilder til proteiner og fett, kombinert med naturlige ingredienser som linfr\u00f8 og sesamfr\u00f8, bidrar til en sunn og glansfull fj\u00e6rdrakt.<\/p>\n<\/li>\n<li style=\"margin-top: 4px;\">\n<p style=\"margin-right: 0px; margin-left: 0px; font-size: var(--ds-md-font-size); line-height: var(--ds-md-line-height); margin-bottom: 0px !important;\"><strong>Enkel \u00e5 bruke:<\/strong>&nbsp;Produktet er enkelt \u00e5 tilsette i fuglens vanlige f\u00f4r, noe som gj\u00f8r det praktisk for fugleeiere \u00e5 bruke.<\/p>\n<\/li>\n<\/ul>\n<h3 style=\"font-weight: var(--ds-font-weight-strong); font-size: calc(var(--ds-md-zoom)*16px); line-height: 1.5; margin: calc(var(--ds-md-zoom)*16px)0 calc(var(--ds-md-zoom)*12px)0; color: rgb(64, 64, 64); font-family: Inter, system-ui, -apple-system, BlinkMacSystemFont, &quot;Segoe UI&quot;, Roboto, &quot;Noto Sans&quot;, Ubuntu, Cantarell, &quot;Helvetica Neue&quot;, Oxygen, &quot;Open Sans&quot;, sans-serif;\"><strong>Hvordan brukes produktet?<\/strong><\/h3>\n<ul style=\"margin: calc(var(--ds-md-zoom)*12px)0; padding-left: calc(var(--ds-md-zoom)*24px); color: rgb(64, 64, 64); font-family: Inter, system-ui, -apple-system, BlinkMacSystemFont, &quot;Segoe UI&quot;, Roboto, &quot;Noto Sans&quot;, Ubuntu, Cantarell, &quot;Helvetica Neue&quot;, Oxygen, &quot;Open Sans&quot;, sans-serif; font-size: 16.002px;\">\n<li>\n<p style=\"margin-right: 0px; margin-left: 0px; font-size: var(--ds-md-font-size); line-height: var(--ds-md-line-height); margin-bottom: 0px !important;\"><strong>Dosering:<\/strong>&nbsp;Tilsett 1 teskje av blandingen til fuglens vanlige f\u00f4r to ganger i uken.<\/p>\n<\/li>\n<li style=\"margin-top: 4px;\">\n<p style=\"margin-right: 0px; margin-left: 0px; font-size: var(--ds-md-font-size); line-height: var(--ds-md-line-height); margin-bottom: 0px !important;\"><strong>Brukstid:<\/strong>&nbsp;Produktet er spesielt nyttig under fj\u00e6rfellingen, men kan ogs\u00e5 brukes som et kosttilskudd for \u00e5 opprettholde fuglens generelle helse og velv\u00e6re.<\/p>\n<\/li>\n<\/ul>\n<h3 style=\"font-weight: var(--ds-font-weight-strong); font-size: calc(var(--ds-md-zoom)*16px); line-height: 1.5; margin: calc(var(--ds-md-zoom)*16px)0 calc(var(--ds-md-zoom)*12px)0; color: rgb(64, 64, 64); font-family: Inter, system-ui, -apple-system, BlinkMacSystemFont, &quot;Segoe UI&quot;, Roboto, &quot;Noto Sans&quot;, Ubuntu, Cantarell, &quot;Helvetica Neue&quot;, Oxygen, &quot;Open Sans&quot;, sans-serif;\"><strong>Ingredienser:<\/strong><\/h3>\n<ul style=\"margin: calc(var(--ds-md-zoom)*12px)0; padding-left: calc(var(--ds-md-zoom)*24px); color: rgb(64, 64, 64); font-family: Inter, system-ui, -apple-system, BlinkMacSystemFont, &quot;Segoe UI&quot;, Roboto, &quot;Noto Sans&quot;, Ubuntu, Cantarell, &quot;Helvetica Neue&quot;, Oxygen, &quot;Open Sans&quot;, sans-serif; font-size: 16.002px;\">\n<li>\n<p style=\"margin-right: 0px; margin-left: 0px; font-size: var(--ds-md-font-size); line-height: var(--ds-md-line-height); margin-bottom: 0px !important;\">Sesamfr\u00f8<\/p>\n<\/li>\n<li style=\"margin-top: 4px;\">\n<p style=\"margin-right: 0px; margin-left: 0px; font-size: var(--ds-md-font-size); line-height: var(--ds-md-line-height); margin-bottom: 0px !important;\">Linfr\u00f8<\/p>\n<\/li>\n<li style=\"margin-top: 4px;\">\n<p style=\"margin-right: 0px; margin-left: 0px; font-size: var(--ds-md-font-size); line-height: var(--ds-md-line-height); margin-bottom: 0px !important;\">Nigella-saat (svartkarve)<\/p>\n<\/li>\n<li style=\"margin-top: 4px;\">\n<p style=\"margin-right: 0px; margin-left: 0px; font-size: var(--ds-md-font-size); line-height: var(--ds-md-line-height); margin-bottom: 0px !important;\">Skallede pean\u00f8tter<\/p>\n<\/li>\n<li style=\"margin-top: 4px;\">\n<p style=\"margin-right: 0px; margin-left: 0px; font-size: var(--ds-md-font-size); line-height: var(--ds-md-line-height); margin-bottom: 0px !important;\">Hampfr\u00f8<\/p>\n<\/li>\n<li style=\"margin-top: 4px;\">\n<p style=\"margin-right: 0px; margin-left: 0px; font-size: var(--ds-md-font-size); line-height: var(--ds-md-line-height); margin-bottom: 0px !important;\">Kanarifr\u00f8 (mozga kanaryjska)<\/p>\n<\/li>\n<li style=\"margin-top: 4px;\">\n<p style=\"margin-right: 0px; margin-left: 0px; font-size: var(--ds-md-font-size); line-height: var(--ds-md-line-height); margin-bottom: 0px !important;\">Hvit hirse<\/p>\n<\/li>\n<li style=\"margin-top: 4px;\">\n<p style=\"margin-right: 0px; margin-left: 0px; font-size: var(--ds-md-font-size); line-height: var(--ds-md-line-height); margin-bottom: 0px !important;\">Gul hirse<\/p>\n<\/li>\n<li style=\"margin-top: 4px;\">\n<p style=\"margin-right: 0px; margin-left: 0px; font-size: var(--ds-md-font-size); line-height: var(--ds-md-line-height); margin-bottom: 0px !important;\">R\u00f8d hirse<\/p>\n<\/li>\n<li style=\"margin-top: 4px;\">\n<p style=\"margin-right: 0px; margin-left: 0px; font-size: var(--ds-md-font-size); line-height: var(--ds-md-line-height); margin-bottom: 0px !important;\">Brennesle<\/p>\n<\/li>\n<\/ul>\n<h3 style=\"font-weight: var(--ds-font-weight-strong); font-size: calc(var(--ds-md-zoom)*16px); line-height: 1.5; margin: calc(var(--ds-md-zoom)*16px)0 calc(var(--ds-md-zoom)*12px)0; color: rgb(64, 64, 64); font-family: Inter, system-ui, -apple-system, BlinkMacSystemFont, &quot;Segoe UI&quot;, Roboto, &quot;Noto Sans&quot;, Ubuntu, Cantarell, &quot;Helvetica Neue&quot;, Oxygen, &quot;Open Sans&quot;, sans-serif;\"><strong>Analytiske bestanddeler:<\/strong><\/h3>\n<ul style=\"margin: calc(var(--ds-md-zoom)*12px)0; padding-left: calc(var(--ds-md-zoom)*24px); color: rgb(64, 64, 64); font-family: Inter, system-ui, -apple-system, BlinkMacSystemFont, &quot;Segoe UI&quot;, Roboto, &quot;Noto Sans&quot;, Ubuntu, Cantarell, &quot;Helvetica Neue&quot;, Oxygen, &quot;Open Sans&quot;, sans-serif; font-size: 16.002px;\">\n<li>\n<p style=\"margin-right: 0px; margin-left: 0px; font-size: var(--ds-md-font-size); line-height: var(--ds-md-line-height); margin-bottom: 0px !important;\">R\u00e5protein (min.): 16,1%<\/p>\n<\/li>\n<li style=\"margin-top: 4px;\">\n<p style=\"margin-right: 0px; margin-left: 0px; font-size: var(--ds-md-font-size); line-height: var(--ds-md-line-height); margin-bottom: 0px !important;\">R\u00e5fett (min.): 23,1%<\/p>\n<\/li>\n<li style=\"margin-top: 4px;\">\n<p style=\"margin-right: 0px; margin-left: 0px; font-size: var(--ds-md-font-size); line-height: var(--ds-md-line-height); margin-bottom: 0px !important;\">R\u00e5fiber (maks.): 11,56%<\/p>\n<\/li>\n<li style=\"margin-top: 4px;\">\n<p style=\"margin-right: 0px; margin-left: 0px; font-size: var(--ds-md-font-size); line-height: var(--ds-md-line-height); margin-bottom: 0px !important;\">R\u00e5aske (maks.): 4,12%<\/p>\n<\/li>\n<li style=\"margin-top: 4px;\">\n<p style=\"margin-right: 0px; margin-left: 0px; font-size: var(--ds-md-font-size); line-height: var(--ds-md-line-height); margin-bottom: 0px !important;\">Fuktighet (maks.): 12%<\/p>\n<\/li>\n<\/ul>\n<h3 style=\"font-weight: var(--ds-font-weight-strong); font-size: calc(var(--ds-md-zoom)*16px); line-height: 1.5; margin: calc(var(--ds-md-zoom)*16px)0 calc(var(--ds-md-zoom)*12px)0; color: rgb(64, 64, 64); font-family: Inter, system-ui, -apple-system, BlinkMacSystemFont, &quot;Segoe UI&quot;, Roboto, &quot;Noto Sans&quot;, Ubuntu, Cantarell, &quot;Helvetica Neue&quot;, Oxygen, &quot;Open Sans&quot;, sans-serif;\"><strong>Hvem b\u00f8r bruke dette produktet?<\/strong><\/h3>\n<p style=\"margin: calc(var(--ds-md-zoom)*12px)0; font-size: 16.002px; line-height: var(--ds-md-line-height); color: rgb(64, 64, 64); font-family: Inter, system-ui, -apple-system, BlinkMacSystemFont, &quot;Segoe UI&quot;, Roboto, &quot;Noto Sans&quot;, Ubuntu, Cantarell, &quot;Helvetica Neue&quot;, Oxygen, &quot;Open Sans&quot;, sans-serif;\">Dette produktet er ideelt for alle som eier undulater, spesielt under fj\u00e6rfellingen. Det er egnet b\u00e5de for nybegynnere og erfarne fugleeiere som \u00f8nsker \u00e5 gi fuglene sine en optimal diett for \u00e5 st\u00f8tte deres helse og velv\u00e6re.<\/p>\n<h3 style=\"font-weight: var(--ds-font-weight-strong); font-size: calc(var(--ds-md-zoom)*16px); line-height: 1.5; margin: calc(var(--ds-md-zoom)*16px)0 calc(var(--ds-md-zoom)*12px)0; color: rgb(64, 64, 64); font-family: Inter, system-ui, -apple-system, BlinkMacSystemFont, &quot;Segoe UI&quot;, Roboto, &quot;Noto Sans&quot;, Ubuntu, Cantarell, &quot;Helvetica Neue&quot;, Oxygen, &quot;Open Sans&quot;, sans-serif;\"><strong>Konklusjon:<\/strong><\/h3>\n<p style=\"font-size: 16.002px; line-height: var(--ds-md-line-height); color: rgb(64, 64, 64); font-family: Inter, system-ui, -apple-system, BlinkMacSystemFont, &quot;Segoe UI&quot;, Roboto, &quot;Noto Sans&quot;, Ubuntu, Cantarell, &quot;Helvetica Neue&quot;, Oxygen, &quot;Open Sans&quot;, sans-serif; margin-bottom: 0px !important;\">Vitapol Fugle Kull 8gr. er et p\u00e5litelig og effektivt kosttilskudd for undulater. Med sin rike blanding av n\u00e6ringsrike fr\u00f8 og ingredienser bidrar det til \u00e5 st\u00f8tte fuglenes helse, spesielt under fj\u00e6rfellingen, og sikrer en skinnende og sunn fj\u00e6rdrakt. Dette produktet er en enkel og praktisk m\u00e5te \u00e5 gi fuglene dine de n\u00e6ringsstoffene de trenger for \u00e5 trives og leve et sunt liv.<\/p>","protected":false},"excerpt":{"rendered":"<h3 class=\"\">Vitapol fugle kull 8gr<\/h3>\n<li data-start=\"89\" data-end=\"176\"><strong data-start=\"91\" data-end=\"114\">St\u00f8tter fj\u00e6rfelling<\/strong>: Dekker undulatens \u00f8kte behov for n\u00e6ring under fj\u00e6rfelling.<\/li>\n<li data-start=\"177\" data-end=\"255\"><strong data-start=\"179\" data-end=\"205\">Fremmer sunn fj\u00e6rdrakt<\/strong>: Bidrar til skinnende, sterk og sunn fj\u00e6rvekst.<\/li>\n<li data-start=\"256\" data-end=\"363\"><strong data-start=\"258\" data-end=\"286\">Rik p\u00e5 proteiner og fett<\/strong>: Inneholder 16,1 % r\u00e5protein og 23,1 % r\u00e5fett for optimal energi og helse.<\/li>\n<li data-start=\"364\" data-end=\"466\"><strong data-start=\"366\" data-end=\"392\">Naturlige ingredienser<\/strong>: Inneholder linfr\u00f8, sesamfr\u00f8, hamp og brennesle for balansert ern\u00e6ring.<\/li>\n<li data-start=\"467\" data-end=\"546\" data-is-last-node=\"\"><strong data-start=\"469\" data-end=\"485\">Enkel i bruk<\/strong>: Lett \u00e5 blande i det daglige f\u00f4ret, praktisk for fugleeiere.<\/li>","protected":false},"featured_media":14736,"comment_status":"closed","ping_status":"closed","template":"","meta":{"content-type":"","_uf_show_specific_survey":0,"_uf_disable_surveys":false,"_monsterinsights_skip_tracking":false,"_monsterinsights_sitenote_active":false,"_monsterinsights_sitenote_note":"","_monsterinsights_sitenote_category":0},"pwb-brand":[674],"product_brand":[],"product_cat":[41,1147,78],"product_tag":[],"woo-feed-brand":[],"class_list":{"0":"post-481","1":"product","2":"type-product","3":"status-publish","4":"has-post-thumbnail","6":"pwb-brand-vitapol","7":"product_cat-fugl","8":"product_cat-fugl-som-hobby","9":"product_cat-fuglevitaminer-og-mineraler","11":"first","12":"instock","13":"taxable","14":"shipping-taxable","15":"purchasable","16":"product-type-simple"},"exclude_global_add_ons":[],"addons":[],"brands":[{"id":674,"name":"Vitapol","slug":"vitapol"}],"_links":{"self":[{"href":"https:\/\/fuglebutikken.no\/en\/wp-json\/wp\/v2\/product\/481","targetHints":{"allow":["GET"]}}],"collection":[{"href":"https:\/\/fuglebutikken.no\/en\/wp-json\/wp\/v2\/product"}],"about":[{"href":"https:\/\/fuglebutikken.no\/en\/wp-json\/wp\/v2\/types\/product"}],"replies":[{"embeddable":true,"href":"https:\/\/fuglebutikken.no\/en\/wp-json\/wp\/v2\/comments?post=481"}],"wp:featuredmedia":[{"embeddable":true,"href":"https:\/\/fuglebutikken.no\/en\/wp-json\/wp\/v2\/media\/14736"}],"wp:attachment":[{"href":"https:\/\/fuglebutikken.no\/en\/wp-json\/wp\/v2\/media?parent=481"}],"wp:term":[{"taxonomy":"pwb-brand","embeddable":true,"href":"https:\/\/fuglebutikken.no\/en\/wp-json\/wp\/v2\/pwb-brand?post=481"},{"taxonomy":"product_brand","embeddable":true,"href":"https:\/\/fuglebutikken.no\/en\/wp-json\/wp\/v2\/product_brand?post=481"},{"taxonomy":"product_cat","embeddable":true,"href":"https:\/\/fuglebutikken.no\/en\/wp-json\/wp\/v2\/product_cat?post=481"},{"taxonomy":"product_tag","embeddable":true,"href":"https:\/\/fuglebutikken.no\/en\/wp-json\/wp\/v2\/product_tag?post=481"},{"taxonomy":"woo-feed-brand","embeddable":true,"href":"https:\/\/fuglebutikken.no\/en\/wp-json\/wp\/v2\/woo-feed-brand?post=481"}],"curies":[{"name":"wp","href":"https:\/\/api.w.org\/{rel}","templated":true}]}}