{"id":4794,"date":"2021-06-20T21:11:49","date_gmt":"2021-06-20T19:11:49","guid":{"rendered":"https:\/\/fuglebutikken.no\/?product=lufttett-fortonne-rommer-ca25kg"},"modified":"2026-04-20T12:28:06","modified_gmt":"2026-04-20T10:28:06","slug":"lufttett-fortonne-rommer-ca25kg","status":"publish","type":"product","link":"https:\/\/fuglebutikken.no\/en\/butikk\/fugl-som-hobby\/fugl\/fuglebur-og-fuglebur-tilbehor\/bur-tilbehor\/fugleskaler-og-automater\/lufttett-fortonne-rommer-ca25kg\/","title":{"rendered":"Lufttett f\u00f2rt\u00f8nne rommer ca25kg"},"content":{"rendered":"","protected":false},"excerpt":{"rendered":"<p>Lufttett f\u00f2rt\u00f8nne rommer ca25kg<\/p>\n<p>Den f\u00f8rste absolutt lufttette oppbevaringsbeholderen for t\u00f8rrf\u00f2r til dyr. Ikke flere klumpete, vanskelige poser som utsetter maten for luft, overdreven fuktighet og skadedyr. Med en snurr av det patenterte lokket l\u00e5ser boksen seg og bevarer friskhet og smak. Flott for naturlig mat som er n\u00e6ringsrik og uten konserveringsmiddel. Laget av slagbestandig plast godkjent for \u00e5 oppbevare mat..<\/p>","protected":false},"featured_media":29005,"comment_status":"closed","ping_status":"closed","template":"","meta":{"content-type":"","_uf_show_specific_survey":0,"_uf_disable_surveys":false,"_monsterinsights_skip_tracking":false,"_monsterinsights_sitenote_active":false,"_monsterinsights_sitenote_note":"","_monsterinsights_sitenote_category":0},"pwb-brand":[],"product_brand":[],"product_cat":[3379,3381,41,50,2286,3373,3377,3382,3380,3361,3384,3360,3383],"product_tag":[],"woo-feed-brand":[],"class_list":{"0":"post-4794","1":"product","2":"type-product","3":"status-publish","4":"has-post-thumbnail","6":"product_cat-dyreeier","7":"product_cat-fortonner-og-tilbehor","8":"product_cat-fugl","9":"product_cat-fugleskaler-og-automater","10":"product_cat-hjemme","11":"product_cat-hund","12":"product_cat-katt","13":"product_cat-vann-og-matskaler","14":"product_cat-skaler","15":"product_cat-mat-dyr","16":"product_cat-matskalunderlag","17":"product_cat-smadyr","18":"product_cat-underlag","20":"first","21":"outofstock","22":"taxable","23":"shipping-taxable","24":"purchasable","25":"product-type-simple"},"exclude_global_add_ons":[],"addons":[],"brands":[],"_links":{"self":[{"href":"https:\/\/fuglebutikken.no\/en\/wp-json\/wp\/v2\/product\/4794","targetHints":{"allow":["GET"]}}],"collection":[{"href":"https:\/\/fuglebutikken.no\/en\/wp-json\/wp\/v2\/product"}],"about":[{"href":"https:\/\/fuglebutikken.no\/en\/wp-json\/wp\/v2\/types\/product"}],"replies":[{"embeddable":true,"href":"https:\/\/fuglebutikken.no\/en\/wp-json\/wp\/v2\/comments?post=4794"}],"wp:featuredmedia":[{"embeddable":true,"href":"https:\/\/fuglebutikken.no\/en\/wp-json\/wp\/v2\/media\/29005"}],"wp:attachment":[{"href":"https:\/\/fuglebutikken.no\/en\/wp-json\/wp\/v2\/media?parent=4794"}],"wp:term":[{"taxonomy":"pwb-brand","embeddable":true,"href":"https:\/\/fuglebutikken.no\/en\/wp-json\/wp\/v2\/pwb-brand?post=4794"},{"taxonomy":"product_brand","embeddable":true,"href":"https:\/\/fuglebutikken.no\/en\/wp-json\/wp\/v2\/product_brand?post=4794"},{"taxonomy":"product_cat","embeddable":true,"href":"https:\/\/fuglebutikken.no\/en\/wp-json\/wp\/v2\/product_cat?post=4794"},{"taxonomy":"product_tag","embeddable":true,"href":"https:\/\/fuglebutikken.no\/en\/wp-json\/wp\/v2\/product_tag?post=4794"},{"taxonomy":"woo-feed-brand","embeddable":true,"href":"https:\/\/fuglebutikken.no\/en\/wp-json\/wp\/v2\/woo-feed-brand?post=4794"}],"curies":[{"name":"wp","href":"https:\/\/api.w.org\/{rel}","templated":true}]}}