{"id":4783,"date":"2021-06-19T16:19:08","date_gmt":"2021-06-19T14:19:08","guid":{"rendered":"https:\/\/fuglebutikken.no\/?product=savic-tasmania-120-120x65x107cm"},"modified":"2025-03-06T13:58:05","modified_gmt":"2025-03-06T12:58:05","slug":"savic-tasmania-120-120x65x107cm","status":"publish","type":"product","link":"https:\/\/fuglebutikken.no\/en\/butikk\/fugl-som-hobby\/fugl\/savic-tasmania-120-120x65x107cm\/","title":{"rendered":"Savic Tasmania 120, 120x65x107cm"},"content":{"rendered":"","protected":false},"excerpt":{"rendered":"<p>Savic Tasmania 120, 120x65x107cm<\/p>\n<p>Royal Voliere<br \/>\nTasmania 120 fra Savic er et royalt sovested for din(e) fugl(er). Et komfortabelt bur med forskjellige fasiliteter. Forsiden av buret har to store d\u00f8rer. D\u00f8rene er ogs\u00e5 store nok til \u00e5 lande i buret. Buret leveres ogs\u00e5 med en praktisk uttrekksskuff slik at det er ekstra enkelt \u00e5 bytte bursand.<\/p>\n<p>Avdeling<br \/>\nTasmania 120 kommer med avdelingsgitter. Hvis du har nye fugler eller to fugler som ikke kommer godt overens for \u00f8yeblikket, er det mulig \u00e5 gi dem begge sin egen plass. Buret leveres med fire 360 \u200b\u200b\u00b0 dreibare hjul, hvorav to har bremser. Inkludert er ogs\u00e5 8 sitteplasser, 4 sk\u00e5ler. Buret kan tilpasses slik at det passer for gnagere som rotter eller chinchillaer.<\/p>\n<p>Tasmania 120 fra Savic er tilgjengelig i st\u00f8rrelsen 120x65x107cm i fargen Svart<\/p>\n<p>Velg frakt:<br \/>\nMyPack Home store terrarium\/akvarium\/bur: kr375.00<\/p>","protected":false},"featured_media":12985,"comment_status":"closed","ping_status":"closed","template":"","meta":{"content-type":"","_uf_show_specific_survey":0,"_uf_disable_surveys":false,"_monsterinsights_skip_tracking":false,"_monsterinsights_sitenote_active":false,"_monsterinsights_sitenote_note":"","_monsterinsights_sitenote_category":0},"pwb-brand":[710],"product_brand":[],"product_cat":[41],"product_tag":[],"woo-feed-brand":[],"class_list":{"0":"post-4783","1":"product","2":"type-product","3":"status-publish","4":"has-post-thumbnail","6":"pwb-brand-savic","7":"product_cat-fugl","9":"first","10":"instock","11":"taxable","12":"shipping-taxable","13":"purchasable","14":"product-type-simple"},"exclude_global_add_ons":[],"addons":[],"brands":[{"id":710,"name":"Savic","slug":"savic"}],"_links":{"self":[{"href":"https:\/\/fuglebutikken.no\/en\/wp-json\/wp\/v2\/product\/4783","targetHints":{"allow":["GET"]}}],"collection":[{"href":"https:\/\/fuglebutikken.no\/en\/wp-json\/wp\/v2\/product"}],"about":[{"href":"https:\/\/fuglebutikken.no\/en\/wp-json\/wp\/v2\/types\/product"}],"replies":[{"embeddable":true,"href":"https:\/\/fuglebutikken.no\/en\/wp-json\/wp\/v2\/comments?post=4783"}],"wp:featuredmedia":[{"embeddable":true,"href":"https:\/\/fuglebutikken.no\/en\/wp-json\/wp\/v2\/media\/12985"}],"wp:attachment":[{"href":"https:\/\/fuglebutikken.no\/en\/wp-json\/wp\/v2\/media?parent=4783"}],"wp:term":[{"taxonomy":"pwb-brand","embeddable":true,"href":"https:\/\/fuglebutikken.no\/en\/wp-json\/wp\/v2\/pwb-brand?post=4783"},{"taxonomy":"product_brand","embeddable":true,"href":"https:\/\/fuglebutikken.no\/en\/wp-json\/wp\/v2\/product_brand?post=4783"},{"taxonomy":"product_cat","embeddable":true,"href":"https:\/\/fuglebutikken.no\/en\/wp-json\/wp\/v2\/product_cat?post=4783"},{"taxonomy":"product_tag","embeddable":true,"href":"https:\/\/fuglebutikken.no\/en\/wp-json\/wp\/v2\/product_tag?post=4783"},{"taxonomy":"woo-feed-brand","embeddable":true,"href":"https:\/\/fuglebutikken.no\/en\/wp-json\/wp\/v2\/woo-feed-brand?post=4783"}],"curies":[{"name":"wp","href":"https:\/\/api.w.org\/{rel}","templated":true}]}}