{"id":477,"date":"2020-02-22T18:10:34","date_gmt":"2020-02-22T17:10:34","guid":{"rendered":"https:\/\/274105-www.web.tornado-node.net\/fugl\/product\/handoppmating-hagen-tropican\/"},"modified":"2025-11-11T14:42:25","modified_gmt":"2025-11-11T13:42:25","slug":"handoppmating-hagen-tropican","status":"publish","type":"product","link":"https:\/\/fuglebutikken.no\/en\/butikk\/fugl-som-hobby\/fugl\/spise\/fuglemat-til-undulater-papeg-yer-og-burfugler\/fuglepatee\/handoppmating-hagen-tropican\/","title":{"rendered":"H\u00e5ndoppmating Hagen Tropican"},"content":{"rendered":"<h2>H\u00e5ndoppmating Hagen Tropican<\/h2>\n<p>H\u00e5ndoppmating hagen tropican <span class=\"Y2IQFc\" lang=\"no\">er en mikromalt ekstrudert multikorn- og pean\u00f8ttformel. Inneholder ingen kunstige konserveringsmidler, farger og smaker Inneholder \u201cHuman Grade\u201d solsikkekerne og pean\u00f8ttkj\u00f8tt Inneholder optimale niv\u00e5er av protein, vitaminer, mineraler, aminosyrer og andre n\u00e6ringsstoffer som babyer trenger Inneholder flere proteinkilder for \u00e5 generere up\u00e5klagelig fj\u00e6r Inneholder optimale, balanserte og sikre niv\u00e5er av kalsium og vitamin D for alle psittacinearters behov Inneholder naturlige omega- og fettsyrer fra linfr\u00f8 Har h\u00f8y kalori tetthet Gir optimal n\u00e6ringstetthet og tarmmotilitet.<\/span><\/p>\n<p>Finmalt formel som er enkel \u00e5 blande og blande med varmt vann for \u00e5 lage en jevn og klumpfri mos. Formelen er enkel \u00e5 tilberede, forbedrer f\u00f4ring og letter ford\u00f8yelsen. En utmerket pean\u00f8ttbasert formel som inneholder protein og fett samt \u00e5tte typer korn som utfyller aminosyreprofilen, alt for at undulatene skal vokse og trives. Anbefalt for amasoner, kakaduer, kakaduer, parakitter, undulater, undulater, araer, Pionus og de fleste papeg\u00f8yer. Ingredienser: Mais, soyamel, maisglutenmel, hvete, brun ris, avskallede solsikkefr\u00f8, avskallede pean\u00f8tter, sukker, rapsolje (konservert med blandede tokoferoler), dikalsiumfosfat, lecitin, kalsiumkarbonat, gj\u00e6rkultur, linfr\u00f8, t\u00f8rket betemasse, t\u00f8rket tare, havregryn, L-lysin, kolinklorid, DL-metionin, biotin, vitamin E-tilskudd, niacin, kalsium L-askorbyl -2-monofosfat (vitamin C-kilde), sinkoksid, manganoksid, d-kalsiumpantotenat, vitamin B12-tilskudd, rosmarinekstrakt, betakaroten, riboflavin, kobbersulfat, pyridoksinhydroklorid, tiaminmononitrat, inositol, folsyre, vitamin Et supplement, kalsiumjodat, natriumselenitt, vitamin D3-tilskudd. Sammensetning: R\u00e5protein 22,0 %, R\u00e5fiber 3,5 %, R\u00e5fett 11 %, Uorganisk materiale 5 %, Vitamin A 5500 IU\/kg, Vitamin D3 550 IU\/kg, Vitamin E 220 IU\/kg, Betakaroten 0,45 mg\/kg , Omega-3 fettsyrer 0,03 %, Omega-6 fettsyrer 0,25 % Analytiske bestanddeler: R\u00e5protein (min.) 22,0 %, R\u00e5fett (min.) 11,0 %, R\u00e5fiber (maks.) 3, 5 %, Fuktighet ( maks.) 9 %, Kalsium (min.) 1 %, Fosfor (min.) 0,8 %, Jern (maks.) 85 mg\/kg, Vitamin A (min.) 5500 IE\/kg, Vitamin D3 (min.) 550 IE\/kg, Vitamin E (min.) 220 IE\/kg, Betakaroten (min.) 0,45 mg\/kg, Omega-3-fettsyrer (min.) 0,03 %, Omega-6-fettsyrer (min.) 0,25 % Tilsetningsstoffer per kg: Ern\u00e6ringsmessige tilsetningsstoffer: vitamin A (3a672a) 8250 IE, vitamin D3 (3a671) 660 IE, jod (E2) 1,1 mg, kobber (E4) 13,2 mg, mangan (E5) 138,6 mg, sink (E6) 1 , selen (E8) 4,4 \u03bcg.<\/p>","protected":false},"excerpt":{"rendered":"<h3>H\u00e5ndoppmating Hagen Tropican<\/h3>\n<ul>\n<li><span class=\"Y2IQFc\" lang=\"no\">Er smakfull og forenkler overgangen til Tropican High Performance Formula <\/span><\/li>\n<li><span class=\"Y2IQFc\" lang=\"no\">Er lett \u00e5 tilberede; bare tilsett varmt vann til t\u00f8rr formel og bland<\/span><\/li>\n<li><span class=\"Y2IQFc\" lang=\"no\">Er lett \u00e5 rengj\u00f8re da den ikke fester seg til fj\u00e6r <\/span><\/li>\n<li><span class=\"Y2IQFc\" lang=\"no\">Er ferdig bearbeidet og pasteurisert for \u00e5 eliminere bakterie- og sopporganismer; gelatinisering p\u00e5 h\u00f8yt niv\u00e5 av stivelse <\/span><\/li>\n<li><span class=\"Y2IQFc\" lang=\"no\">Har ingen fast\/flytende fraksjonering, noe som resulterer i effektiv avling peristaltikk og ingen p\u00e5virkning<\/span><\/li>\n<\/ul>","protected":false},"featured_media":24029,"comment_status":"closed","ping_status":"closed","template":"","meta":{"content-type":"","_uf_show_specific_survey":0,"_uf_disable_surveys":false,"_monsterinsights_skip_tracking":false,"_monsterinsights_sitenote_active":false,"_monsterinsights_sitenote_note":"","_monsterinsights_sitenote_category":0},"pwb-brand":[663,671],"product_brand":[],"product_cat":[41,1147,3285,113,1470],"product_tag":[2132],"woo-feed-brand":[],"class_list":{"0":"post-477","1":"product","2":"type-product","3":"status-publish","4":"has-post-thumbnail","6":"pwb-brand-hagen","7":"pwb-brand-tropican","8":"product_cat-fugl","9":"product_cat-fugl-som-hobby","10":"product_cat-fuglemat-til-undulater-papeg-yer-og-burfugler","11":"product_cat-fuglepatee","12":"product_cat-handoppmating","13":"product_tag-fuglemat-og-fuglef-or","15":"first","16":"instock","17":"taxable","18":"shipping-taxable","19":"purchasable","20":"product-type-variable","21":"has-default-attributes"},"exclude_global_add_ons":[],"addons":[],"brands":[{"id":663,"name":"Hagen","slug":"hagen"},{"id":671,"name":"Tropican","slug":"tropican"}],"_links":{"self":[{"href":"https:\/\/fuglebutikken.no\/en\/wp-json\/wp\/v2\/product\/477","targetHints":{"allow":["GET"]}}],"collection":[{"href":"https:\/\/fuglebutikken.no\/en\/wp-json\/wp\/v2\/product"}],"about":[{"href":"https:\/\/fuglebutikken.no\/en\/wp-json\/wp\/v2\/types\/product"}],"replies":[{"embeddable":true,"href":"https:\/\/fuglebutikken.no\/en\/wp-json\/wp\/v2\/comments?post=477"}],"wp:featuredmedia":[{"embeddable":true,"href":"https:\/\/fuglebutikken.no\/en\/wp-json\/wp\/v2\/media\/24029"}],"wp:attachment":[{"href":"https:\/\/fuglebutikken.no\/en\/wp-json\/wp\/v2\/media?parent=477"}],"wp:term":[{"taxonomy":"pwb-brand","embeddable":true,"href":"https:\/\/fuglebutikken.no\/en\/wp-json\/wp\/v2\/pwb-brand?post=477"},{"taxonomy":"product_brand","embeddable":true,"href":"https:\/\/fuglebutikken.no\/en\/wp-json\/wp\/v2\/product_brand?post=477"},{"taxonomy":"product_cat","embeddable":true,"href":"https:\/\/fuglebutikken.no\/en\/wp-json\/wp\/v2\/product_cat?post=477"},{"taxonomy":"product_tag","embeddable":true,"href":"https:\/\/fuglebutikken.no\/en\/wp-json\/wp\/v2\/product_tag?post=477"},{"taxonomy":"woo-feed-brand","embeddable":true,"href":"https:\/\/fuglebutikken.no\/en\/wp-json\/wp\/v2\/woo-feed-brand?post=477"}],"curies":[{"name":"wp","href":"https:\/\/api.w.org\/{rel}","templated":true}]}}