{"id":4754,"date":"2020-03-01T14:40:26","date_gmt":"2020-03-01T13:40:26","guid":{"rendered":"https:\/\/fuglebutikken.no\/?product=treblokk-til-hamster-7x10-cm"},"modified":"2025-12-16T21:17:33","modified_gmt":"2025-12-16T20:17:33","slug":"treblokk-til-hamster","status":"publish","type":"product","link":"https:\/\/fuglebutikken.no\/en\/butikk\/fugl-som-hobby\/fugl\/fuglebur-og-fuglebur-tilbehor\/bur-tilbehor\/sittepinner\/treblokk-til-hamster\/","title":{"rendered":"Treblokk til hamster 10&#215;15 cm"},"content":{"rendered":"<h2>Treblokk til hamster 10&#215;15 cm<\/h2>\n<p>Denne naturlige trehyllen fra Trixie er det perfekte tilbeh\u00f8ret for \u00e5 skape et aktivt og stimulerende milj\u00f8 for din hamster, fugl eller reptil. Med sitt praktiske skruefeste og trygge materiale gir den dine kj\u00e6ledyr mulighet til klatring og hvile p\u00e5 en naturlig m\u00e5te.<\/p>\n<h3>Hovedfordeler<\/h3>\n<p>Treblokken fungerer utmerket som klatrehjelp og kan enkelt monteres i buret med det medf\u00f8lgende skruefestet. Du kan kj\u00f8pe flere blokker og lage en komplett stige som gir dine kj\u00e6ledyr mulighet til \u00e5 bevege seg mellom ulike niv\u00e5er i buret. Produktet er like godt egnet for hamstere, rotter, mus, undulater, parakitter og papeg\u00f8yer.<\/p>\n<h3>Trygt og naturlig materiale<\/h3>\n<p>Helsen til dyret ditt er viktig, derfor er denne Natural Living-artikkelen laget av bartre uten harpikskanaler, siden harpiks kan v\u00e6re giftig for noen dyr og fugler. Treverket gjennomg\u00e5r en grundig t\u00f8rkeprosess f\u00f8r bearbeiding og avgir ikke harpiks. Det anvendte limet er ogs\u00e5 helt trygt for dyrene og best\u00e5r av en gummi- eller celluloseblanding.<\/p>\n<h3>Bruksomr\u00e5der<\/h3>\n<p>Trehyllen kan plasseres strategisk i buret, for eksempel ved siden av mat- og drikkeplasser for fuglene dine. For bur med flere niv\u00e5er kan du bruke flere slike trehyller til \u00e5 lage en morsom stige som oppfordrer til aktivitet og lek. Dette gir kj\u00e6ledyrene dine b\u00e5de fysisk stimulering og et naturlig milj\u00f8 \u00e5 trives i.<\/p>","protected":false},"excerpt":{"rendered":"<h3>Treblokk til hamster 10&#215;15 cm fra Trixie<\/h3>\n<ul>\n<li>Trehylle med skruefeste<\/li>\n<li>Brukes ogs\u00e5 til fugler og reptiler<\/li>\n<li>Egnet som klatrehjelp\/stige, kj\u00f8p flere og bruk de som stige oppover<\/li>\n<\/ul>\n<p>tre med bark<br \/>\nHelsen til dyret ditt er viktig for oss. Det er derfor v\u00e5re Natural Living-artikler er laget av bartre uten harpikskanaler, fordi harpiks kan v\u00e6re giftig for noen dyr og fugler. Treverket som bearbeides avgir ikke harpiks og gjennomg\u00e5r en grundig t\u00f8rkeprosess f\u00f8r bearbeiding. Limet som bearbeides er ogs\u00e5 ikke giftig for dyrene og best\u00e5r av gummi el celluloseblanding.<\/p>\n<p><img decoding=\"async\" class=\"alignnone size-full wp-image-62908\" src=\"https:\/\/tgr.no\/wp-content\/uploads\/2020\/03\/10489_naturalliving_XrbMkrM.png\" alt=\"\" width=\"170\" height=\"85\"><\/p>","protected":false},"featured_media":25962,"comment_status":"open","ping_status":"closed","template":"","meta":{"content-type":"","_uf_show_specific_survey":0,"_uf_disable_surveys":false,"_monsterinsights_skip_tracking":false,"_monsterinsights_sitenote_active":false,"_monsterinsights_sitenote_note":"","_monsterinsights_sitenote_category":0},"pwb-brand":[653],"product_brand":[],"product_cat":[2203,41,2164,2154,1451],"product_tag":[3015,96],"woo-feed-brand":[],"class_list":{"0":"post-4754","1":"product","2":"type-product","3":"status-publish","4":"has-post-thumbnail","6":"pwb-brand-trixie","7":"product_cat-bur-tilbehor","8":"product_cat-fugl","9":"product_cat-fugleleker-og-aktivitet","10":"product_cat-reptildekor","11":"product_cat-sittepinner","12":"product_tag-leker-til-gnager-og-aktivitetsleker-sm-dyr","13":"product_tag-undulat","15":"first","16":"instock","17":"taxable","18":"shipping-taxable","19":"purchasable","20":"product-type-simple"},"exclude_global_add_ons":[],"addons":[],"brands":[{"id":653,"name":"Trixie","slug":"trixie"}],"_links":{"self":[{"href":"https:\/\/fuglebutikken.no\/en\/wp-json\/wp\/v2\/product\/4754","targetHints":{"allow":["GET"]}}],"collection":[{"href":"https:\/\/fuglebutikken.no\/en\/wp-json\/wp\/v2\/product"}],"about":[{"href":"https:\/\/fuglebutikken.no\/en\/wp-json\/wp\/v2\/types\/product"}],"replies":[{"embeddable":true,"href":"https:\/\/fuglebutikken.no\/en\/wp-json\/wp\/v2\/comments?post=4754"}],"wp:featuredmedia":[{"embeddable":true,"href":"https:\/\/fuglebutikken.no\/en\/wp-json\/wp\/v2\/media\/25962"}],"wp:attachment":[{"href":"https:\/\/fuglebutikken.no\/en\/wp-json\/wp\/v2\/media?parent=4754"}],"wp:term":[{"taxonomy":"pwb-brand","embeddable":true,"href":"https:\/\/fuglebutikken.no\/en\/wp-json\/wp\/v2\/pwb-brand?post=4754"},{"taxonomy":"product_brand","embeddable":true,"href":"https:\/\/fuglebutikken.no\/en\/wp-json\/wp\/v2\/product_brand?post=4754"},{"taxonomy":"product_cat","embeddable":true,"href":"https:\/\/fuglebutikken.no\/en\/wp-json\/wp\/v2\/product_cat?post=4754"},{"taxonomy":"product_tag","embeddable":true,"href":"https:\/\/fuglebutikken.no\/en\/wp-json\/wp\/v2\/product_tag?post=4754"},{"taxonomy":"woo-feed-brand","embeddable":true,"href":"https:\/\/fuglebutikken.no\/en\/wp-json\/wp\/v2\/woo-feed-brand?post=4754"}],"curies":[{"name":"wp","href":"https:\/\/api.w.org\/{rel}","templated":true}]}}