{"id":4726,"date":"2021-06-09T21:34:24","date_gmt":"2021-06-09T19:34:24","guid":{"rendered":"https:\/\/fuglebutikken.no\/?product=trixie-vindusgitter-sidedel"},"modified":"2025-07-15T07:54:22","modified_gmt":"2025-07-15T05:54:22","slug":"trixie-vindusgitter","status":"publish","type":"product","link":"https:\/\/fuglebutikken.no\/en\/butikk\/fugl-som-hobby\/fugl\/fuglebur-og-fuglebur-tilbehor\/fugl-bur\/trixie-vindusgitter\/","title":{"rendered":"Trixie Vindusgitter, Sidedel-toppdel"},"content":{"rendered":"<h2>Trixie Vindusgitter, Sidedel-toppdel<\/h2>\n<p>Et vippet vindu kan fort bli farlig for katter, fugler og \u00f8se dyr: Stikker den hodet ut oppe, nede eller p\u00e5 siden, forventer den at ogs\u00e5 kroppen kan f\u00f8lge probleml\u00f8st. Gjennom skr\u00e5stillingen av vinduet, kan den derimot bli hengende og p\u00e5dra seg kraftige skader. Derfor b\u00f8r vippede og ogs\u00e5 sving-vinduer sikres med Trixie Vindusgitter, Sidedel!<\/p>\n<p>Sidegitteret fra Trixie er trekantet med en h\u00f8yde p\u00e5 62 cm og en uttrekkbar bredde p\u00e5 7-16 cm og passer derfor de fleste vanlige vippe-vinduer. Da det er av plast, er det s\u00e6rdeles lett og ogs\u00e5 sv\u00e6rt stabilt. Med i pakken kommer passende festeanordninger til \u00e5 feste gitteret med, enten med skruer eller festeteip. Har du festet det, er det lett \u00e5 fjerne det, og henge det p\u00e5 igjen. Derfor kan du ta det av for rengj\u00f8ring eller om vinteren ganske enkelt, og sette det p\u00e5 igjen like lett ved behov.<\/p>\n<p>Et praktisk og nyttig tilbeh\u00f8r som s\u00f8rger for sikkerheten i enhver kattehusholdning!<\/p>\n<p><b>Trixie Vindusgitter, Sidedel i overblikk:<\/b><\/p>\n<ul>\n<li>Vindusgitter til den trekantede side\u00e5pningen av tiltvinduer for sikring av katter<\/li>\n<li>Hindrer skader som kan oppst\u00e5 ved at katten blir sittende fast i tiltede eller halv\u00e5pne vinduer<\/li>\n<li><b>Universal-m\u00e5l:<\/b>&nbsp;passer takket v\u00e6re form og st\u00f8rrelse p\u00e5 de fleste vanlige tiltvinduer<\/li>\n<li><b>Med passende fester:<\/b>&nbsp;Velg mellom skruer eller festeteip for \u00e5 feste gitteret til vindu og karm<\/li>\n<li><b>Stabilt &amp; lett:<\/b>&nbsp;av robust plast<\/li>\n<li><b>Enkelt avtagbart:<\/b>&nbsp;kan med et enkelt h\u00e5ndgrep fjernes for rengj\u00f8ring eller lagring over vinteren og lett festes p\u00e5 igjen<\/li>\n<li><b>Farge:<\/b>&nbsp;hvit<\/li>\n<li><b>Material:<\/b>&nbsp;plast<\/li>\n<li><b>M\u00e5l:<\/b>\n<ul>\n<li>Totalm\u00e5l: L ca. 62 cm x B ca. 7 &#8211; 16 cm<\/li>\n<li>Gitteravstand ca. 4,7 &#8211; 7,4 cm<\/li>\n<\/ul>\n<\/li>\n<li><b>Med i pakken:<\/b>&nbsp;1 Gitter (sidedel), 3 fester til \u00e5 skru fast eller feste med festeteip (f.eks 3M, tesa, pattex eller clas olson,f\u00f8lger ikke med i pakken)<\/li>\n<\/ul>","protected":false},"excerpt":{"rendered":"<h3>Trixie Vindusgitter, Sidedel-toppdel<\/h3>\n<p>Sidegitter og toppdel for tiltvinduer for sikring av katter og fugler<\/p>\n<ul>\n<li>forebygger skade hos dyr<\/li>\n<li>lett og stabil plast, med festeanordning<\/li>\n<li>Sidepanel H 62 cm x B 7 \u2013 16 cm<\/li>\n<li>Topp panel (kan ogs\u00e5 brukes nede) 65\u00d716 cm<\/li>\n<\/ul>","protected":false},"featured_media":20523,"comment_status":"closed","ping_status":"closed","template":"","meta":{"content-type":"","_uf_show_specific_survey":0,"_uf_disable_surveys":false,"_monsterinsights_skip_tracking":false,"_monsterinsights_sitenote_active":false,"_monsterinsights_sitenote_note":"","_monsterinsights_sitenote_category":0},"pwb-brand":[653],"product_brand":[],"product_cat":[1970,2202,2203,41,1147,2141,2669],"product_tag":[],"woo-feed-brand":[],"class_list":{"0":"post-4726","1":"product","2":"type-product","3":"status-publish","4":"has-post-thumbnail","6":"pwb-brand-trixie","7":"product_cat-beskyttelse","8":"product_cat-fugl-bur","9":"product_cat-bur-tilbehor","10":"product_cat-fugl","11":"product_cat-fugl-som-hobby","12":"product_cat-bur-og-sikkerhet-katt","13":"product_cat-kattedorer-og-grinder","15":"first","16":"instock","17":"taxable","18":"shipping-taxable","19":"purchasable","20":"product-type-variable","21":"has-default-attributes"},"exclude_global_add_ons":[],"addons":[],"brands":[{"id":653,"name":"Trixie","slug":"trixie"}],"_links":{"self":[{"href":"https:\/\/fuglebutikken.no\/en\/wp-json\/wp\/v2\/product\/4726","targetHints":{"allow":["GET"]}}],"collection":[{"href":"https:\/\/fuglebutikken.no\/en\/wp-json\/wp\/v2\/product"}],"about":[{"href":"https:\/\/fuglebutikken.no\/en\/wp-json\/wp\/v2\/types\/product"}],"replies":[{"embeddable":true,"href":"https:\/\/fuglebutikken.no\/en\/wp-json\/wp\/v2\/comments?post=4726"}],"wp:featuredmedia":[{"embeddable":true,"href":"https:\/\/fuglebutikken.no\/en\/wp-json\/wp\/v2\/media\/20523"}],"wp:attachment":[{"href":"https:\/\/fuglebutikken.no\/en\/wp-json\/wp\/v2\/media?parent=4726"}],"wp:term":[{"taxonomy":"pwb-brand","embeddable":true,"href":"https:\/\/fuglebutikken.no\/en\/wp-json\/wp\/v2\/pwb-brand?post=4726"},{"taxonomy":"product_brand","embeddable":true,"href":"https:\/\/fuglebutikken.no\/en\/wp-json\/wp\/v2\/product_brand?post=4726"},{"taxonomy":"product_cat","embeddable":true,"href":"https:\/\/fuglebutikken.no\/en\/wp-json\/wp\/v2\/product_cat?post=4726"},{"taxonomy":"product_tag","embeddable":true,"href":"https:\/\/fuglebutikken.no\/en\/wp-json\/wp\/v2\/product_tag?post=4726"},{"taxonomy":"woo-feed-brand","embeddable":true,"href":"https:\/\/fuglebutikken.no\/en\/wp-json\/wp\/v2\/woo-feed-brand?post=4726"}],"curies":[{"name":"wp","href":"https:\/\/api.w.org\/{rel}","templated":true}]}}