{"id":4711,"date":"2021-06-09T13:44:09","date_gmt":"2021-06-09T11:44:09","guid":{"rendered":"https:\/\/fuglebutikken.no\/?product=gavekort"},"modified":"2021-07-27T01:06:08","modified_gmt":"2021-07-26T23:06:08","slug":"gavekort-fuglebutikken","status":"publish","type":"product","link":"https:\/\/fuglebutikken.no\/en\/butikk\/gavekort\/gavekort-fuglebutikken\/","title":{"rendered":"Gavekort Fuglebutikken"},"content":{"rendered":"","protected":false},"excerpt":{"rendered":"<p>Gavekort Fuglebutikken er en herlig p\u00e5skj\u00f8nnelse ved bursdager, f\u00f8dsler, bes\u00f8k, vertinnegave o.s.v.<br \/>\nV\u00e5re gavekort er gyldige i 3 \u00e5r, og mottakeren har full kontroll inne p\u00e5 &#8220;min konto&#8221; over saldo p\u00e5 gavekortet, hvor det er brukt og hva det er brukt til.<\/p>","protected":false},"featured_media":4940,"comment_status":"open","ping_status":"closed","template":"","meta":{"content-type":"","_uf_show_specific_survey":0,"_uf_disable_surveys":false,"_monsterinsights_skip_tracking":false,"_monsterinsights_sitenote_active":false,"_monsterinsights_sitenote_note":"","_monsterinsights_sitenote_category":0},"pwb-brand":[],"product_brand":[],"product_cat":[1146],"product_tag":[1047],"woo-feed-brand":[],"class_list":{"0":"post-4711","1":"product","2":"type-product","3":"status-publish","4":"has-post-thumbnail","6":"product_cat-gavekort","7":"product_tag-gave","9":"first","10":"instock","11":"purchasable","12":"product-type-pw-gift-card","13":"has-default-attributes"},"exclude_global_add_ons":[],"addons":[],"brands":[],"_links":{"self":[{"href":"https:\/\/fuglebutikken.no\/en\/wp-json\/wp\/v2\/product\/4711","targetHints":{"allow":["GET"]}}],"collection":[{"href":"https:\/\/fuglebutikken.no\/en\/wp-json\/wp\/v2\/product"}],"about":[{"href":"https:\/\/fuglebutikken.no\/en\/wp-json\/wp\/v2\/types\/product"}],"replies":[{"embeddable":true,"href":"https:\/\/fuglebutikken.no\/en\/wp-json\/wp\/v2\/comments?post=4711"}],"wp:featuredmedia":[{"embeddable":true,"href":"https:\/\/fuglebutikken.no\/en\/wp-json\/wp\/v2\/media\/4940"}],"wp:attachment":[{"href":"https:\/\/fuglebutikken.no\/en\/wp-json\/wp\/v2\/media?parent=4711"}],"wp:term":[{"taxonomy":"pwb-brand","embeddable":true,"href":"https:\/\/fuglebutikken.no\/en\/wp-json\/wp\/v2\/pwb-brand?post=4711"},{"taxonomy":"product_brand","embeddable":true,"href":"https:\/\/fuglebutikken.no\/en\/wp-json\/wp\/v2\/product_brand?post=4711"},{"taxonomy":"product_cat","embeddable":true,"href":"https:\/\/fuglebutikken.no\/en\/wp-json\/wp\/v2\/product_cat?post=4711"},{"taxonomy":"product_tag","embeddable":true,"href":"https:\/\/fuglebutikken.no\/en\/wp-json\/wp\/v2\/product_tag?post=4711"},{"taxonomy":"woo-feed-brand","embeddable":true,"href":"https:\/\/fuglebutikken.no\/en\/wp-json\/wp\/v2\/woo-feed-brand?post=4711"}],"curies":[{"name":"wp","href":"https:\/\/api.w.org\/{rel}","templated":true}]}}