{"id":4669,"date":"2021-05-28T09:18:32","date_gmt":"2021-05-28T07:18:32","guid":{"rendered":"https:\/\/fuglebutikken.no\/?product=primo-60-empire-knock-down-fuglebur"},"modified":"2025-03-06T13:58:05","modified_gmt":"2025-03-06T12:58:05","slug":"primo-60","status":"publish","type":"product","link":"https:\/\/fuglebutikken.no\/en\/butikk\/fugl-som-hobby\/fugl\/primo-60\/","title":{"rendered":"Primo 60 Empire Knock Down Fuglebur"},"content":{"rendered":"<h2>Primo 60 Empire Knock Down Fuglebur<\/h2>\n<p>Primo 60 Open Empire er sammenleggbart fuglebur for eksotiske fugler og kanarifugler. Dette ekstra h\u00f8ye buret kommer med foringssk\u00e5ler, drikkefontene, fuglebad og sittebenker i tre. Primo 60 Open Empire er et meget romslig bur og ekstra h\u00f8yt, 115 cm n\u00e5r taket \u00e5pnes. Dessuten har den 2 inngangsd\u00f8rer for enkel tilgang og et tak som kan \u00e5pnes. Stangeavstanden er 9,5 mm. Buret er enkelt \u00e5 montere, uten bruk av verkt\u00f8y og kan demonteres fullstendig, for plassbesparende oppbevaring n\u00e5r det ikke er i bruk.<\/p>","protected":false},"excerpt":{"rendered":"<h3>Primo 60 Empire Knock Down Fuglebur<\/h3>\n<p>Stort og flott fuglebur som kan \u00e5pnes i toppen<\/p>\n<p>M\u00e5l: 80x50x115 cm sort<\/p>\n<p>Sittepinner, matsk\u00e5ler, vannautomat og badekar f\u00f8lger med.<\/p>","protected":false},"featured_media":12978,"comment_status":"closed","ping_status":"closed","template":"","meta":{"content-type":"","_uf_show_specific_survey":0,"_uf_disable_surveys":false,"_monsterinsights_skip_tracking":false,"_monsterinsights_sitenote_active":false,"_monsterinsights_sitenote_note":"","_monsterinsights_sitenote_category":0},"pwb-brand":[710],"product_brand":[],"product_cat":[41,1147],"product_tag":[],"woo-feed-brand":[],"class_list":{"0":"post-4669","1":"product","2":"type-product","3":"status-publish","4":"has-post-thumbnail","6":"pwb-brand-savic","7":"product_cat-fugl","8":"product_cat-fugl-som-hobby","10":"first","11":"instock","12":"downloadable","13":"taxable","14":"shipping-taxable","15":"purchasable","16":"product-type-simple"},"exclude_global_add_ons":[],"addons":[],"brands":[{"id":710,"name":"Savic","slug":"savic"}],"_links":{"self":[{"href":"https:\/\/fuglebutikken.no\/en\/wp-json\/wp\/v2\/product\/4669","targetHints":{"allow":["GET"]}}],"collection":[{"href":"https:\/\/fuglebutikken.no\/en\/wp-json\/wp\/v2\/product"}],"about":[{"href":"https:\/\/fuglebutikken.no\/en\/wp-json\/wp\/v2\/types\/product"}],"replies":[{"embeddable":true,"href":"https:\/\/fuglebutikken.no\/en\/wp-json\/wp\/v2\/comments?post=4669"}],"wp:featuredmedia":[{"embeddable":true,"href":"https:\/\/fuglebutikken.no\/en\/wp-json\/wp\/v2\/media\/12978"}],"wp:attachment":[{"href":"https:\/\/fuglebutikken.no\/en\/wp-json\/wp\/v2\/media?parent=4669"}],"wp:term":[{"taxonomy":"pwb-brand","embeddable":true,"href":"https:\/\/fuglebutikken.no\/en\/wp-json\/wp\/v2\/pwb-brand?post=4669"},{"taxonomy":"product_brand","embeddable":true,"href":"https:\/\/fuglebutikken.no\/en\/wp-json\/wp\/v2\/product_brand?post=4669"},{"taxonomy":"product_cat","embeddable":true,"href":"https:\/\/fuglebutikken.no\/en\/wp-json\/wp\/v2\/product_cat?post=4669"},{"taxonomy":"product_tag","embeddable":true,"href":"https:\/\/fuglebutikken.no\/en\/wp-json\/wp\/v2\/product_tag?post=4669"},{"taxonomy":"woo-feed-brand","embeddable":true,"href":"https:\/\/fuglebutikken.no\/en\/wp-json\/wp\/v2\/woo-feed-brand?post=4669"}],"curies":[{"name":"wp","href":"https:\/\/api.w.org\/{rel}","templated":true}]}}