{"id":463,"date":"2020-02-22T18:10:54","date_gmt":"2020-02-22T17:10:54","guid":{"rendered":"https:\/\/274105-www.web.tornado-node.net\/fugl\/product\/nutribird-handoppmating-a21-3kg-21protein\/"},"modified":"2025-04-08T09:53:35","modified_gmt":"2025-04-08T07:53:35","slug":"nutribird-handoppmating-a21-3kg-21protein","status":"publish","type":"product","link":"https:\/\/fuglebutikken.no\/en\/butikk\/fugl-som-hobby\/fugl\/spise\/fuglemat-til-undulater-papeg-yer-og-burfugler\/handoppmating\/nutribird-handoppmating-a21-3kg-21protein\/","title":{"rendered":"Nutribird h\u00e5ndoppmating A21 &#8211; 21%protein\u00a0"},"content":{"rendered":"<p data-start=\"0\" data-end=\"276\" class=\"\"><strong data-start=\"0\" data-end=\"101\">H\u00e5ndoppdrettsmat for Amazonas, kakaduer, store parakitter og andre ungfugler med h\u00f8yt proteinkrav<\/strong><br data-start=\"101\" data-end=\"104\"><br \/>\nVitenskapelig godkjent sammensetning med alle n\u00e6ringsstoffene din babyfugl trenger. S\u00f8rger for optimal vekst til helt friske unge fugler. Kan brukes fra klekking til avvenning.<\/p>\n<p data-start=\"278\" data-end=\"479\" class=\"\">Med tarmflora-stabilisatorer, prebiotika, ford\u00f8yelsesenzymer og organiske syrer for \u00e5 fremme ford\u00f8yelsen.<br data-start=\"383\" data-end=\"386\"><br \/>\nAnbefalt av veterin\u00e6rer og brukt over hele verden av ornitologiske parker og toppoppdrettere.<\/p>\n<p data-start=\"481\" data-end=\"604\" class=\"\"><strong data-start=\"481\" data-end=\"496\">Opti Digest<\/strong><br data-start=\"496\" data-end=\"499\"><br \/>\nEnzymer, organiske syrer og probiotika st\u00f8tter optimal funksjon av brystet for bedre ford\u00f8yelse av maten.<\/p>\n<p data-start=\"606\" data-end=\"715\" class=\"\"><strong data-start=\"606\" data-end=\"622\">Opti Feather<\/strong><br data-start=\"622\" data-end=\"625\"><br \/>\nInneholder alle n\u00e6ringsstoffene som er n\u00f8dvendige for utviklingen av et vakkert fj\u00e6rdrakt.<\/p>\n<p data-start=\"717\" data-end=\"864\" class=\"\"><strong data-start=\"717\" data-end=\"732\">Opti Growth<\/strong><br data-start=\"732\" data-end=\"735\"><br \/>\nEn velbalansert mat som bidrar til utviklingen av sunne unge fugler takket v\u00e6re riktig mengde vitaminer, mineraler og aminosyrer.<\/p>\n<p data-start=\"866\" data-end=\"1098\" class=\"\"><strong data-start=\"866\" data-end=\"883\">Sammensetning<\/strong><br data-start=\"883\" data-end=\"886\"><br \/>\nBakeriprodukter, vegetabilske proteinekstrakter, oljer og fett, derivater av vegetabilsk opprinnelse, mineraler, sukker, gj\u00e6r, organiske syrer (2500 mg\/kg), psyllium, mannan-oligosakkarider (1000 mg\/kg), lecitin.<\/p>\n<p data-start=\"1100\" data-end=\"1303\" class=\"\"><strong data-start=\"1100\" data-end=\"1127\">Analytiske bestanddeler<\/strong><br data-start=\"1127\" data-end=\"1130\"><br \/>\nProtein 21%, fettinnhold 9%, r\u00e5aske 9,0%, r\u00e5fiber 1,5%, lysin 1,25%, metionin 0,6%, tryptofan 0,27%, treonin 0,8%, kalsium 1,15%, fosfor 0,8%, natrium 0,4%, magnesium 0,14%.<\/p>\n<p data-start=\"1305\" data-end=\"1774\" class=\"\"><strong data-start=\"1305\" data-end=\"1330\">Tilsetningsstoffer\/kg<\/strong><br data-start=\"1330\" data-end=\"1333\"><br \/>\n<strong data-start=\"1333\" data-end=\"1367\">N\u00e6ringsstofftilsetningsstoffer<\/strong><br data-start=\"1367\" data-end=\"1370\"><br \/>\nVitamin A 7200 IU, 3a160a \u03b2-karoten 4,35 mg, vitamin D3 1500 IU, vitamin E 85 mg, vitamin B1 7,2 mg, vitamin B2 16 mg, kalsium-D-pantotenat 20 mg, vitamin B6 6 mg, vitamin B12 0,03 mg, vitamin C 52 mg, niacin 80 mg, folsyre 1,5 mg, biotin 0,26 mg, kolin-klorid 700 mg, 3b202 (jod) 2 mg, 3b405 (kobber) 10 mg, 3b503 (mangan) 100 mg, 3b605 (sink) 96 mg, 3b802 (selen) 0,1 mg, 3b811 (organisk selen) 0,1 mg.<\/p>\n<p data-start=\"1776\" data-end=\"1906\" class=\"\"><strong data-start=\"1776\" data-end=\"1811\">Zoo Tekniske Tilsetningsstoffer<\/strong><br data-start=\"1811\" data-end=\"1814\"><br \/>\nBacillus subtilis C-3102 (DSM 15544) 22.10 8 CFU, endo-1,4-\u03b2-xylanase (EC 3.2.1.8) 3000 EPU.<\/p>\n<p data-start=\"1908\" data-end=\"1961\" class=\"\"><strong data-start=\"1908\" data-end=\"1943\">Teknologiske tilsetningsstoffer<\/strong><br data-start=\"1943\" data-end=\"1946\"><br \/>\nAntioksidanter.<\/p>\n<\/p>\n<p data-start=\"1963\" data-end=\"2038\" class=\"\"><strong data-start=\"1963\" data-end=\"1981\">Bruksanvisning<\/strong><br data-start=\"1981\" data-end=\"1984\"><br \/>\nGi en porsjon p\u00e5 \u00b1 10% av kroppens vekt per f\u00f4rsesjon.<\/p>\n<p data-start=\"0\" data-end=\"53\" class=\"\"><strong data-start=\"0\" data-end=\"53\">NutriBird A21: Forberedelse<\/strong><\/p>\n<p data-start=\"55\" data-end=\"367\" class=\"\">NutriBird A21 h\u00e5ndoppdrettsmat tilberedes ved \u00e5 tilsette varmt vann. Forholdet mellom f\u00f4r og vann endres med alderen p\u00e5 babyfuglen og m\u00e5 tilpasses n\u00f8ye. Bruk f\u00f8lgende tabell for \u00e5 forberede oppdrettsmaten. For f\u00f8rste tilberedning er det tilr\u00e5delig \u00e5 veie ut de n\u00f8dvendige mengdene n\u00f8yaktig.<\/p>\n<p data-start=\"369\" data-end=\"605\" class=\"\"><strong data-start=\"369\" data-end=\"429\">ALDER:&nbsp; &nbsp; &nbsp; &nbsp; &nbsp; &nbsp; &nbsp; &nbsp; &nbsp; NutriBird A21:&nbsp; &nbsp;&#8211;&nbsp; Vann:<\/strong><br data-start=\"429\" data-end=\"432\"><br \/>\nKlekking \u2013 dag 2:&nbsp; &nbsp; &nbsp; &nbsp; &nbsp; &nbsp; 1 del A21&nbsp; &nbsp; &#8211;&nbsp; 6 deler vann<br data-start=\"465\" data-end=\"468\"><br \/>\nDag 2 \u2013 dag 3:&nbsp; &nbsp; &nbsp; &nbsp; &nbsp; &nbsp; &nbsp; &nbsp; &nbsp;1 del A21&nbsp; &nbsp;&#8211;&nbsp; 5 deler vann<br data-start=\"498\" data-end=\"501\"><br \/>\nDag 3 \u2013 dag 4:&nbsp; &nbsp; &nbsp; &nbsp; &nbsp; &nbsp; &nbsp; &nbsp; &nbsp;1 del A21&nbsp; &nbsp;&#8211;&nbsp; 4 deler vann<br data-start=\"531\" data-end=\"534\"><br \/>\nDag 4 \u2013 dag 5:&nbsp; &nbsp; &nbsp; &nbsp; &nbsp; &nbsp; &nbsp; &nbsp; &nbsp;1 del A21&nbsp; &nbsp;&#8211;&nbsp; 3 deler vann<br data-start=\"564\" data-end=\"567\"><br \/>\nDag 5 \u2013 avvenning:&nbsp; &nbsp; &nbsp; &nbsp; &nbsp; 1 del A21&nbsp; &nbsp;&#8211;&nbsp; 2 \u2013 2,5 deler vann<\/p>\n<ol data-start=\"607\" data-end=\"1112\">\n<li data-start=\"607\" data-end=\"862\" class=\"\">\n<p data-start=\"610\" data-end=\"862\" class=\"\">Bland NutriBird A21 h\u00e5ndoppdrettsmat og varmt vann i de anbefalte volumene som vist i tabellen, i en ren bolle. Fordi springvann kan inneholde skadelige bakterier, er det tilr\u00e5delig \u00e5 koke vannet f\u00f8r bruk eller bruke flaskevann.<\/p>\n<\/li>\n<li data-start=\"863\" data-end=\"979\" class=\"\">\n<p data-start=\"866\" data-end=\"979\" class=\"\">Blandingen b\u00f8r r\u00f8res godt. La den st\u00e5 i ett minutt. Hvis tilberedningen gj\u00f8res korrekt, vil en fin gr\u00f8t dannes.<\/p>\n<\/li>\n<li data-start=\"980\" data-end=\"1112\" class=\"\">\n<p data-start=\"983\" data-end=\"1112\" class=\"\">La gr\u00f8ten avkj\u00f8les til 39\u00b0C. F\u00f8r blandingen serveres, b\u00f8r den r\u00f8res grundig en gang til for \u00e5 unng\u00e5 at vann og mat skiller seg.<\/p>\n<\/li>\n<\/ol>\n<p data-start=\"1963\" data-end=\"2038\" class=\"\">\n<p data-start=\"1114\" data-end=\"1219\" class=\"\"><strong data-start=\"1114\" data-end=\"1125\">Viktig:<\/strong> Blandingen b\u00f8r tilberedes fersk f\u00f8r hvert m\u00e5ltid! Det er derfor best \u00e5 forberede sm\u00e5 mengder.<\/p>","protected":false},"excerpt":{"rendered":"<div>\n<h3 class=\"\">Nutribird h\u00e5ndoppmating A21 &#8211; 21%protein&nbsp;<\/h3>\n<p><\/div>\n<ul>\n<li><span data-start=\"47\" data-end=\"67\" style=\"font-size: 1rem;\"><b>H\u00f8y n\u00e6ringsverdi<\/b><\/span><span style=\"font-size: 1rem;\">: Spesialtilpasset h\u00e5ndoppdrettsmat for babyfugler som Amazonas, kakaduer og store parakitter, med alle n\u00f8dvendige n\u00e6ringsstoffer for optimal vekst og helse<\/span><\/li>\n<li><span data-start=\"229\" data-end=\"250\" style=\"font-size: 1rem;\"><b>Ford\u00f8yelsesst\u00f8tte<\/b><\/span><span style=\"font-size: 1rem;\">: Inneholder enzymer, organiske syrer og probiotika som fremmer god ford\u00f8yelse og optimal funksjon av brystet (crop).<\/span><\/li>\n<li><span data-start=\"372\" data-end=\"398\" style=\"font-size: 1rem;\"><b>Utvikling av fj\u00e6rdrakt<\/b><\/span><span style=\"font-size: 1rem;\">: Spesifikke n\u00e6ringsstoffer i &#8220;Opti Feather&#8221;-komponenten st\u00f8tter utviklingen av et vakkert og sunt fj\u00e6rdrakt.<\/span><\/li>\n<li><span data-start=\"512\" data-end=\"529\" style=\"font-size: 1rem;\"><b>Optimal vekst<\/b><\/span><span style=\"font-size: 1rem;\">: &#8220;Opti Growth&#8221;-sammensetningen gir en balansert diett med vitaminer, mineraler og aminosyrer som fremmer sunn vekst hos unge fugler.<\/span><\/li>\n<\/ul>","protected":false},"featured_media":15192,"comment_status":"closed","ping_status":"closed","template":"","meta":{"content-type":"","_uf_show_specific_survey":0,"_uf_disable_surveys":false,"_monsterinsights_skip_tracking":false,"_monsterinsights_sitenote_active":false,"_monsterinsights_sitenote_note":"","_monsterinsights_sitenote_category":0},"pwb-brand":[673],"product_brand":[],"product_cat":[41,1147,1470],"product_tag":[],"woo-feed-brand":[],"class_list":{"0":"post-463","1":"product","2":"type-product","3":"status-publish","4":"has-post-thumbnail","6":"pwb-brand-versele-laga","7":"product_cat-fugl","8":"product_cat-fugl-som-hobby","9":"product_cat-handoppmating","11":"first","12":"instock","13":"taxable","14":"shipping-taxable","15":"purchasable","16":"product-type-variable","17":"has-default-attributes"},"exclude_global_add_ons":[],"addons":[],"brands":[{"id":673,"name":"Versele-Laga","slug":"versele-laga"}],"_links":{"self":[{"href":"https:\/\/fuglebutikken.no\/en\/wp-json\/wp\/v2\/product\/463","targetHints":{"allow":["GET"]}}],"collection":[{"href":"https:\/\/fuglebutikken.no\/en\/wp-json\/wp\/v2\/product"}],"about":[{"href":"https:\/\/fuglebutikken.no\/en\/wp-json\/wp\/v2\/types\/product"}],"replies":[{"embeddable":true,"href":"https:\/\/fuglebutikken.no\/en\/wp-json\/wp\/v2\/comments?post=463"}],"wp:featuredmedia":[{"embeddable":true,"href":"https:\/\/fuglebutikken.no\/en\/wp-json\/wp\/v2\/media\/15192"}],"wp:attachment":[{"href":"https:\/\/fuglebutikken.no\/en\/wp-json\/wp\/v2\/media?parent=463"}],"wp:term":[{"taxonomy":"pwb-brand","embeddable":true,"href":"https:\/\/fuglebutikken.no\/en\/wp-json\/wp\/v2\/pwb-brand?post=463"},{"taxonomy":"product_brand","embeddable":true,"href":"https:\/\/fuglebutikken.no\/en\/wp-json\/wp\/v2\/product_brand?post=463"},{"taxonomy":"product_cat","embeddable":true,"href":"https:\/\/fuglebutikken.no\/en\/wp-json\/wp\/v2\/product_cat?post=463"},{"taxonomy":"product_tag","embeddable":true,"href":"https:\/\/fuglebutikken.no\/en\/wp-json\/wp\/v2\/product_tag?post=463"},{"taxonomy":"woo-feed-brand","embeddable":true,"href":"https:\/\/fuglebutikken.no\/en\/wp-json\/wp\/v2\/woo-feed-brand?post=463"}],"curies":[{"name":"wp","href":"https:\/\/api.w.org\/{rel}","templated":true}]}}