{"id":4604,"date":"2021-05-09T18:57:25","date_gmt":"2021-05-09T16:57:25","guid":{"rendered":"https:\/\/fuglebutikken.no\/?product=hercules-sekskantet-forbrett-med-kobbertak-50x36x40cm"},"modified":"2026-02-27T12:51:16","modified_gmt":"2026-02-27T11:51:16","slug":"hercules-sekskantet-forbrett-med-kobbertak-50x36x40cm","status":"publish","type":"product","link":"https:\/\/fuglebutikken.no\/en\/butikk\/utefugl-dyr\/hage-og-utedyr\/utefugl\/utefuglhus\/hercules-sekskantet-forbrett-med-kobbertak-50x36x40cm\/","title":{"rendered":"Hercules sekskantet forbrett med kobbertak, 50x36x40cm"},"content":{"rendered":"","protected":false},"excerpt":{"rendered":"<p>Hercules sekskantet forbrett med kobbertak, 50x36x40cm<\/p>\n<ul>\n<li>Forbrett i eiketre med kobbertak i topp kvalitet!<\/li>\n<li>Den har nett hele veien rundt s\u00e5<br \/>\nkun sm\u00e5 hagefugler kan komme inn<\/li>\n<li>Vannfast bunnplate med huller for avl\u00f8p av regnvann<\/li>\n<li>Lett \u00e5 gj\u00f8re ren via en rengj\u00f8ringslem<br \/>\nfor \u00e5 enkelt komme til<\/li>\n<li>Kroker i taket p\u00e5 innsiden til oppheng av meisboller etc.<\/li>\n<li>Ben kan kj\u00f8pes i tillegg (varenr. 340080)kan eventuelt<br \/>\nhenges opp eller settes p\u00e5 en stolpe<\/li>\n<\/ul>","protected":false},"featured_media":27752,"comment_status":"closed","ping_status":"closed","template":"","meta":{"content-type":"","_uf_show_specific_survey":0,"_uf_disable_surveys":false,"_monsterinsights_skip_tracking":false,"_monsterinsights_sitenote_active":false,"_monsterinsights_sitenote_note":"","_monsterinsights_sitenote_category":0},"pwb-brand":[1002],"product_brand":[],"product_cat":[100,1960,721],"product_tag":[],"woo-feed-brand":[],"class_list":{"0":"post-4604","1":"product","2":"type-product","3":"status-publish","4":"has-post-thumbnail","6":"pwb-brand-hercules","7":"product_cat-utefuglhus","8":"product_cat-utedyr","9":"product_cat-utefugl","11":"first","12":"outofstock","13":"taxable","14":"shipping-taxable","15":"purchasable","16":"product-type-simple"},"exclude_global_add_ons":[],"addons":[],"brands":[{"id":1002,"name":"Hercules","slug":"hercules"}],"_links":{"self":[{"href":"https:\/\/fuglebutikken.no\/en\/wp-json\/wp\/v2\/product\/4604","targetHints":{"allow":["GET"]}}],"collection":[{"href":"https:\/\/fuglebutikken.no\/en\/wp-json\/wp\/v2\/product"}],"about":[{"href":"https:\/\/fuglebutikken.no\/en\/wp-json\/wp\/v2\/types\/product"}],"replies":[{"embeddable":true,"href":"https:\/\/fuglebutikken.no\/en\/wp-json\/wp\/v2\/comments?post=4604"}],"wp:featuredmedia":[{"embeddable":true,"href":"https:\/\/fuglebutikken.no\/en\/wp-json\/wp\/v2\/media\/27752"}],"wp:attachment":[{"href":"https:\/\/fuglebutikken.no\/en\/wp-json\/wp\/v2\/media?parent=4604"}],"wp:term":[{"taxonomy":"pwb-brand","embeddable":true,"href":"https:\/\/fuglebutikken.no\/en\/wp-json\/wp\/v2\/pwb-brand?post=4604"},{"taxonomy":"product_brand","embeddable":true,"href":"https:\/\/fuglebutikken.no\/en\/wp-json\/wp\/v2\/product_brand?post=4604"},{"taxonomy":"product_cat","embeddable":true,"href":"https:\/\/fuglebutikken.no\/en\/wp-json\/wp\/v2\/product_cat?post=4604"},{"taxonomy":"product_tag","embeddable":true,"href":"https:\/\/fuglebutikken.no\/en\/wp-json\/wp\/v2\/product_tag?post=4604"},{"taxonomy":"woo-feed-brand","embeddable":true,"href":"https:\/\/fuglebutikken.no\/en\/wp-json\/wp\/v2\/woo-feed-brand?post=4604"}],"curies":[{"name":"wp","href":"https:\/\/api.w.org\/{rel}","templated":true}]}}