{"id":457,"date":"2020-02-22T18:10:54","date_gmt":"2020-02-22T17:10:54","guid":{"rendered":"https:\/\/274105-www.web.tornado-node.net\/fugl\/product\/patee-prestige-gold-rod-250-g\/"},"modified":"2025-03-06T13:59:13","modified_gmt":"2025-03-06T12:59:13","slug":"patee-prestige-gold-rod-250-g","status":"publish","type":"product","link":"https:\/\/fuglebutikken.no\/en\/butikk\/fugl-som-hobby\/fugl\/spise\/fuglemat-til-undulater-papeg-yer-og-burfugler\/fuglepatee\/patee-prestige-gold-rod-250-g\/","title":{"rendered":"Patee prestige gold r\u00f8d 250 g"},"content":{"rendered":"<p id=\"tw-target-text\" class=\"tw-data-text tw-text-large XcVN5d tw-ta\" dir=\"ltr\" data-placeholder=\"Oversettelse\"><span class=\"Y2IQFc\" lang=\"no\">Sammensetning: egg- og eggderivater (min. 30%), bakeprodukter, vegetabilske proteinekstrakter, oljer og fett, honning, forskjellige sukker, mineraler, frokostblandinger, fr\u00f8, FOS, MOS <\/span><\/p>\n<p class=\"tw-data-text tw-text-large XcVN5d tw-ta\" dir=\"ltr\" data-placeholder=\"Oversettelse\"><span class=\"Y2IQFc\" lang=\"no\">Analytiske bestanddeler: protein 17%, fettinnhold 15,50%, r\u00e5 fiber 3%, r\u00e5 aske 5%, kalsium 1,40%, fosfor 0,40%, lysin 0,90%, metionin 0,35%, treonin 0,60%, tryptofan 0,20%, cystin 0,30%<\/span><\/p>","protected":false},"excerpt":{"rendered":"<p>Patee prestige gold r\u00f8d 250 g <span class=\"Y2IQFc\" lang=\"no\">gir r\u00f8de fargestoffer for kanarifugler, europeiske og tropiske finker eggmat er viktig i hekkesesongen; men ogs\u00e5 resten av \u00e5ret er det en kilde til ekstra n\u00e6ringsstoffer. Fuktet med 100% naturlig honning. Inneholder 75 mg \/ kg kantaksantin for \u00e5 f\u00e5 en fin r\u00f8d farge til fuglene. Med ekstra tilsatt lysin og metionin for optimal vekst og fj\u00e6ring.<\/span><\/p>","protected":false},"featured_media":13158,"comment_status":"closed","ping_status":"closed","template":"","meta":{"content-type":"","_uf_show_specific_survey":0,"_uf_disable_surveys":false,"_monsterinsights_skip_tracking":false,"_monsterinsights_sitenote_active":false,"_monsterinsights_sitenote_note":"","_monsterinsights_sitenote_category":0},"pwb-brand":[673],"product_brand":[],"product_cat":[41,1147,113],"product_tag":[],"woo-feed-brand":[],"class_list":{"0":"post-457","1":"product","2":"type-product","3":"status-publish","4":"has-post-thumbnail","6":"pwb-brand-versele-laga","7":"product_cat-fugl","8":"product_cat-fugl-som-hobby","9":"product_cat-fuglepatee","11":"first","12":"instock","13":"taxable","14":"shipping-taxable","15":"purchasable","16":"product-type-simple"},"exclude_global_add_ons":[],"addons":[],"brands":[{"id":673,"name":"Versele-Laga","slug":"versele-laga"}],"_links":{"self":[{"href":"https:\/\/fuglebutikken.no\/en\/wp-json\/wp\/v2\/product\/457","targetHints":{"allow":["GET"]}}],"collection":[{"href":"https:\/\/fuglebutikken.no\/en\/wp-json\/wp\/v2\/product"}],"about":[{"href":"https:\/\/fuglebutikken.no\/en\/wp-json\/wp\/v2\/types\/product"}],"replies":[{"embeddable":true,"href":"https:\/\/fuglebutikken.no\/en\/wp-json\/wp\/v2\/comments?post=457"}],"wp:featuredmedia":[{"embeddable":true,"href":"https:\/\/fuglebutikken.no\/en\/wp-json\/wp\/v2\/media\/13158"}],"wp:attachment":[{"href":"https:\/\/fuglebutikken.no\/en\/wp-json\/wp\/v2\/media?parent=457"}],"wp:term":[{"taxonomy":"pwb-brand","embeddable":true,"href":"https:\/\/fuglebutikken.no\/en\/wp-json\/wp\/v2\/pwb-brand?post=457"},{"taxonomy":"product_brand","embeddable":true,"href":"https:\/\/fuglebutikken.no\/en\/wp-json\/wp\/v2\/product_brand?post=457"},{"taxonomy":"product_cat","embeddable":true,"href":"https:\/\/fuglebutikken.no\/en\/wp-json\/wp\/v2\/product_cat?post=457"},{"taxonomy":"product_tag","embeddable":true,"href":"https:\/\/fuglebutikken.no\/en\/wp-json\/wp\/v2\/product_tag?post=457"},{"taxonomy":"woo-feed-brand","embeddable":true,"href":"https:\/\/fuglebutikken.no\/en\/wp-json\/wp\/v2\/woo-feed-brand?post=457"}],"curies":[{"name":"wp","href":"https:\/\/api.w.org\/{rel}","templated":true}]}}