{"id":455,"date":"2020-02-22T18:10:54","date_gmt":"2020-02-22T17:10:54","guid":{"rendered":"https:\/\/274105-www.web.tornado-node.net\/fugl\/product\/patee-prestige-gold-kanari-250g\/"},"modified":"2025-05-30T09:36:41","modified_gmt":"2025-05-30T07:36:41","slug":"patee-prestige-gold-kanari-250g","status":"publish","type":"product","link":"https:\/\/fuglebutikken.no\/en\/butikk\/fugl-som-hobby\/fugl\/spise\/fuglemat-til-undulater-papeg-yer-og-burfugler\/fuglepatee\/patee-prestige-gold-kanari-250g\/","title":{"rendered":"Patee prestige gold kanari 250g"},"content":{"rendered":"<p class=\"MsoNormal\"><span style=\"font-family: &quot;Segoe UI&quot;; background-image: initial; background-position: initial; background-size: initial; background-repeat: initial; background-attachment: initial; background-origin: initial; background-clip: initial;\">Sammensetning: egg- og eggderivater (min 30%), vegetabilske proteinekstrakter, bakervarer, oljer og fett, honning<\/span><span style=\"font-family: &quot;Segoe UI&quot;; background-image: initial; background-position: initial; background-size: initial; background-repeat: initial; background-attachment: initial; background-origin: initial; background-clip: initial;\">(5.4%)<\/span><span style=\"font-family: &quot;Segoe UI&quot;; background-image: initial; background-position: initial; background-size: initial; background-repeat: initial; background-attachment: initial; background-origin: initial; background-clip: initial;\">, forskjellige sukkerarter, mineraler, fr\u00f8, FOS<\/span><span style=\"font-family: &quot;Segoe UI&quot;; background-image: initial; background-position: initial; background-size: initial; background-repeat: initial; background-attachment: initial; background-origin: initial; background-clip: initial;\">&nbsp;(0,2%)<\/span><span style=\"font-family: &quot;Segoe UI&quot;; background-image: initial; background-position: initial; background-size: initial; background-repeat: initial; background-attachment: initial; background-origin: initial; background-clip: initial;\">, MOS<\/span><span style=\"font-family: &quot;Segoe UI&quot;; background-image: initial; background-position: initial; background-size: initial; background-repeat: initial; background-attachment: initial; background-origin: initial; background-clip: initial;\">(0,02%)<\/span><\/p>\n<p class=\"MsoNormal\"><span style=\"font-family: &quot;Segoe UI&quot;; background-image: initial; background-position: initial; background-size: initial; background-repeat: initial; background-attachment: initial; background-origin: initial; background-clip: initial;\">Analytiske bestanddeler: protein 1<\/span><span style=\"font-family: &quot;Segoe UI&quot;; background-image: initial; background-position: initial; background-size: initial; background-repeat: initial; background-attachment: initial; background-origin: initial; background-clip: initial;\">6<\/span><span style=\"font-family: &quot;Segoe UI&quot;; background-image: initial; background-position: initial; background-size: initial; background-repeat: initial; background-attachment: initial; background-origin: initial; background-clip: initial;\">,50%, fettinnhold 16%, r\u00e5 fiber 2%, r\u00e5 aske <\/span><span style=\"font-family: &quot;Segoe UI&quot;; background-image: initial; background-position: initial; background-size: initial; background-repeat: initial; background-attachment: initial; background-origin: initial; background-clip: initial;\">6<\/span><span style=\"font-family: &quot;Segoe UI&quot;; background-image: initial; background-position: initial; background-size: initial; background-repeat: initial; background-attachment: initial; background-origin: initial; background-clip: initial;\">%, kalsium 1,<\/span><span style=\"font-family: &quot;Segoe UI&quot;; background-image: initial; background-position: initial; background-size: initial; background-repeat: initial; background-attachment: initial; background-origin: initial; background-clip: initial;\">3<\/span><span style=\"font-family: &quot;Segoe UI&quot;; background-image: initial; background-position: initial; background-size: initial; background-repeat: initial; background-attachment: initial; background-origin: initial; background-clip: initial;\">0%, fosfor 0,<\/span><span style=\"font-family: &quot;Segoe UI&quot;; background-image: initial; background-position: initial; background-size: initial; background-repeat: initial; background-attachment: initial; background-origin: initial; background-clip: initial;\">5<\/span><span style=\"font-family: &quot;Segoe UI&quot;; background-image: initial; background-position: initial; background-size: initial; background-repeat: initial; background-attachment: initial; background-origin: initial; background-clip: initial;\">0%, lysin 0,<\/span><span style=\"font-family: &quot;Segoe UI&quot;; background-image: initial; background-position: initial; background-size: initial; background-repeat: initial; background-attachment: initial; background-origin: initial; background-clip: initial;\">79<\/span><span style=\"font-family: &quot;Segoe UI&quot;; background-image: initial; background-position: initial; background-size: initial; background-repeat: initial; background-attachment: initial; background-origin: initial; background-clip: initial;\">%, metionin 0,30%<\/span><span style=\"font-family: sans-serif; color: rgb(35, 31, 32); background-image: initial; background-position: initial; background-size: initial; background-repeat: initial; background-attachment: initial; background-origin: initial; background-clip: initial;\"><o:p><\/o:p><\/span><\/p>","protected":false},"excerpt":{"rendered":"<p>Patee prestige gold kanari 250g<\/p>\n<p id=\"tw-target-text\" class=\"tw-data-text tw-text-large XcVN5d tw-ta\" dir=\"ltr\" data-placeholder=\"Oversettelse\"><span class=\"Y2IQFc\" lang=\"no\">Eggemat er viktig i hekketiden men ogs\u00e5 resten av \u00e5ret er det en kilde til ekstra n\u00e6ringsstoffer. <\/span><\/p>\n<ul>\n<li class=\"tw-data-text tw-text-large XcVN5d tw-ta\" data-placeholder=\"Oversettelse\"><span class=\"Y2IQFc\" lang=\"no\">Fuktet med 100% naturlig honning. <\/span><\/li>\n<li class=\"tw-data-text tw-text-large XcVN5d tw-ta\" data-placeholder=\"Oversettelse\"><span class=\"Y2IQFc\" lang=\"no\">Inneholder ikke tilsatte fargestoffer eller \u03b2-karoten, for \u00e5 forhindre u\u00f8nsket tilleggsfarging. <\/span><\/li>\n<li class=\"tw-data-text tw-text-large XcVN5d tw-ta\" data-placeholder=\"Oversettelse\"><span class=\"Y2IQFc\" lang=\"no\">Med ekstra tilsatt lysin og metionin for optimal vekst og fj\u00e6ring.<\/span><\/li>\n<\/ul>","protected":false},"featured_media":15311,"comment_status":"closed","ping_status":"closed","template":"","meta":{"content-type":"","_uf_show_specific_survey":0,"_uf_disable_surveys":false,"_monsterinsights_skip_tracking":false,"_monsterinsights_sitenote_active":false,"_monsterinsights_sitenote_note":"","_monsterinsights_sitenote_category":0},"pwb-brand":[673],"product_brand":[],"product_cat":[41,1147,113],"product_tag":[],"woo-feed-brand":[],"class_list":{"0":"post-455","1":"product","2":"type-product","3":"status-publish","4":"has-post-thumbnail","6":"pwb-brand-versele-laga","7":"product_cat-fugl","8":"product_cat-fugl-som-hobby","9":"product_cat-fuglepatee","11":"first","12":"instock","13":"taxable","14":"shipping-taxable","15":"purchasable","16":"product-type-simple"},"exclude_global_add_ons":[],"addons":[],"brands":[{"id":673,"name":"Versele-Laga","slug":"versele-laga"}],"_links":{"self":[{"href":"https:\/\/fuglebutikken.no\/en\/wp-json\/wp\/v2\/product\/455","targetHints":{"allow":["GET"]}}],"collection":[{"href":"https:\/\/fuglebutikken.no\/en\/wp-json\/wp\/v2\/product"}],"about":[{"href":"https:\/\/fuglebutikken.no\/en\/wp-json\/wp\/v2\/types\/product"}],"replies":[{"embeddable":true,"href":"https:\/\/fuglebutikken.no\/en\/wp-json\/wp\/v2\/comments?post=455"}],"wp:featuredmedia":[{"embeddable":true,"href":"https:\/\/fuglebutikken.no\/en\/wp-json\/wp\/v2\/media\/15311"}],"wp:attachment":[{"href":"https:\/\/fuglebutikken.no\/en\/wp-json\/wp\/v2\/media?parent=455"}],"wp:term":[{"taxonomy":"pwb-brand","embeddable":true,"href":"https:\/\/fuglebutikken.no\/en\/wp-json\/wp\/v2\/pwb-brand?post=455"},{"taxonomy":"product_brand","embeddable":true,"href":"https:\/\/fuglebutikken.no\/en\/wp-json\/wp\/v2\/product_brand?post=455"},{"taxonomy":"product_cat","embeddable":true,"href":"https:\/\/fuglebutikken.no\/en\/wp-json\/wp\/v2\/product_cat?post=455"},{"taxonomy":"product_tag","embeddable":true,"href":"https:\/\/fuglebutikken.no\/en\/wp-json\/wp\/v2\/product_tag?post=455"},{"taxonomy":"woo-feed-brand","embeddable":true,"href":"https:\/\/fuglebutikken.no\/en\/wp-json\/wp\/v2\/woo-feed-brand?post=455"}],"curies":[{"name":"wp","href":"https:\/\/api.w.org\/{rel}","templated":true}]}}