{"id":453,"date":"2020-02-22T18:10:54","date_gmt":"2020-02-22T17:10:54","guid":{"rendered":"https:\/\/274105-www.web.tornado-node.net\/fugl\/product\/patee-prestige-gold-papegoyer-1kg\/"},"modified":"2026-01-02T08:14:18","modified_gmt":"2026-01-02T07:14:18","slug":"nutribird-gold-patee-parakitt-og-papegyer-1kg","status":"publish","type":"product","link":"https:\/\/fuglebutikken.no\/en\/butikk\/fugl-som-hobby\/fugl\/spise\/fuglemat-til-undulater-papeg-yer-og-burfugler\/fuglepatee\/nutribird-gold-patee-parakitt-og-papegyer-1kg\/","title":{"rendered":"Nutribird Gold Patee parakitt og papeg\u00f8yer 1kg"},"content":{"rendered":"<h3 class=\"\">Nutribird Gold Patee parakitt og papeg\u00f8yer 1kg<\/h3>\n<p><b style=\"font-size: 1rem;\"><br \/>Ferdig eggf\u00f4r for store papeg\u00f8yer og parakitter<br \/><\/b><span style=\"font-size: 1rem;\">N\u00e6ringsrikt eggf\u00f4r beriket med naturlig honning, frukt, gammarus og viktige aminosyrer for optimal vekst, fj\u00e6rdrakt og helse. Inneholder Omega-3 for immunforsvar og glansfull pels, samt prebiotika som st\u00f8tter ford\u00f8yelsen. Perfekt b\u00e5de under hekkesesongen og \u00e5ret rundt.<\/span><\/p>\n<p data-start=\"102\" data-end=\"364\"><b>SAMMENSETNING:<\/b><br data-start=\"120\" data-end=\"123\"><br \/>\nEgg og eggederivater, bakeriprodukter, oljer og fett, vegetabilske proteinekstrakter, kornprodukter, frukt, honning, ulike sukkerarter, mineraler, bl\u00f8tdyr og krepsdyr, fr\u00f8, insekter, FOS (frukto-oligosakkarider), MOS (mannan-oligosakkarider)<\/p>\n<p data-start=\"366\" data-end=\"575\"><b>ANALYTISKE BESTANDDELER:<\/b><br data-start=\"394\" data-end=\"397\"><br \/>\nProtein 17,00 %, fettinnhold 16,00 %, r\u00e5fiber 2,00 %, r\u00e5aske 6,00 %, kalsium 1,30 %, fosfor 0,50 %, lysin 0,95 %, metionin 0,35 %, treonin 0,60 %, tryptofan 0,20 %, cystin 0,30 %<\/p>\n<p id=\"tw-target-text\" class=\"tw-data-text tw-text-large XcVN5d tw-ta\" dir=\"ltr\" data-placeholder=\"Oversettelse\">\n<p data-start=\"577\" data-end=\"1105\"><b>TILSETNINGSSTOFFER \/ KG \u2013 N\u00c6RINGSMESSIGE TILSETNINGSSTOFFER:<\/b><br data-start=\"641\" data-end=\"644\"><br \/>\nVitamin A 15 600 IE, \u03b2-karoten 8,60 mg, vitamin D3 1 850 IE, vitamin E 345,00 mg, vitamin K3 3,00 mg, vitamin B1 7,20 mg, vitamin B2 16,00 mg, kalsium-D-pantotenat 20,00 mg, vitamin B6 6,00 mg, vitamin B12 0,03 mg, niacin 65,00 mg, vitamin C 75,00 mg, kolinklorid 1 200 mg, folsyre 1,20 mg, biotin 0,20 mg, L-karnitin 75,00 mg, jern (3b103) 50,00 mg, jod (3b202) 2,00 mg, kobber (E4) 10,00 mg, mangan (3b502) 100,00 mg, sink (3b603) 97,00 mg, selen (E8) 0,20 mg<\/p>","protected":false},"excerpt":{"rendered":"<h3 class=\"\">Nutribird Gold Patee parakitt og papeg\u00f8yer 1kg<\/h3>\n<p id=\"tw-target-text\" class=\"tw-data-text tw-text-large XcVN5d tw-ta\" dir=\"ltr\" data-placeholder=\"Oversettelse\">\n<ul data-start=\"128\" data-end=\"491\">\n<li data-start=\"128\" data-end=\"193\">\n<p data-start=\"130\" data-end=\"193\">Essensielt under hekkesesongen og hele \u00e5ret som ekstra n\u00e6ring<\/p>\n<\/li>\n<li data-start=\"194\" data-end=\"263\">\n<p data-start=\"196\" data-end=\"263\">Inneholder naturlig honning, nyper, rogneb\u00e6r, rosiner og gammarus<\/p>\n<\/li>\n<li data-start=\"264\" data-end=\"326\">\n<p data-start=\"266\" data-end=\"326\">Beriket med lysin og metionin for bedre vekst og fj\u00e6rdrakt<\/p>\n<\/li>\n<li data-start=\"327\" data-end=\"382\">\n<p data-start=\"329\" data-end=\"382\">Omega-3 for helse, immunitet og glansfull fj\u00e6rdrakt<\/p>\n<\/li>\n<li data-start=\"383\" data-end=\"443\">\n<p data-start=\"385\" data-end=\"443\">L-karnitin for \u00f8kt energi og st\u00f8tte til ungfuglers vekst<\/p>\n<\/li>\n<li data-start=\"444\" data-end=\"491\">\n<p data-start=\"446\" data-end=\"491\">Prebiotika (FOS og MOS) for optimal tarmhelse<\/p>\n<\/li>\n<\/ul>\n<ul>\n<\/ul>","protected":false},"featured_media":26121,"comment_status":"closed","ping_status":"closed","template":"","meta":{"content-type":"","_uf_show_specific_survey":0,"_uf_disable_surveys":false,"_monsterinsights_skip_tracking":false,"_monsterinsights_sitenote_active":false,"_monsterinsights_sitenote_note":"","_monsterinsights_sitenote_category":0},"pwb-brand":[673],"product_brand":[],"product_cat":[41,1147,3299,113],"product_tag":[2132,581],"woo-feed-brand":[],"class_list":{"0":"post-453","1":"product","2":"type-product","3":"status-publish","4":"has-post-thumbnail","6":"pwb-brand-versele-laga","7":"product_cat-fugl","8":"product_cat-fugl-som-hobby","9":"product_cat-spise","10":"product_cat-fuglepatee","11":"product_tag-fuglemat-og-fuglef-or","12":"product_tag-papegoye","14":"first","15":"outofstock","16":"taxable","17":"shipping-taxable","18":"purchasable","19":"product-type-simple"},"exclude_global_add_ons":[],"addons":[],"brands":[{"id":673,"name":"Versele-Laga","slug":"versele-laga"}],"_links":{"self":[{"href":"https:\/\/fuglebutikken.no\/en\/wp-json\/wp\/v2\/product\/453","targetHints":{"allow":["GET"]}}],"collection":[{"href":"https:\/\/fuglebutikken.no\/en\/wp-json\/wp\/v2\/product"}],"about":[{"href":"https:\/\/fuglebutikken.no\/en\/wp-json\/wp\/v2\/types\/product"}],"replies":[{"embeddable":true,"href":"https:\/\/fuglebutikken.no\/en\/wp-json\/wp\/v2\/comments?post=453"}],"wp:featuredmedia":[{"embeddable":true,"href":"https:\/\/fuglebutikken.no\/en\/wp-json\/wp\/v2\/media\/26121"}],"wp:attachment":[{"href":"https:\/\/fuglebutikken.no\/en\/wp-json\/wp\/v2\/media?parent=453"}],"wp:term":[{"taxonomy":"pwb-brand","embeddable":true,"href":"https:\/\/fuglebutikken.no\/en\/wp-json\/wp\/v2\/pwb-brand?post=453"},{"taxonomy":"product_brand","embeddable":true,"href":"https:\/\/fuglebutikken.no\/en\/wp-json\/wp\/v2\/product_brand?post=453"},{"taxonomy":"product_cat","embeddable":true,"href":"https:\/\/fuglebutikken.no\/en\/wp-json\/wp\/v2\/product_cat?post=453"},{"taxonomy":"product_tag","embeddable":true,"href":"https:\/\/fuglebutikken.no\/en\/wp-json\/wp\/v2\/product_tag?post=453"},{"taxonomy":"woo-feed-brand","embeddable":true,"href":"https:\/\/fuglebutikken.no\/en\/wp-json\/wp\/v2\/woo-feed-brand?post=453"}],"curies":[{"name":"wp","href":"https:\/\/api.w.org\/{rel}","templated":true}]}}