{"id":449,"date":"2020-02-22T18:10:54","date_gmt":"2020-02-22T17:10:54","guid":{"rendered":"https:\/\/274105-www.web.tornado-node.net\/fugl\/product\/orlux-eggfor-par-pap-gold-pate-250gr\/"},"modified":"2025-07-09T14:01:17","modified_gmt":"2025-07-09T12:01:17","slug":"nutribird-eggfoder-parpap-gold-patee-250gr","status":"publish","type":"product","link":"https:\/\/fuglebutikken.no\/en\/butikk\/fugl-som-hobby\/fugl\/spise\/fuglemat-til-undulater-papeg-yer-og-burfugler\/fuglepatee\/nutribird-eggfoder-parpap-gold-patee-250gr\/","title":{"rendered":"Nutribird Eggfoder Par\/pap Gold Patee 250gr"},"content":{"rendered":"<h3 class=\"\">Nutribird Eggfoder Par\/pap Gold Patee 250gr<br \/><\/h3>\n<p data-start=\"38\" data-end=\"372\"><b>En n\u00e6ringsrik og velsmakende boost for fuglenes diett<\/b><br data-start=\"95\" data-end=\"98\"><br \/>\nDette eggf\u00f4ret inneholder alle essensielle n\u00e6ringsstoffer for \u00e5 holde fuglene i toppform hver dag. Beriket med naturlig honning, nyper, rogneb\u00e6r og rosiner, samt gammarus som en ekstra kilde til animalsk protein. Inneholder lysin og metionin for optimal vekst og fj\u00e6rdrakt.<\/p>\n<\/p>\n<ul data-start=\"374\" data-end=\"590\">\n<li data-start=\"374\" data-end=\"463\">\n<p data-start=\"376\" data-end=\"463\"><b>Opti Condition:<\/b> St\u00f8tter generelt velv\u00e6re med vitaminer, mineraler og sporstoffer.<\/p>\n<\/li>\n<li data-start=\"464\" data-end=\"523\">\n<p data-start=\"466\" data-end=\"523\"><b>Opti Digest: <\/b>Prebiotika og MOS for bedre tarmhelse.<\/p>\n<\/li>\n<li data-start=\"524\" data-end=\"590\">\n<p data-start=\"526\" data-end=\"590\"><b>Opti Feather:<\/b> Alle n\u00f8dvendige n\u00e6ringsstoffer for vakre fj\u00e6r.<\/p>\n<\/li>\n<\/ul>\n<p data-start=\"85\" data-end=\"352\"><b>Sammensetning<\/b><br data-start=\"102\" data-end=\"105\"><br \/>\nEgg og eggederivater, bakeriprodukter, oljer og fett, vegetabilske proteinekstrakter, kornprodukter, frukt (rosiner 2,9 %, nyper 2,3 %, rogneb\u00e6r 1,2 %), honning, sukkerarter, mineraler, bl\u00f8tdyr og krepsdyr, fr\u00f8, insekter, FOS (0,2 %), MOS (0,02 %)<\/p>\n<hr data-start=\"354\" data-end=\"357\">\n<p data-start=\"359\" data-end=\"567\"><b>Analytiske bestanddeler<\/b><br data-start=\"386\" data-end=\"389\"><br \/>\nProtein 16,00 %, fettinnhold 16,00 %, r\u00e5fiber 2,00 %, r\u00e5aske 6,00 %, kalsium 1,30 %, fosfor 0,50 %, lysin 0,88 %, metionin 0,31 %, treonin 0,52 %, tryptofan 0,16 %, cystin 0,26 %<\/p>\n<hr data-start=\"569\" data-end=\"572\">\n<p data-start=\"574\" data-end=\"601\"><b>Tilsetningsstoffer \/ kg<\/b><\/p>\n<p data-start=\"603\" data-end=\"1111\"><b>N\u00e6ringsmessige tilsetningsstoffer<\/b><br data-start=\"638\" data-end=\"641\"><br \/>\nVitamin A 15 600 IE, beta-karoten 8,65 mg, vitamin D3 1 875 IE, vitamin E 345,00 mg, vitamin K3 3,00 mg, vitamin B1 7,20 mg, vitamin B2 16,00 mg, kalsium-D-pantotenat 20,00 mg, vitamin B6 6,00 mg, vitamin B12 0,03 mg, niacin 65,00 mg, vitamin C 75,00 mg, kolinklorid 1 200 mg, folsyre 1,20 mg, biotin 0,20 mg, L-karnitin 75,00 mg, jern (3b103) 50,00 mg, jod (3b202) 2,00 mg, kobber (3b405) 10,00 mg, mangan (3b502) 100,00 mg, sink (3b603) 97,00 mg, selen (3b801) 0,20 mg<\/p>\n<p data-start=\"1118\" data-end=\"1191\"><\/p>\n<\/p>\n<p data-start=\"1193\" data-end=\"1241\"><\/p>","protected":false},"excerpt":{"rendered":"<h3 class=\"\">Nutribird Eggfoder Par\/pap Gold Patee 250gr<\/h3>\n<ul>\n<li><span style=\"font-size: 1rem;\">N\u00e6ringsrik og velsmakende: Inneholder alle essensielle n\u00e6ringsstoffer for topp helse hver dag.<\/span><\/li>\n<li><span style=\"font-size: 1rem;\">Beriket med naturlige ingredienser: Inkluderer honning, nyper, rogneb\u00e6r, rosiner og gammarus for ekstra proteiner.<\/span><\/li>\n<li><span style=\"font-size: 1rem;\">Opti Condition: St\u00f8tter fuglens generelle helse med vitaminer, mineraler og sporstoffer.<\/span><\/li>\n<li><span style=\"font-size: 1rem;\">Opti Digest: Prebiotika og MOS som forbedrer tarmfloraen og ford\u00f8yelsen.<\/span><\/li>\n<li><span style=\"font-size: 1rem;\">Opti Feather: Gir alle n\u00f8dvendige n\u00e6ringsstoffer for en vakker og sunn fj\u00e6rdrakt.<\/span><\/li>\n<\/ul>","protected":false},"featured_media":20504,"comment_status":"closed","ping_status":"closed","template":"","meta":{"content-type":"","_uf_show_specific_survey":0,"_uf_disable_surveys":false,"_monsterinsights_skip_tracking":false,"_monsterinsights_sitenote_active":false,"_monsterinsights_sitenote_note":"","_monsterinsights_sitenote_category":0},"pwb-brand":[673],"product_brand":[],"product_cat":[41,1147,113],"product_tag":[],"woo-feed-brand":[],"class_list":{"0":"post-449","1":"product","2":"type-product","3":"status-publish","4":"has-post-thumbnail","6":"pwb-brand-versele-laga","7":"product_cat-fugl","8":"product_cat-fugl-som-hobby","9":"product_cat-fuglepatee","11":"first","12":"outofstock","13":"taxable","14":"shipping-taxable","15":"purchasable","16":"product-type-simple"},"exclude_global_add_ons":[],"addons":[],"brands":[{"id":673,"name":"Versele-Laga","slug":"versele-laga"}],"_links":{"self":[{"href":"https:\/\/fuglebutikken.no\/en\/wp-json\/wp\/v2\/product\/449","targetHints":{"allow":["GET"]}}],"collection":[{"href":"https:\/\/fuglebutikken.no\/en\/wp-json\/wp\/v2\/product"}],"about":[{"href":"https:\/\/fuglebutikken.no\/en\/wp-json\/wp\/v2\/types\/product"}],"replies":[{"embeddable":true,"href":"https:\/\/fuglebutikken.no\/en\/wp-json\/wp\/v2\/comments?post=449"}],"wp:featuredmedia":[{"embeddable":true,"href":"https:\/\/fuglebutikken.no\/en\/wp-json\/wp\/v2\/media\/20504"}],"wp:attachment":[{"href":"https:\/\/fuglebutikken.no\/en\/wp-json\/wp\/v2\/media?parent=449"}],"wp:term":[{"taxonomy":"pwb-brand","embeddable":true,"href":"https:\/\/fuglebutikken.no\/en\/wp-json\/wp\/v2\/pwb-brand?post=449"},{"taxonomy":"product_brand","embeddable":true,"href":"https:\/\/fuglebutikken.no\/en\/wp-json\/wp\/v2\/product_brand?post=449"},{"taxonomy":"product_cat","embeddable":true,"href":"https:\/\/fuglebutikken.no\/en\/wp-json\/wp\/v2\/product_cat?post=449"},{"taxonomy":"product_tag","embeddable":true,"href":"https:\/\/fuglebutikken.no\/en\/wp-json\/wp\/v2\/product_tag?post=449"},{"taxonomy":"woo-feed-brand","embeddable":true,"href":"https:\/\/fuglebutikken.no\/en\/wp-json\/wp\/v2\/woo-feed-brand?post=449"}],"curies":[{"name":"wp","href":"https:\/\/api.w.org\/{rel}","templated":true}]}}