{"id":447,"date":"2020-02-22T18:10:54","date_gmt":"2020-02-22T17:10:54","guid":{"rendered":"https:\/\/274105-www.web.tornado-node.net\/fugl\/product\/patee-prestige-gold-undulat-og-parakitt-250g\/"},"modified":"2025-06-28T17:18:13","modified_gmt":"2025-06-28T15:18:13","slug":"nutribird-gold-patee-250g","status":"publish","type":"product","link":"https:\/\/fuglebutikken.no\/en\/butikk\/fugl-som-hobby\/fugl\/spise\/fuglemat-til-undulater-papeg-yer-og-burfugler\/fuglepatee\/nutribird-gold-patee-250g\/","title":{"rendered":"Nutribird Gold patee 250g"},"content":{"rendered":"<p data-start=\"41\" data-end=\"282\"><b>Sammensetning<\/b><br data-start=\"58\" data-end=\"61\"><br \/>\nEgg og eggederivater (min. 30%), vegetabilske proteinekstrakter, korn (hirse 3%, mais 5,8%), oljer og fett, bakeriprodukter, fr\u00f8 (bokhvete 2%, nigerfr\u00f8 0,8%), honning (5%), sukkerarter, mineraler, FOS (0,2%), MOS (0,02%).<\/p>\n<p data-start=\"284\" data-end=\"433\"><b>Analytiske bestanddeler<\/b><br data-start=\"311\" data-end=\"314\"><br \/>\nR\u00e5protein 16,00%, r\u00e5fett 16,00%, r\u00e5fiber 2,00%, r\u00e5aske 6,00%, kalsium 1,30%, fosfor 0,50%, lysin 0,88%, metionin 0,31%.<\/p>\n<p data-start=\"435\" data-end=\"958\"><b>Tilsetningsstoffer per kg<br data-start=\"464\" data-end=\"467\"><br \/>\nN\u00e6ringsstoffer<\/b><br data-start=\"485\" data-end=\"488\"><br \/>\nVitamin A 15 600 IE, betakaroten 8,65 mg, vitamin D3 1 875 IE, vitamin E 345,00 mg, vitamin K3 3,00 mg, vitamin B1 7,20 mg, vitamin B2 16,00 mg, kalsium D-pantotenat 20,00 mg, vitamin B6 6,00 mg, vitamin B12 0,03 mg, niacin 65,00 mg, vitamin C 75,00 mg, kolinklorid 1 200 mg, folsyre 1,20 mg, biotin 0,20 mg, L-karnitin 75,00 mg, jern (3b103) 50,00 mg, jod (3b202) 2,00 mg, kobber (3b405) 10,00 mg, mangan (3b502) 100,00 mg, sink (3b603) 97,00 mg, selen (3b801) 0,20 mg.<\/p>\n<p data-start=\"960\" data-end=\"1034\"><b>Teknologiske tilsetningsstoffer<\/b><br data-start=\"995\" data-end=\"998\"><br \/>\nKonserveringsmidler, antioksidanter.<\/p>\n<p data-start=\"0\" data-end=\"228\">\n<p data-start=\"1036\" data-end=\"1104\" data-is-last-node=\"\" data-is-only-node=\"\"><b>Sensoriske tilsetningsstoffer<\/b><br data-start=\"1069\" data-end=\"1072\"><br \/>\nFargestoffer, smakstilsetninger.<\/p>","protected":false},"excerpt":{"rendered":"<\/p>\n<p><ul><\/ul>\n<\/p>\n<h3 class=\"\">Nutribird Gold patee 250g&nbsp;<br \/><\/h3>\n<ul>\n<li>Fullverdig n\u00e6ring \u2013 Gir alle n\u00f8dvendige n\u00e6ringsstoffer for \u00e5 holde fuglene i topp form.<\/li>\n<li><span style=\"font-size: 1rem;\">100% naturlig honning \u2013 Fuktet med honning for ekstra smak og helsefordeler.<\/span><\/li>\n<li><span style=\"font-size: 1rem;\">Ekstra jod \u2013 Bidrar til god skjoldbruskkjertelfunksjon.<\/span><\/li>\n<li><span style=\"font-size: 1rem;\">Lysin og metionin \u2013 St\u00f8tter optimal vekst og sunn fj\u00e6rdrakt.<\/span><\/li>\n<li><span style=\"font-size: 1rem;\">Daglig helsest\u00f8tte \u2013 Perfekt for \u00e5 gi fuglene en n\u00e6ringsrik og velsmakende kostholdsbost.<\/span><\/li>\n<\/ul>","protected":false},"featured_media":20332,"comment_status":"closed","ping_status":"closed","template":"","meta":{"content-type":"","_uf_show_specific_survey":0,"_uf_disable_surveys":false,"_monsterinsights_skip_tracking":false,"_monsterinsights_sitenote_active":false,"_monsterinsights_sitenote_note":"","_monsterinsights_sitenote_category":0},"pwb-brand":[673],"product_brand":[],"product_cat":[41,1147,113],"product_tag":[96],"woo-feed-brand":[],"class_list":{"0":"post-447","1":"product","2":"type-product","3":"status-publish","4":"has-post-thumbnail","6":"pwb-brand-versele-laga","7":"product_cat-fugl","8":"product_cat-fugl-som-hobby","9":"product_cat-fuglepatee","10":"product_tag-undulat","12":"first","13":"instock","14":"taxable","15":"shipping-taxable","16":"purchasable","17":"product-type-simple"},"exclude_global_add_ons":[],"addons":[],"brands":[{"id":673,"name":"Versele-Laga","slug":"versele-laga"}],"_links":{"self":[{"href":"https:\/\/fuglebutikken.no\/en\/wp-json\/wp\/v2\/product\/447","targetHints":{"allow":["GET"]}}],"collection":[{"href":"https:\/\/fuglebutikken.no\/en\/wp-json\/wp\/v2\/product"}],"about":[{"href":"https:\/\/fuglebutikken.no\/en\/wp-json\/wp\/v2\/types\/product"}],"replies":[{"embeddable":true,"href":"https:\/\/fuglebutikken.no\/en\/wp-json\/wp\/v2\/comments?post=447"}],"wp:featuredmedia":[{"embeddable":true,"href":"https:\/\/fuglebutikken.no\/en\/wp-json\/wp\/v2\/media\/20332"}],"wp:attachment":[{"href":"https:\/\/fuglebutikken.no\/en\/wp-json\/wp\/v2\/media?parent=447"}],"wp:term":[{"taxonomy":"pwb-brand","embeddable":true,"href":"https:\/\/fuglebutikken.no\/en\/wp-json\/wp\/v2\/pwb-brand?post=447"},{"taxonomy":"product_brand","embeddable":true,"href":"https:\/\/fuglebutikken.no\/en\/wp-json\/wp\/v2\/product_brand?post=447"},{"taxonomy":"product_cat","embeddable":true,"href":"https:\/\/fuglebutikken.no\/en\/wp-json\/wp\/v2\/product_cat?post=447"},{"taxonomy":"product_tag","embeddable":true,"href":"https:\/\/fuglebutikken.no\/en\/wp-json\/wp\/v2\/product_tag?post=447"},{"taxonomy":"woo-feed-brand","embeddable":true,"href":"https:\/\/fuglebutikken.no\/en\/wp-json\/wp\/v2\/woo-feed-brand?post=447"}],"curies":[{"name":"wp","href":"https:\/\/api.w.org\/{rel}","templated":true}]}}